{"id":547,"date":"2022-01-30T20:40:53","date_gmt":"2022-01-30T20:40:53","guid":{"rendered":"https:\/\/www.karekod.org\/wabimenu\/?post_type=product&#038;p=547"},"modified":"2022-02-08T08:45:23","modified_gmt":"2022-02-08T08:45:23","slug":"kakao-yagi-50ml","status":"publish","type":"product","link":"https:\/\/www.karekod.org\/wabimenu\/urun\/kakao-yagi-50ml\/","title":{"rendered":"Kakao Ya\u011f\u0131 50ml"},"content":{"rendered":"","protected":false},"excerpt":{"rendered":"","protected":false},"featured_media":0,"comment_status":"open","ping_status":"closed","template":"","meta":[],"product_cat":[25],"product_tag":[],"class_list":["post-547","product","type-product","status-publish","hentry","product_cat-50ml-soguk-sikim-yaglar"],"yoast_head":"<!-- This site is optimized with the Yoast SEO plugin v18.2 - https:\/\/yoast.com\/wordpress\/plugins\/seo\/ -->\n<title>Kakao Ya\u011f\u0131 50ml - Wabi Sabi<\/title>\n<meta name=\"robots\" content=\"index, follow, max-snippet:-1, max-image-preview:large, max-video-preview:-1\" \/>\n<link rel=\"canonical\" href=\"https:\/\/www.karekod.org\/wabimenu\/urun\/kakao-yagi-50ml\/\" \/>\n<meta property=\"og:locale\" content=\"tr_TR\" \/>\n<meta property=\"og:type\" content=\"article\" \/>\n<meta property=\"og:title\" content=\"Kakao Ya\u011f\u0131 50ml - Wabi Sabi\" \/>\n<meta property=\"og:url\" content=\"https:\/\/www.karekod.org\/wabimenu\/urun\/kakao-yagi-50ml\/\" \/>\n<meta property=\"og:site_name\" content=\"Wabi Sabi\" \/>\n<meta property=\"article:modified_time\" content=\"2022-02-08T08:45:23+00:00\" \/>\n<meta name=\"twitter:card\" content=\"summary_large_image\" \/>\n<script type=\"application\/ld+json\" class=\"yoast-schema-graph\">{\"@context\":\"https:\/\/schema.org\",\"@graph\":[{\"@type\":\"WebSite\",\"@id\":\"https:\/\/www.karekod.org\/wabimenu\/#website\",\"url\":\"https:\/\/www.karekod.org\/wabimenu\/\",\"name\":\"Wabi Sabi\",\"description\":\"Do\u011fal \u015eeyler - At\u00f6lye &amp; Mutfak\",\"potentialAction\":[{\"@type\":\"SearchAction\",\"target\":{\"@type\":\"EntryPoint\",\"urlTemplate\":\"https:\/\/www.karekod.org\/wabimenu\/?s={search_term_string}\"},\"query-input\":\"required name=search_term_string\"}],\"inLanguage\":\"tr\"},{\"@type\":\"WebPage\",\"@id\":\"https:\/\/www.karekod.org\/wabimenu\/urun\/kakao-yagi-50ml\/#webpage\",\"url\":\"https:\/\/www.karekod.org\/wabimenu\/urun\/kakao-yagi-50ml\/\",\"name\":\"Kakao Ya\u011f\u0131 50ml - Wabi Sabi\",\"isPartOf\":{\"@id\":\"https:\/\/www.karekod.org\/wabimenu\/#website\"},\"datePublished\":\"2022-01-30T20:40:53+00:00\",\"dateModified\":\"2022-02-08T08:45:23+00:00\",\"breadcrumb\":{\"@id\":\"https:\/\/www.karekod.org\/wabimenu\/urun\/kakao-yagi-50ml\/#breadcrumb\"},\"inLanguage\":\"tr\",\"potentialAction\":[{\"@type\":\"ReadAction\",\"target\":[\"https:\/\/www.karekod.org\/wabimenu\/urun\/kakao-yagi-50ml\/\"]}]},{\"@type\":\"BreadcrumbList\",\"@id\":\"https:\/\/www.karekod.org\/wabimenu\/urun\/kakao-yagi-50ml\/#breadcrumb\",\"itemListElement\":[{\"@type\":\"ListItem\",\"position\":1,\"name\":\"Anasayfa\",\"item\":\"https:\/\/www.karekod.org\/wabimenu\/\"},{\"@type\":\"ListItem\",\"position\":2,\"name\":\"Ma\u011faza\",\"item\":\"https:\/\/www.karekod.org\/wabimenu\/magaza\/\"},{\"@type\":\"ListItem\",\"position\":3,\"name\":\"Kakao Ya\u011f\u0131 50ml\"}]}]}<\/script>\n<!-- \/ Yoast SEO plugin. -->","yoast_head_json":{"title":"Kakao Ya\u011f\u0131 50ml - Wabi Sabi","robots":{"index":"index","follow":"follow","max-snippet":"max-snippet:-1","max-image-preview":"max-image-preview:large","max-video-preview":"max-video-preview:-1"},"canonical":"https:\/\/www.karekod.org\/wabimenu\/urun\/kakao-yagi-50ml\/","og_locale":"tr_TR","og_type":"article","og_title":"Kakao Ya\u011f\u0131 50ml - Wabi Sabi","og_url":"https:\/\/www.karekod.org\/wabimenu\/urun\/kakao-yagi-50ml\/","og_site_name":"Wabi Sabi","article_modified_time":"2022-02-08T08:45:23+00:00","twitter_card":"summary_large_image","schema":{"@context":"https:\/\/schema.org","@graph":[{"@type":"WebSite","@id":"https:\/\/www.karekod.org\/wabimenu\/#website","url":"https:\/\/www.karekod.org\/wabimenu\/","name":"Wabi Sabi","description":"Do\u011fal \u015eeyler - At\u00f6lye &amp; Mutfak","potentialAction":[{"@type":"SearchAction","target":{"@type":"EntryPoint","urlTemplate":"https:\/\/www.karekod.org\/wabimenu\/?s={search_term_string}"},"query-input":"required name=search_term_string"}],"inLanguage":"tr"},{"@type":"WebPage","@id":"https:\/\/www.karekod.org\/wabimenu\/urun\/kakao-yagi-50ml\/#webpage","url":"https:\/\/www.karekod.org\/wabimenu\/urun\/kakao-yagi-50ml\/","name":"Kakao Ya\u011f\u0131 50ml - Wabi Sabi","isPartOf":{"@id":"https:\/\/www.karekod.org\/wabimenu\/#website"},"datePublished":"2022-01-30T20:40:53+00:00","dateModified":"2022-02-08T08:45:23+00:00","breadcrumb":{"@id":"https:\/\/www.karekod.org\/wabimenu\/urun\/kakao-yagi-50ml\/#breadcrumb"},"inLanguage":"tr","potentialAction":[{"@type":"ReadAction","target":["https:\/\/www.karekod.org\/wabimenu\/urun\/kakao-yagi-50ml\/"]}]},{"@type":"BreadcrumbList","@id":"https:\/\/www.karekod.org\/wabimenu\/urun\/kakao-yagi-50ml\/#breadcrumb","itemListElement":[{"@type":"ListItem","position":1,"name":"Anasayfa","item":"https:\/\/www.karekod.org\/wabimenu\/"},{"@type":"ListItem","position":2,"name":"Ma\u011faza","item":"https:\/\/www.karekod.org\/wabimenu\/magaza\/"},{"@type":"ListItem","position":3,"name":"Kakao Ya\u011f\u0131 50ml"}]}]}},"_links":{"self":[{"href":"https:\/\/www.karekod.org\/wabimenu\/wp-json\/wp\/v2\/product\/547","targetHints":{"allow":["GET"]}}],"collection":[{"href":"https:\/\/www.karekod.org\/wabimenu\/wp-json\/wp\/v2\/product"}],"about":[{"href":"https:\/\/www.karekod.org\/wabimenu\/wp-json\/wp\/v2\/types\/product"}],"replies":[{"embeddable":true,"href":"https:\/\/www.karekod.org\/wabimenu\/wp-json\/wp\/v2\/comments?post=547"}],"wp:attachment":[{"href":"https:\/\/www.karekod.org\/wabimenu\/wp-json\/wp\/v2\/media?parent=547"}],"wp:term":[{"taxonomy":"product_cat","embeddable":true,"href":"https:\/\/www.karekod.org\/wabimenu\/wp-json\/wp\/v2\/product_cat?post=547"},{"taxonomy":"product_tag","embeddable":true,"href":"https:\/\/www.karekod.org\/wabimenu\/wp-json\/wp\/v2\/product_tag?post=547"}],"curies":[{"name":"wp","href":"https:\/\/api.w.org\/{rel}","templated":true}]}}