{"id":499,"date":"2022-01-30T16:58:44","date_gmt":"2022-01-30T16:58:44","guid":{"rendered":"https:\/\/www.karekod.org\/wabimenu\/?post_type=product&#038;p=499"},"modified":"2022-01-30T16:58:44","modified_gmt":"2022-01-30T16:58:44","slug":"nane-yagi","status":"publish","type":"product","link":"https:\/\/www.karekod.org\/wabimenu\/urun\/nane-yagi\/","title":{"rendered":"Nane Ya\u011f\u0131"},"content":{"rendered":"","protected":false},"excerpt":{"rendered":"","protected":false},"featured_media":0,"comment_status":"open","ping_status":"closed","template":"","meta":[],"product_cat":[22],"product_tag":[],"class_list":["post-499","product","type-product","status-publish","hentry","product_cat-distilasyon"],"yoast_head":"<!-- This site is optimized with the Yoast SEO plugin v18.2 - https:\/\/yoast.com\/wordpress\/plugins\/seo\/ -->\n<title>Nane Ya\u011f\u0131 - Wabi Sabi<\/title>\n<meta name=\"robots\" content=\"index, follow, max-snippet:-1, max-image-preview:large, max-video-preview:-1\" \/>\n<link rel=\"canonical\" href=\"https:\/\/www.karekod.org\/wabimenu\/urun\/nane-yagi\/\" \/>\n<meta property=\"og:locale\" content=\"tr_TR\" \/>\n<meta property=\"og:type\" content=\"article\" \/>\n<meta property=\"og:title\" content=\"Nane Ya\u011f\u0131 - Wabi Sabi\" \/>\n<meta property=\"og:url\" content=\"https:\/\/www.karekod.org\/wabimenu\/urun\/nane-yagi\/\" \/>\n<meta property=\"og:site_name\" content=\"Wabi Sabi\" \/>\n<meta name=\"twitter:card\" content=\"summary_large_image\" \/>\n<script type=\"application\/ld+json\" class=\"yoast-schema-graph\">{\"@context\":\"https:\/\/schema.org\",\"@graph\":[{\"@type\":\"WebSite\",\"@id\":\"https:\/\/www.karekod.org\/wabimenu\/#website\",\"url\":\"https:\/\/www.karekod.org\/wabimenu\/\",\"name\":\"Wabi Sabi\",\"description\":\"Do\u011fal \u015eeyler - At\u00f6lye &amp; Mutfak\",\"potentialAction\":[{\"@type\":\"SearchAction\",\"target\":{\"@type\":\"EntryPoint\",\"urlTemplate\":\"https:\/\/www.karekod.org\/wabimenu\/?s={search_term_string}\"},\"query-input\":\"required name=search_term_string\"}],\"inLanguage\":\"tr\"},{\"@type\":\"WebPage\",\"@id\":\"https:\/\/www.karekod.org\/wabimenu\/urun\/nane-yagi\/#webpage\",\"url\":\"https:\/\/www.karekod.org\/wabimenu\/urun\/nane-yagi\/\",\"name\":\"Nane Ya\u011f\u0131 - Wabi Sabi\",\"isPartOf\":{\"@id\":\"https:\/\/www.karekod.org\/wabimenu\/#website\"},\"datePublished\":\"2022-01-30T16:58:44+00:00\",\"dateModified\":\"2022-01-30T16:58:44+00:00\",\"breadcrumb\":{\"@id\":\"https:\/\/www.karekod.org\/wabimenu\/urun\/nane-yagi\/#breadcrumb\"},\"inLanguage\":\"tr\",\"potentialAction\":[{\"@type\":\"ReadAction\",\"target\":[\"https:\/\/www.karekod.org\/wabimenu\/urun\/nane-yagi\/\"]}]},{\"@type\":\"BreadcrumbList\",\"@id\":\"https:\/\/www.karekod.org\/wabimenu\/urun\/nane-yagi\/#breadcrumb\",\"itemListElement\":[{\"@type\":\"ListItem\",\"position\":1,\"name\":\"Anasayfa\",\"item\":\"https:\/\/www.karekod.org\/wabimenu\/\"},{\"@type\":\"ListItem\",\"position\":2,\"name\":\"Ma\u011faza\",\"item\":\"https:\/\/www.karekod.org\/wabimenu\/magaza\/\"},{\"@type\":\"ListItem\",\"position\":3,\"name\":\"Nane Ya\u011f\u0131\"}]}]}<\/script>\n<!-- \/ Yoast SEO plugin. -->","yoast_head_json":{"title":"Nane Ya\u011f\u0131 - Wabi Sabi","robots":{"index":"index","follow":"follow","max-snippet":"max-snippet:-1","max-image-preview":"max-image-preview:large","max-video-preview":"max-video-preview:-1"},"canonical":"https:\/\/www.karekod.org\/wabimenu\/urun\/nane-yagi\/","og_locale":"tr_TR","og_type":"article","og_title":"Nane Ya\u011f\u0131 - Wabi Sabi","og_url":"https:\/\/www.karekod.org\/wabimenu\/urun\/nane-yagi\/","og_site_name":"Wabi Sabi","twitter_card":"summary_large_image","schema":{"@context":"https:\/\/schema.org","@graph":[{"@type":"WebSite","@id":"https:\/\/www.karekod.org\/wabimenu\/#website","url":"https:\/\/www.karekod.org\/wabimenu\/","name":"Wabi Sabi","description":"Do\u011fal \u015eeyler - At\u00f6lye &amp; Mutfak","potentialAction":[{"@type":"SearchAction","target":{"@type":"EntryPoint","urlTemplate":"https:\/\/www.karekod.org\/wabimenu\/?s={search_term_string}"},"query-input":"required name=search_term_string"}],"inLanguage":"tr"},{"@type":"WebPage","@id":"https:\/\/www.karekod.org\/wabimenu\/urun\/nane-yagi\/#webpage","url":"https:\/\/www.karekod.org\/wabimenu\/urun\/nane-yagi\/","name":"Nane Ya\u011f\u0131 - Wabi Sabi","isPartOf":{"@id":"https:\/\/www.karekod.org\/wabimenu\/#website"},"datePublished":"2022-01-30T16:58:44+00:00","dateModified":"2022-01-30T16:58:44+00:00","breadcrumb":{"@id":"https:\/\/www.karekod.org\/wabimenu\/urun\/nane-yagi\/#breadcrumb"},"inLanguage":"tr","potentialAction":[{"@type":"ReadAction","target":["https:\/\/www.karekod.org\/wabimenu\/urun\/nane-yagi\/"]}]},{"@type":"BreadcrumbList","@id":"https:\/\/www.karekod.org\/wabimenu\/urun\/nane-yagi\/#breadcrumb","itemListElement":[{"@type":"ListItem","position":1,"name":"Anasayfa","item":"https:\/\/www.karekod.org\/wabimenu\/"},{"@type":"ListItem","position":2,"name":"Ma\u011faza","item":"https:\/\/www.karekod.org\/wabimenu\/magaza\/"},{"@type":"ListItem","position":3,"name":"Nane Ya\u011f\u0131"}]}]}},"_links":{"self":[{"href":"https:\/\/www.karekod.org\/wabimenu\/wp-json\/wp\/v2\/product\/499","targetHints":{"allow":["GET"]}}],"collection":[{"href":"https:\/\/www.karekod.org\/wabimenu\/wp-json\/wp\/v2\/product"}],"about":[{"href":"https:\/\/www.karekod.org\/wabimenu\/wp-json\/wp\/v2\/types\/product"}],"replies":[{"embeddable":true,"href":"https:\/\/www.karekod.org\/wabimenu\/wp-json\/wp\/v2\/comments?post=499"}],"wp:attachment":[{"href":"https:\/\/www.karekod.org\/wabimenu\/wp-json\/wp\/v2\/media?parent=499"}],"wp:term":[{"taxonomy":"product_cat","embeddable":true,"href":"https:\/\/www.karekod.org\/wabimenu\/wp-json\/wp\/v2\/product_cat?post=499"},{"taxonomy":"product_tag","embeddable":true,"href":"https:\/\/www.karekod.org\/wabimenu\/wp-json\/wp\/v2\/product_tag?post=499"}],"curies":[{"name":"wp","href":"https:\/\/api.w.org\/{rel}","templated":true}]}}