{"id":148,"date":"2022-01-26T18:54:19","date_gmt":"2022-01-26T18:54:19","guid":{"rendered":"https:\/\/www.karekod.org\/wabimenu\/?page_id=148"},"modified":"2022-03-14T11:34:47","modified_gmt":"2022-03-14T11:34:47","slug":"acele-isi-olanin-kahvaltisi","status":"publish","type":"page","link":"https:\/\/www.karekod.org\/wabimenu\/acele-isi-olanin-kahvaltisi\/","title":{"rendered":"Acele \u0130\u015fi Olan\u0131n Kahvalt\u0131s\u0131"},"content":{"rendered":"","protected":false},"excerpt":{"rendered":"<p>Ha\u015flanm\u0131\u015f yumurta, domates, salatal\u0131k, zeytin, ke\u00e7i peyniri, ka\u015far peynir, tahin ve pekmez, kupa siyah \u00e7ay kruvasan <\/p>\n","protected":false},"author":1,"featured_media":437,"parent":0,"menu_order":0,"comment_status":"closed","ping_status":"closed","template":"","meta":{"footnotes":""},"class_list":["post-148","page","type-page","status-publish","has-post-thumbnail","hentry"],"yoast_head":"<!-- This site is optimized with the Yoast SEO plugin v18.2 - https:\/\/yoast.com\/wordpress\/plugins\/seo\/ -->\n<title>Acele \u0130\u015fi Olan\u0131n Kahvalt\u0131s\u0131 - Wabi Sabi<\/title>\n<meta name=\"robots\" content=\"index, follow, max-snippet:-1, max-image-preview:large, max-video-preview:-1\" \/>\n<link rel=\"canonical\" href=\"https:\/\/www.karekod.org\/wabimenu\/acele-isi-olanin-kahvaltisi\/\" \/>\n<meta property=\"og:locale\" content=\"tr_TR\" \/>\n<meta property=\"og:type\" content=\"article\" \/>\n<meta property=\"og:title\" content=\"Acele \u0130\u015fi Olan\u0131n Kahvalt\u0131s\u0131 - Wabi Sabi\" \/>\n<meta property=\"og:description\" content=\"Ha\u015flanm\u0131\u015f yumurta, domates, salatal\u0131k, zeytin, ke\u00e7i peyniri, ka\u015far peynir, tahin ve pekmez, kupa siyah \u00e7ay kruvasan\" \/>\n<meta property=\"og:url\" content=\"https:\/\/www.karekod.org\/wabimenu\/acele-isi-olanin-kahvaltisi\/\" \/>\n<meta property=\"og:site_name\" content=\"Wabi Sabi\" \/>\n<meta property=\"article:modified_time\" content=\"2022-03-14T11:34:47+00:00\" \/>\n<meta property=\"og:image\" content=\"https:\/\/www.karekod.org\/wabimenu\/wp-content\/uploads\/2022\/01\/images.jpeg\" \/>\n\t<meta property=\"og:image:width\" content=\"356\" \/>\n\t<meta property=\"og:image:height\" content=\"141\" \/>\n\t<meta property=\"og:image:type\" content=\"image\/jpeg\" \/>\n<meta name=\"twitter:card\" content=\"summary_large_image\" \/>\n<script type=\"application\/ld+json\" class=\"yoast-schema-graph\">{\"@context\":\"https:\/\/schema.org\",\"@graph\":[{\"@type\":\"WebSite\",\"@id\":\"https:\/\/www.karekod.org\/wabimenu\/#website\",\"url\":\"https:\/\/www.karekod.org\/wabimenu\/\",\"name\":\"Wabi Sabi\",\"description\":\"Do\u011fal \u015eeyler - At\u00f6lye &amp; Mutfak\",\"potentialAction\":[{\"@type\":\"SearchAction\",\"target\":{\"@type\":\"EntryPoint\",\"urlTemplate\":\"https:\/\/www.karekod.org\/wabimenu\/?s={search_term_string}\"},\"query-input\":\"required name=search_term_string\"}],\"inLanguage\":\"tr\"},{\"@type\":\"ImageObject\",\"@id\":\"https:\/\/www.karekod.org\/wabimenu\/acele-isi-olanin-kahvaltisi\/#primaryimage\",\"inLanguage\":\"tr\",\"url\":\"https:\/\/www.karekod.org\/wabimenu\/wp-content\/uploads\/2022\/01\/images.jpeg\",\"contentUrl\":\"https:\/\/www.karekod.org\/wabimenu\/wp-content\/uploads\/2022\/01\/images.jpeg\",\"width\":356,\"height\":141},{\"@type\":\"WebPage\",\"@id\":\"https:\/\/www.karekod.org\/wabimenu\/acele-isi-olanin-kahvaltisi\/#webpage\",\"url\":\"https:\/\/www.karekod.org\/wabimenu\/acele-isi-olanin-kahvaltisi\/\",\"name\":\"Acele \u0130\u015fi Olan\u0131n Kahvalt\u0131s\u0131 - Wabi Sabi\",\"isPartOf\":{\"@id\":\"https:\/\/www.karekod.org\/wabimenu\/#website\"},\"primaryImageOfPage\":{\"@id\":\"https:\/\/www.karekod.org\/wabimenu\/acele-isi-olanin-kahvaltisi\/#primaryimage\"},\"datePublished\":\"2022-01-26T18:54:19+00:00\",\"dateModified\":\"2022-03-14T11:34:47+00:00\",\"breadcrumb\":{\"@id\":\"https:\/\/www.karekod.org\/wabimenu\/acele-isi-olanin-kahvaltisi\/#breadcrumb\"},\"inLanguage\":\"tr\",\"potentialAction\":[{\"@type\":\"ReadAction\",\"target\":[\"https:\/\/www.karekod.org\/wabimenu\/acele-isi-olanin-kahvaltisi\/\"]}]},{\"@type\":\"BreadcrumbList\",\"@id\":\"https:\/\/www.karekod.org\/wabimenu\/acele-isi-olanin-kahvaltisi\/#breadcrumb\",\"itemListElement\":[{\"@type\":\"ListItem\",\"position\":1,\"name\":\"Anasayfa\",\"item\":\"https:\/\/www.karekod.org\/wabimenu\/\"},{\"@type\":\"ListItem\",\"position\":2,\"name\":\"Acele \u0130\u015fi Olan\u0131n Kahvalt\u0131s\u0131\"}]}]}<\/script>\n<!-- \/ Yoast SEO plugin. -->","yoast_head_json":{"title":"Acele \u0130\u015fi Olan\u0131n Kahvalt\u0131s\u0131 - Wabi Sabi","robots":{"index":"index","follow":"follow","max-snippet":"max-snippet:-1","max-image-preview":"max-image-preview:large","max-video-preview":"max-video-preview:-1"},"canonical":"https:\/\/www.karekod.org\/wabimenu\/acele-isi-olanin-kahvaltisi\/","og_locale":"tr_TR","og_type":"article","og_title":"Acele \u0130\u015fi Olan\u0131n Kahvalt\u0131s\u0131 - Wabi Sabi","og_description":"Ha\u015flanm\u0131\u015f yumurta, domates, salatal\u0131k, zeytin, ke\u00e7i peyniri, ka\u015far peynir, tahin ve pekmez, kupa siyah \u00e7ay kruvasan","og_url":"https:\/\/www.karekod.org\/wabimenu\/acele-isi-olanin-kahvaltisi\/","og_site_name":"Wabi Sabi","article_modified_time":"2022-03-14T11:34:47+00:00","og_image":[{"width":356,"height":141,"url":"https:\/\/www.karekod.org\/wabimenu\/wp-content\/uploads\/2022\/01\/images.jpeg","type":"image\/jpeg"}],"twitter_card":"summary_large_image","schema":{"@context":"https:\/\/schema.org","@graph":[{"@type":"WebSite","@id":"https:\/\/www.karekod.org\/wabimenu\/#website","url":"https:\/\/www.karekod.org\/wabimenu\/","name":"Wabi Sabi","description":"Do\u011fal \u015eeyler - At\u00f6lye &amp; Mutfak","potentialAction":[{"@type":"SearchAction","target":{"@type":"EntryPoint","urlTemplate":"https:\/\/www.karekod.org\/wabimenu\/?s={search_term_string}"},"query-input":"required name=search_term_string"}],"inLanguage":"tr"},{"@type":"ImageObject","@id":"https:\/\/www.karekod.org\/wabimenu\/acele-isi-olanin-kahvaltisi\/#primaryimage","inLanguage":"tr","url":"https:\/\/www.karekod.org\/wabimenu\/wp-content\/uploads\/2022\/01\/images.jpeg","contentUrl":"https:\/\/www.karekod.org\/wabimenu\/wp-content\/uploads\/2022\/01\/images.jpeg","width":356,"height":141},{"@type":"WebPage","@id":"https:\/\/www.karekod.org\/wabimenu\/acele-isi-olanin-kahvaltisi\/#webpage","url":"https:\/\/www.karekod.org\/wabimenu\/acele-isi-olanin-kahvaltisi\/","name":"Acele \u0130\u015fi Olan\u0131n Kahvalt\u0131s\u0131 - Wabi Sabi","isPartOf":{"@id":"https:\/\/www.karekod.org\/wabimenu\/#website"},"primaryImageOfPage":{"@id":"https:\/\/www.karekod.org\/wabimenu\/acele-isi-olanin-kahvaltisi\/#primaryimage"},"datePublished":"2022-01-26T18:54:19+00:00","dateModified":"2022-03-14T11:34:47+00:00","breadcrumb":{"@id":"https:\/\/www.karekod.org\/wabimenu\/acele-isi-olanin-kahvaltisi\/#breadcrumb"},"inLanguage":"tr","potentialAction":[{"@type":"ReadAction","target":["https:\/\/www.karekod.org\/wabimenu\/acele-isi-olanin-kahvaltisi\/"]}]},{"@type":"BreadcrumbList","@id":"https:\/\/www.karekod.org\/wabimenu\/acele-isi-olanin-kahvaltisi\/#breadcrumb","itemListElement":[{"@type":"ListItem","position":1,"name":"Anasayfa","item":"https:\/\/www.karekod.org\/wabimenu\/"},{"@type":"ListItem","position":2,"name":"Acele \u0130\u015fi Olan\u0131n Kahvalt\u0131s\u0131"}]}]}},"_links":{"self":[{"href":"https:\/\/www.karekod.org\/wabimenu\/wp-json\/wp\/v2\/pages\/148","targetHints":{"allow":["GET"]}}],"collection":[{"href":"https:\/\/www.karekod.org\/wabimenu\/wp-json\/wp\/v2\/pages"}],"about":[{"href":"https:\/\/www.karekod.org\/wabimenu\/wp-json\/wp\/v2\/types\/page"}],"author":[{"embeddable":true,"href":"https:\/\/www.karekod.org\/wabimenu\/wp-json\/wp\/v2\/users\/1"}],"replies":[{"embeddable":true,"href":"https:\/\/www.karekod.org\/wabimenu\/wp-json\/wp\/v2\/comments?post=148"}],"version-history":[{"count":3,"href":"https:\/\/www.karekod.org\/wabimenu\/wp-json\/wp\/v2\/pages\/148\/revisions"}],"predecessor-version":[{"id":702,"href":"https:\/\/www.karekod.org\/wabimenu\/wp-json\/wp\/v2\/pages\/148\/revisions\/702"}],"wp:featuredmedia":[{"embeddable":true,"href":"https:\/\/www.karekod.org\/wabimenu\/wp-json\/wp\/v2\/media\/437"}],"wp:attachment":[{"href":"https:\/\/www.karekod.org\/wabimenu\/wp-json\/wp\/v2\/media?parent=148"}],"curies":[{"name":"wp","href":"https:\/\/api.w.org\/{rel}","templated":true}]}}