{"id":112,"date":"2018-11-15T11:08:38","date_gmt":"2018-11-15T11:08:38","guid":{"rendered":"http:\/\/demo.acmethemes.com\/restaurant-recipe\/?page_id=27"},"modified":"2022-02-24T09:38:42","modified_gmt":"2022-02-24T09:38:42","slug":"about","status":"publish","type":"page","link":"https:\/\/www.karekod.org\/wabimenu\/about\/","title":{"rendered":"Hakk\u0131m\u0131zda"},"content":{"rendered":"<div id=\"pl-112\"  class=\"panel-layout\" ><div id=\"pg-112-0\"  class=\"panel-grid panel-no-style\" ><div id=\"pgc-112-0-0\"  class=\"panel-grid-cell\" ><div id=\"panel-112-0-0-0\" class=\"so-panel widget widget_restaurant_recipe_about panel-first-child panel-last-child\" data-index=\"0\" >            <section id=\"restaurant_recipe_about-5\" class=\"at-widgets at-feature-about\">\r\n                <div class=\"container\">\r\n                    <div class=\"row\">\r\n                                                    <div class=\"col-sm-6 init-animate zoomIn\">\r\n                                <div class=\"at-feature-about-img\">\r\n                                    <img decoding=\"async\" src=\"http:\/\/www.karekod.org\/wabimenu\/wp-content\/uploads\/2022\/01\/logo.png\">\r\n                                <\/div>\r\n                            <\/div>\r\n                                                    <div class=\"col-sm-6\">\r\n                            <div class='at-widget-title-wrapper'><h3 class=\"widget-title\">Wabi Sabi<\/h3>                                    <p class=\"at-subtitle init-animate zoomIn\">Do\u011fal \u015eeyler  - At\u00f6lye - Mutfak<\/p>\r\n\t\t                            <\/div><p class='init-animate zoomIn'>Haz\u0131rlan\u0131yor..<\/p>                        <\/div>\r\n                    <\/div>\r\n                <\/div>\r\n            <\/section>\r\n            <\/div><\/div><\/div><\/div>","protected":false},"excerpt":{"rendered":"<p>Wabi Sabi Do\u011fal \u015eeyler &#8211; At\u00f6lye &#8211; Mutfak Haz\u0131rlan\u0131yor..<\/p>\n","protected":false},"author":1,"featured_media":0,"parent":0,"menu_order":0,"comment_status":"closed","ping_status":"closed","template":"page-templates\/template-builder.php","meta":{"footnotes":""},"class_list":["post-112","page","type-page","status-publish","hentry"],"yoast_head":"<!-- This site is optimized with the Yoast SEO plugin v18.2 - https:\/\/yoast.com\/wordpress\/plugins\/seo\/ -->\n<title>Hakk\u0131m\u0131zda - Wabi Sabi<\/title>\n<meta name=\"robots\" content=\"index, follow, max-snippet:-1, max-image-preview:large, max-video-preview:-1\" \/>\n<link rel=\"canonical\" href=\"https:\/\/www.karekod.org\/wabimenu\/about\/\" \/>\n<meta property=\"og:locale\" content=\"tr_TR\" \/>\n<meta property=\"og:type\" content=\"article\" \/>\n<meta property=\"og:title\" content=\"Hakk\u0131m\u0131zda - Wabi Sabi\" \/>\n<meta property=\"og:description\" content=\"Wabi Sabi Do\u011fal \u015eeyler - At\u00f6lye - Mutfak Haz\u0131rlan\u0131yor..\" \/>\n<meta property=\"og:url\" content=\"https:\/\/www.karekod.org\/wabimenu\/about\/\" \/>\n<meta property=\"og:site_name\" content=\"Wabi Sabi\" \/>\n<meta property=\"article:modified_time\" content=\"2022-02-24T09:38:42+00:00\" \/>\n<meta name=\"twitter:card\" content=\"summary_large_image\" \/>\n<meta name=\"twitter:label1\" content=\"Tahmini okuma s\u00fcresi\" \/>\n\t<meta name=\"twitter:data1\" content=\"1 dakika\" \/>\n<script type=\"application\/ld+json\" class=\"yoast-schema-graph\">{\"@context\":\"https:\/\/schema.org\",\"@graph\":[{\"@type\":\"WebSite\",\"@id\":\"https:\/\/www.karekod.org\/wabimenu\/#website\",\"url\":\"https:\/\/www.karekod.org\/wabimenu\/\",\"name\":\"Wabi Sabi\",\"description\":\"Do\u011fal \u015eeyler - At\u00f6lye &amp; Mutfak\",\"potentialAction\":[{\"@type\":\"SearchAction\",\"target\":{\"@type\":\"EntryPoint\",\"urlTemplate\":\"https:\/\/www.karekod.org\/wabimenu\/?s={search_term_string}\"},\"query-input\":\"required name=search_term_string\"}],\"inLanguage\":\"tr\"},{\"@type\":\"WebPage\",\"@id\":\"https:\/\/www.karekod.org\/wabimenu\/about\/#webpage\",\"url\":\"https:\/\/www.karekod.org\/wabimenu\/about\/\",\"name\":\"Hakk\u0131m\u0131zda - Wabi Sabi\",\"isPartOf\":{\"@id\":\"https:\/\/www.karekod.org\/wabimenu\/#website\"},\"datePublished\":\"2018-11-15T11:08:38+00:00\",\"dateModified\":\"2022-02-24T09:38:42+00:00\",\"breadcrumb\":{\"@id\":\"https:\/\/www.karekod.org\/wabimenu\/about\/#breadcrumb\"},\"inLanguage\":\"tr\",\"potentialAction\":[{\"@type\":\"ReadAction\",\"target\":[\"https:\/\/www.karekod.org\/wabimenu\/about\/\"]}]},{\"@type\":\"BreadcrumbList\",\"@id\":\"https:\/\/www.karekod.org\/wabimenu\/about\/#breadcrumb\",\"itemListElement\":[{\"@type\":\"ListItem\",\"position\":1,\"name\":\"Anasayfa\",\"item\":\"https:\/\/www.karekod.org\/wabimenu\/\"},{\"@type\":\"ListItem\",\"position\":2,\"name\":\"Hakk\u0131m\u0131zda\"}]}]}<\/script>\n<!-- \/ Yoast SEO plugin. -->","yoast_head_json":{"title":"Hakk\u0131m\u0131zda - Wabi Sabi","robots":{"index":"index","follow":"follow","max-snippet":"max-snippet:-1","max-image-preview":"max-image-preview:large","max-video-preview":"max-video-preview:-1"},"canonical":"https:\/\/www.karekod.org\/wabimenu\/about\/","og_locale":"tr_TR","og_type":"article","og_title":"Hakk\u0131m\u0131zda - Wabi Sabi","og_description":"Wabi Sabi Do\u011fal \u015eeyler - At\u00f6lye - Mutfak Haz\u0131rlan\u0131yor..","og_url":"https:\/\/www.karekod.org\/wabimenu\/about\/","og_site_name":"Wabi Sabi","article_modified_time":"2022-02-24T09:38:42+00:00","twitter_card":"summary_large_image","twitter_misc":{"Tahmini okuma s\u00fcresi":"1 dakika"},"schema":{"@context":"https:\/\/schema.org","@graph":[{"@type":"WebSite","@id":"https:\/\/www.karekod.org\/wabimenu\/#website","url":"https:\/\/www.karekod.org\/wabimenu\/","name":"Wabi Sabi","description":"Do\u011fal \u015eeyler - At\u00f6lye &amp; Mutfak","potentialAction":[{"@type":"SearchAction","target":{"@type":"EntryPoint","urlTemplate":"https:\/\/www.karekod.org\/wabimenu\/?s={search_term_string}"},"query-input":"required name=search_term_string"}],"inLanguage":"tr"},{"@type":"WebPage","@id":"https:\/\/www.karekod.org\/wabimenu\/about\/#webpage","url":"https:\/\/www.karekod.org\/wabimenu\/about\/","name":"Hakk\u0131m\u0131zda - Wabi Sabi","isPartOf":{"@id":"https:\/\/www.karekod.org\/wabimenu\/#website"},"datePublished":"2018-11-15T11:08:38+00:00","dateModified":"2022-02-24T09:38:42+00:00","breadcrumb":{"@id":"https:\/\/www.karekod.org\/wabimenu\/about\/#breadcrumb"},"inLanguage":"tr","potentialAction":[{"@type":"ReadAction","target":["https:\/\/www.karekod.org\/wabimenu\/about\/"]}]},{"@type":"BreadcrumbList","@id":"https:\/\/www.karekod.org\/wabimenu\/about\/#breadcrumb","itemListElement":[{"@type":"ListItem","position":1,"name":"Anasayfa","item":"https:\/\/www.karekod.org\/wabimenu\/"},{"@type":"ListItem","position":2,"name":"Hakk\u0131m\u0131zda"}]}]}},"_links":{"self":[{"href":"https:\/\/www.karekod.org\/wabimenu\/wp-json\/wp\/v2\/pages\/112","targetHints":{"allow":["GET"]}}],"collection":[{"href":"https:\/\/www.karekod.org\/wabimenu\/wp-json\/wp\/v2\/pages"}],"about":[{"href":"https:\/\/www.karekod.org\/wabimenu\/wp-json\/wp\/v2\/types\/page"}],"author":[{"embeddable":true,"href":"https:\/\/www.karekod.org\/wabimenu\/wp-json\/wp\/v2\/users\/1"}],"replies":[{"embeddable":true,"href":"https:\/\/www.karekod.org\/wabimenu\/wp-json\/wp\/v2\/comments?post=112"}],"version-history":[{"count":15,"href":"https:\/\/www.karekod.org\/wabimenu\/wp-json\/wp\/v2\/pages\/112\/revisions"}],"predecessor-version":[{"id":649,"href":"https:\/\/www.karekod.org\/wabimenu\/wp-json\/wp\/v2\/pages\/112\/revisions\/649"}],"wp:attachment":[{"href":"https:\/\/www.karekod.org\/wabimenu\/wp-json\/wp\/v2\/media?parent=112"}],"curies":[{"name":"wp","href":"https:\/\/api.w.org\/{rel}","templated":true}]}}