{"id":46,"date":"2018-11-16T04:43:12","date_gmt":"2018-11-16T04:43:12","guid":{"rendered":"http:\/\/demo.acmethemes.com\/restaurant-recipe\/?page_id=165"},"modified":"2026-03-19T14:23:27","modified_gmt":"2026-03-19T14:23:27","slug":"oglen-menu","status":"publish","type":"page","link":"https:\/\/www.karekod.org\/loofbeach\/oglen-menu\/","title":{"rendered":"SEA FOOD MEN\u00dc"},"content":{"rendered":"<div id=\"pl-46\"  class=\"panel-layout\" ><div id=\"pg-46-0\"  class=\"panel-grid panel-no-style\" ><div id=\"pgc-46-0-0\"  class=\"panel-grid-cell\" ><div id=\"panel-46-0-0-0\" class=\"so-panel widget widget_restaurant_recipe_food_menu panel-first-child\" data-index=\"0\" >            <section id=\"restaurant_recipe_food_menu-3\" class=\"at-widgets at-food-menu-widget at-gray-bg\">\r\n            \t<div class=\"container\">\r\n\t\t            <div class='at-widget-title-wrapper'><h3 class=\"widget-title\">BO\u0130L MEN\u00dcLER<\/h3><\/div>                    <div class=\"row featured-entries-col featured-entries-logo\">\r\n                        \r\n\t                                                        <div class=\"single-list col-sm-6\">\r\n                                        <div class=\"at-food-menu-box init-animate zoomIn\">\r\n\t\t\t\t\t\t                                                                        <div class=\"at-food-menu-img-box\">\r\n\t\t\t\t\t\t\t\t\t                    <img loading=\"lazy\" decoding=\"async\" width=\"150\" height=\"150\" src=\"https:\/\/www.karekod.org\/loofbeach\/wp-content\/uploads\/2026\/02\/ChatGPT-Image-5-Sub-2026-16_32_38-150x150.jpg\" class=\"attachment-thumbnail size-thumbnail wp-post-image\" alt=\"\" srcset=\"https:\/\/www.karekod.org\/loofbeach\/wp-content\/uploads\/2026\/02\/ChatGPT-Image-5-Sub-2026-16_32_38-150x150.jpg 150w, https:\/\/www.karekod.org\/loofbeach\/wp-content\/uploads\/2026\/02\/ChatGPT-Image-5-Sub-2026-16_32_38-300x300.jpg 300w, https:\/\/www.karekod.org\/loofbeach\/wp-content\/uploads\/2026\/02\/ChatGPT-Image-5-Sub-2026-16_32_38-768x768.jpg 768w, https:\/\/www.karekod.org\/loofbeach\/wp-content\/uploads\/2026\/02\/ChatGPT-Image-5-Sub-2026-16_32_38.jpg 1024w\" sizes=\"auto, (max-width: 150px) 100vw, 150px\" \/>                                                    <\/div>\r\n                                                                                                    <div class=\"at-food-menu-body\">\r\n                                                    <div class=\"at-food-menu-header-wrap\">\r\n                                                        <div class=\"at-food-menu-header\">\r\n\t\t\t\t\t\t\t\t\t\t                    <h3>Sea Food Boil ( Minimum 2 ki\u015filik servis edilir )<\/h3>                                                                <h6>\r\n                                                                    <p>1 adet Yenge\u00e7, 2 adet Kol Ahtapot, 4 adet Jumbo Karides, 2 adet  M\u0131s\u0131r, 6 adet Baby Patates, 2 adet Yumurta, 4 adet Mantar, 6 adet Sosis, 4 adet Midye , Baharatl\u0131 Sos<\/p>\n                                                                <\/h6>\r\n                                                                \r\n                                                        <\/div>\r\n                                                        <div class=\"at-price\">\r\n                                                            <h2>\r\n\t\t\t\t\t\t\t\t\t\t\t                    (Ki\u015fi Ba\u015f\u0131) 2000\u20ba                                                            <\/h2>\r\n                                                        <\/div>\r\n\r\n                                                    <\/div>\r\n                                                <\/div><!--.at-food-menu-body-->\r\n\t\t\t\t\t\t\t                                                            <\/div><!--.at-food-menu-box-->\r\n                                    <\/div><!--$restaurant_recipe_list_classes-->\r\n\t\t\t\t                                                        <div class=\"single-list col-sm-6\">\r\n                                        <div class=\"at-food-menu-box init-animate zoomIn\">\r\n\t\t\t\t\t\t                                                                <a href=\"http:\/\/(Ki\u015fi%20ba\u015f\u0131)%202200\u20ba\">\r\n\t\t\t\t\t\t\t                                                                        <div class=\"at-food-menu-img-box\">\r\n\t\t\t\t\t\t\t\t\t                    <img loading=\"lazy\" decoding=\"async\" width=\"150\" height=\"150\" src=\"https:\/\/www.karekod.org\/loofbeach\/wp-content\/uploads\/2026\/03\/hf_20260319_133852_613e4d8f-4e3b-4430-9677-7ca4d3697693-150x150.jpg\" class=\"attachment-thumbnail size-thumbnail wp-post-image\" alt=\"\" \/>                                                    <\/div>\r\n                                                                                                    <div class=\"at-food-menu-body\">\r\n                                                    <div class=\"at-food-menu-header-wrap\">\r\n                                                        <div class=\"at-food-menu-header\">\r\n\t\t\t\t\t\t\t\t\t\t                    <h3>Sea Food PLATE ( Minimum 2 ki\u015filik servis edilir )<\/h3>                                                                <h6>\r\n                                                                    <p>1 adet Istakoz kuyru\u011fu , 6 adet Midye , 6 adet jumbo karides , 2 adet m\u0131s\u0131r , 2 adet kalamar , 4 par\u00e7a ahtapot , Pilav , Cips , Greek salata<\/p>\n                                                                <\/h6>\r\n                                                                \r\n                                                        <\/div>\r\n                                                        <div class=\"at-price\">\r\n                                                            <h2>\r\n\t\t\t\t\t\t\t\t\t\t\t                    (Ki\u015fi ba\u015f\u0131) 2500\u20ba                                                            <\/h2>\r\n                                                        <\/div>\r\n\r\n                                                    <\/div>\r\n                                                <\/div><!--.at-food-menu-body-->\r\n\t\t\t\t\t\t\t                                                                <\/a>\r\n\t\t\t\t\t                                                            <\/div><!--.at-food-menu-box-->\r\n                                    <\/div><!--$restaurant_recipe_list_classes-->\r\n\t\t\t\t                    <div class='clearfix'><\/div>                                    <div class=\"single-list col-sm-6\">\r\n                                        <div class=\"at-food-menu-box init-animate zoomIn\">\r\n\t\t\t\t\t\t                                                                        <div class=\"at-food-menu-img-box\">\r\n\t\t\t\t\t\t\t\t\t                    <img loading=\"lazy\" decoding=\"async\" width=\"150\" height=\"150\" src=\"https:\/\/www.karekod.org\/loofbeach\/wp-content\/uploads\/2026\/02\/ChatGPT-Image-5-Sub-2026-23_10_52-150x150.jpg\" class=\"attachment-thumbnail size-thumbnail wp-post-image\" alt=\"\" \/>                                                    <\/div>\r\n                                                                                                    <div class=\"at-food-menu-body\">\r\n                                                    <div class=\"at-food-menu-header-wrap\">\r\n                                                        <div class=\"at-food-menu-header\">\r\n\t\t\t\t\t\t\t\t\t\t                    <h3>Sea Food PREM\u0130UM ( Minimum 2 ki\u015filik servis edilir )<\/h3>                                                                <h6>\r\n                                                                    <p>1 adet Istakoz kuyru\u011fu, 1 adet Yenge\u00e7, 2 adet Kol Ahtapot, 4 adet Jumbo Karides, 2 adet M\u0131s\u0131r, 6 adet Baby Patates, 4 adet Midye, 2 adet Yumurta, 4 adet Mantar, 6 adet Sosis, Greek salata, Pilav, Baharatl\u0131 Sos<\/p>\n                                                                <\/h6>\r\n                                                                \r\n                                                        <\/div>\r\n                                                        <div class=\"at-price\">\r\n                                                            <h2>\r\n\t\t\t\t\t\t\t\t\t\t\t                    (Ki\u015fi ba\u015f\u0131) 2500\u20ba                                                            <\/h2>\r\n                                                        <\/div>\r\n\r\n                                                    <\/div>\r\n                                                <\/div><!--.at-food-menu-body-->\r\n\t\t\t\t\t\t\t                                                            <\/div><!--.at-food-menu-box-->\r\n                                    <\/div><!--$restaurant_recipe_list_classes-->\r\n\t\t\t\t                                                        <div class=\"single-list col-sm-6\">\r\n                                        <div class=\"at-food-menu-box init-animate zoomIn\">\r\n\t\t\t\t\t\t                                                                        <div class=\"at-food-menu-img-box\">\r\n\t\t\t\t\t\t\t\t\t                    <img loading=\"lazy\" decoding=\"async\" width=\"150\" height=\"150\" src=\"https:\/\/www.karekod.org\/loofbeach\/wp-content\/uploads\/2026\/02\/ChatGPT-Image-5-Sub-2026-21_26_27-150x150.png\" class=\"attachment-thumbnail size-thumbnail wp-post-image\" alt=\"\" \/>                                                    <\/div>\r\n                                                                                                    <div class=\"at-food-menu-body\">\r\n                                                    <div class=\"at-food-menu-header-wrap\">\r\n                                                        <div class=\"at-food-menu-header\">\r\n\t\t\t\t\t\t\t\t\t\t                    <h3>Fish Plate ( Minimum 2 ki\u015filik servis edilir )<\/h3>                                                                <h6>\r\n                                                                    <p>1 adet Fish, 6 adet Kalamar, 6 adet Jumbo Karides, 4 adet Midye, Pilav, Cips <\/p>\n                                                                <\/h6>\r\n                                                                \r\n                                                        <\/div>\r\n                                                        <div class=\"at-price\">\r\n                                                            <h2>\r\n\t\t\t\t\t\t\t\t\t\t\t                    (Ki\u015fi ba\u015f\u0131) 1700\u20ba                                                            <\/h2>\r\n                                                        <\/div>\r\n\r\n                                                    <\/div>\r\n                                                <\/div><!--.at-food-menu-body-->\r\n\t\t\t\t\t\t\t                                                            <\/div><!--.at-food-menu-box-->\r\n                                    <\/div><!--$restaurant_recipe_list_classes-->\r\n\t\t\t\t                    <div class='clearfix'><\/div>                                    <div class=\"single-list col-sm-6\">\r\n                                        <div class=\"at-food-menu-box init-animate zoomIn\">\r\n\t\t\t\t\t\t                                                                        <div class=\"at-food-menu-img-box\">\r\n\t\t\t\t\t\t\t\t\t                    <img loading=\"lazy\" decoding=\"async\" width=\"150\" height=\"150\" src=\"https:\/\/www.karekod.org\/loofbeach\/wp-content\/uploads\/2026\/03\/hf_20260319_135102_913e5928-fd9d-4e6b-bc56-a384469c440f-150x150.jpeg\" class=\"attachment-thumbnail size-thumbnail wp-post-image\" alt=\"\" \/>                                                    <\/div>\r\n                                                                                                    <div class=\"at-food-menu-body\">\r\n                                                    <div class=\"at-food-menu-header-wrap\">\r\n                                                        <div class=\"at-food-menu-header\">\r\n\t\t\t\t\t\t\t\t\t\t                    <h3>Kral Istakoz Men\u00fc<\/h3>                                                                <h6>\r\n                                                                    <p>1 adet T\u00fcm Istakoz, 4 adet Jumbo Karides, 2 adet Baby Patates, 2 M\u0131s\u0131r, Coleslaw, Baharatl\u0131 Sos<\/p>\n                                                                <\/h6>\r\n                                                                \r\n                                                        <\/div>\r\n                                                        <div class=\"at-price\">\r\n                                                            <h2>\r\n\t\t\t\t\t\t\t\t\t\t\t                    4000\u20ba                                                            <\/h2>\r\n                                                        <\/div>\r\n\r\n                                                    <\/div>\r\n                                                <\/div><!--.at-food-menu-body-->\r\n\t\t\t\t\t\t\t                                                            <\/div><!--.at-food-menu-box-->\r\n                                    <\/div><!--$restaurant_recipe_list_classes-->\r\n\t\t\t\t                                        <\/div>\r\n            \t<\/div>\r\n            <\/section>\r\n            <\/div><div id=\"panel-46-0-0-1\" class=\"so-panel widget widget_restaurant_recipe_food_menu panel-last-child\" data-index=\"1\" >            <section id=\"restaurant_recipe_food_menu-3\" class=\"at-widgets at-food-menu-widget at-gray-bg\">\r\n            \t<div class=\"container\">\r\n\t\t            <div class='at-widget-title-wrapper'><h3 class=\"widget-title\">EXTRALAR<\/h3><\/div>                    <div class=\"row featured-entries-col featured-entries-logo\">\r\n                        \r\n\t                                                        <div class=\"single-list col-sm-6 at-price-no-img\">\r\n                                        <div class=\"at-food-menu-box init-animate zoomIn\">\r\n\t\t\t\t\t\t                                                                    <div class=\"at-food-menu-body\">\r\n                                                    <div class=\"at-food-menu-header-wrap\">\r\n                                                        <div class=\"at-food-menu-header\">\r\n\t\t\t\t\t\t\t\t\t\t                    <h3>ISTAKOZ KUYRU\u011eU ( 1 ADET )<\/h3>                                                                <h6>\r\n                                                                                                                                    <\/h6>\r\n                                                                \r\n                                                        <\/div>\r\n                                                        <div class=\"at-price\">\r\n                                                            <h2>\r\n\t\t\t\t\t\t\t\t\t\t\t                     1550\u20ba                                                            <\/h2>\r\n                                                        <\/div>\r\n\r\n                                                    <\/div>\r\n                                                <\/div><!--.at-food-menu-body-->\r\n\t\t\t\t\t\t\t                                                            <\/div><!--.at-food-menu-box-->\r\n                                    <\/div><!--$restaurant_recipe_list_classes-->\r\n\t\t\t\t                                                        <div class=\"single-list col-sm-6 at-price-no-img\">\r\n                                        <div class=\"at-food-menu-box init-animate zoomIn\">\r\n\t\t\t\t\t\t                                                                <a href=\"http:\/\/(Ki\u015fi%20ba\u015f\u0131)%202200\u20ba\">\r\n\t\t\t\t\t\t\t                                                                    <div class=\"at-food-menu-body\">\r\n                                                    <div class=\"at-food-menu-header-wrap\">\r\n                                                        <div class=\"at-food-menu-header\">\r\n\t\t\t\t\t\t\t\t\t\t                    <h3>KAR\u0130DES BO\u0130L ( 6 ADET )<\/h3>                                                                <h6>\r\n                                                                                                                                    <\/h6>\r\n                                                                \r\n                                                        <\/div>\r\n                                                        <div class=\"at-price\">\r\n                                                            <h2>\r\n\t\t\t\t\t\t\t\t\t\t\t                    900\u20ba                                                            <\/h2>\r\n                                                        <\/div>\r\n\r\n                                                    <\/div>\r\n                                                <\/div><!--.at-food-menu-body-->\r\n\t\t\t\t\t\t\t                                                                <\/a>\r\n\t\t\t\t\t                                                            <\/div><!--.at-food-menu-box-->\r\n                                    <\/div><!--$restaurant_recipe_list_classes-->\r\n\t\t\t\t                    <div class='clearfix'><\/div>                                    <div class=\"single-list col-sm-6 at-price-no-img\">\r\n                                        <div class=\"at-food-menu-box init-animate zoomIn\">\r\n\t\t\t\t\t\t                                                                    <div class=\"at-food-menu-body\">\r\n                                                    <div class=\"at-food-menu-header-wrap\">\r\n                                                        <div class=\"at-food-menu-header\">\r\n\t\t\t\t\t\t\t\t\t\t                    <h3>YENGE\u00c7 BO\u0130L ( 2 ADET )<\/h3>                                                                <h6>\r\n                                                                                                                                    <\/h6>\r\n                                                                \r\n                                                        <\/div>\r\n                                                        <div class=\"at-price\">\r\n                                                            <h2>\r\n\t\t\t\t\t\t\t\t\t\t\t                    600\u20ba                                                            <\/h2>\r\n                                                        <\/div>\r\n\r\n                                                    <\/div>\r\n                                                <\/div><!--.at-food-menu-body-->\r\n\t\t\t\t\t\t\t                                                            <\/div><!--.at-food-menu-box-->\r\n                                    <\/div><!--$restaurant_recipe_list_classes-->\r\n\t\t\t\t                                                        <div class=\"single-list col-sm-6 at-price-no-img\">\r\n                                        <div class=\"at-food-menu-box init-animate zoomIn\">\r\n\t\t\t\t\t\t                                                                    <div class=\"at-food-menu-body\">\r\n                                                    <div class=\"at-food-menu-header-wrap\">\r\n                                                        <div class=\"at-food-menu-header\">\r\n\t\t\t\t\t\t\t\t\t\t                    <h3>SAFRAN P\u0130LAVLI M\u0130DYE<\/h3>                                                                <h6>\r\n                                                                                                                                    <\/h6>\r\n                                                                \r\n                                                        <\/div>\r\n                                                        <div class=\"at-price\">\r\n                                                            <h2>\r\n\t\t\t\t\t\t\t\t\t\t\t                    200\u20ba                                                            <\/h2>\r\n                                                        <\/div>\r\n\r\n                                                    <\/div>\r\n                                                <\/div><!--.at-food-menu-body-->\r\n\t\t\t\t\t\t\t                                                            <\/div><!--.at-food-menu-box-->\r\n                                    <\/div><!--$restaurant_recipe_list_classes-->\r\n\t\t\t\t                    <div class='clearfix'><\/div>                                    <div class=\"single-list col-sm-6 at-price-no-img\">\r\n                                        <div class=\"at-food-menu-box init-animate zoomIn\">\r\n\t\t\t\t\t\t                                                                    <div class=\"at-food-menu-body\">\r\n                                                    <div class=\"at-food-menu-header-wrap\">\r\n                                                        <div class=\"at-food-menu-header\">\r\n\t\t\t\t\t\t\t\t\t\t                    <h3>GREEK SALAD<\/h3>                                                                <h6>\r\n                                                                                                                                    <\/h6>\r\n                                                                \r\n                                                        <\/div>\r\n                                                        <div class=\"at-price\">\r\n                                                            <h2>\r\n\t\t\t\t\t\t\t\t\t\t\t                    200\u20ba                                                            <\/h2>\r\n                                                        <\/div>\r\n\r\n                                                    <\/div>\r\n                                                <\/div><!--.at-food-menu-body-->\r\n\t\t\t\t\t\t\t                                                            <\/div><!--.at-food-menu-box-->\r\n                                    <\/div><!--$restaurant_recipe_list_classes-->\r\n\t\t\t\t                                        <\/div>\r\n            \t<\/div>\r\n            <\/section>\r\n            <\/div><\/div><\/div><\/div>","protected":false},"excerpt":{"rendered":"","protected":false},"author":1,"featured_media":0,"parent":0,"menu_order":0,"comment_status":"closed","ping_status":"closed","template":"page-templates\/template-builder.php","meta":{"footnotes":""},"class_list":["post-46","page","type-page","status-publish","hentry"],"_links":{"self":[{"href":"https:\/\/www.karekod.org\/loofbeach\/wp-json\/wp\/v2\/pages\/46","targetHints":{"allow":["GET"]}}],"collection":[{"href":"https:\/\/www.karekod.org\/loofbeach\/wp-json\/wp\/v2\/pages"}],"about":[{"href":"https:\/\/www.karekod.org\/loofbeach\/wp-json\/wp\/v2\/types\/page"}],"author":[{"embeddable":true,"href":"https:\/\/www.karekod.org\/loofbeach\/wp-json\/wp\/v2\/users\/1"}],"replies":[{"embeddable":true,"href":"https:\/\/www.karekod.org\/loofbeach\/wp-json\/wp\/v2\/comments?post=46"}],"version-history":[{"count":133,"href":"https:\/\/www.karekod.org\/loofbeach\/wp-json\/wp\/v2\/pages\/46\/revisions"}],"predecessor-version":[{"id":3142,"href":"https:\/\/www.karekod.org\/loofbeach\/wp-json\/wp\/v2\/pages\/46\/revisions\/3142"}],"wp:attachment":[{"href":"https:\/\/www.karekod.org\/loofbeach\/wp-json\/wp\/v2\/media?parent=46"}],"curies":[{"name":"wp","href":"https:\/\/api.w.org\/{rel}","templated":true}]}}