{"id":2630,"date":"2025-07-22T11:57:51","date_gmt":"2025-07-22T11:57:51","guid":{"rendered":"https:\/\/www.karekod.org\/loofbeach\/?page_id=2630"},"modified":"2026-01-22T10:02:37","modified_gmt":"2026-01-22T10:02:37","slug":"fix-menu","status":"publish","type":"page","link":"https:\/\/www.karekod.org\/loofbeach\/fix-menu\/","title":{"rendered":"F\u0130X MEN\u00dc"},"content":{"rendered":"<div id=\"pl-2630\"  class=\"panel-layout\" ><div id=\"pg-2630-0\"  class=\"panel-grid panel-no-style\" ><div id=\"pgc-2630-0-0\"  class=\"panel-grid-cell\" ><div id=\"panel-2630-0-0-0\" class=\"so-panel widget widget_restaurant_recipe_food_menu panel-first-child\" data-index=\"0\" ><div class=\"panel-widget-style panel-widget-style-for-2630-0-0-0\" >            <section id=\"restaurant_recipe_food_menu-3\" class=\"at-widgets at-food-menu-widget \">\r\n            \t<div class=\"container\">\r\n\t\t            <div class='at-widget-title-wrapper'><h3 class=\"widget-title\">BALIK F\u0130X MEN\u00dc &#8211; 1<\/h3><\/div>                    <div class=\"row featured-entries-col featured-entries-logo\">\r\n                        \r\n\t                                                        <div class=\"single-list col-sm-12 at-price-no-img\">\r\n                                        <div class=\"at-food-menu-box init-animate zoomIn\">\r\n\t\t\t\t\t\t                                                                    <div class=\"at-food-menu-body\">\r\n                                                    <div class=\"at-food-menu-header-wrap\">\r\n                                                        <div class=\"at-food-menu-header\">\r\n\t\t\t\t\t\t\t\t\t\t                    <h3>SO\u011eUK MEZELER<\/h3>                                                                <h6>\r\n                                                                    <p>\u015eak\u015fuka, Atom, Humus, Girit Ezme ,Pancarl\u0131 Patates Salatas\u0131, Cac\u0131k, Yo\u011furtlu Patl\u0131can, K\u0131s\u0131r, Yenge\u00e7 Baca\u011f\u0131, So\u011fuk Kalamar Salatas\u0131<\/p>\n                                                                <\/h6>\r\n                                                                \r\n                                                        <\/div>\r\n                                                        <div class=\"at-price\">\r\n                                                            <h2>\r\n\t\t\t\t\t\t\t\t\t\t\t                                                                                <\/h2>\r\n                                                        <\/div>\r\n\r\n                                                    <\/div>\r\n                                                <\/div><!--.at-food-menu-body-->\r\n\t\t\t\t\t\t\t                                                            <\/div><!--.at-food-menu-box-->\r\n                                    <\/div><!--$restaurant_recipe_list_classes-->\r\n\t\t\t\t                                                        <div class=\"single-list col-sm-12 at-price-no-img\">\r\n                                        <div class=\"at-food-menu-box init-animate zoomIn\">\r\n\t\t\t\t\t\t                                                                    <div class=\"at-food-menu-body\">\r\n                                                    <div class=\"at-food-menu-header-wrap\">\r\n                                                        <div class=\"at-food-menu-header\">\r\n\t\t\t\t\t\t\t\t\t\t                    <h3>ARA SICAKLAR<\/h3>                                                                <h6>\r\n                                                                    <p>-G\u00fcve\u00e7te Zeytin,K\u00f6y Hellimi, Kalamar Halkalar\u0131, Safran Pilavl\u0131 Midye, G\u00fcve\u00e7te Ahtapot Karides, Tereya\u011f\u0131nda G\u00fcve\u00e7te Kabuklu Jumbo Karides, Zeytinya\u011fl\u0131 Ahtapot Izgara, Lavunya<\/p>\n                                                                <\/h6>\r\n                                                                \r\n                                                        <\/div>\r\n                                                        <div class=\"at-price\">\r\n                                                            <h2>\r\n\t\t\t\t\t\t\t\t\t\t\t                                                                                <\/h2>\r\n                                                        <\/div>\r\n\r\n                                                    <\/div>\r\n                                                <\/div><!--.at-food-menu-body-->\r\n\t\t\t\t\t\t\t                                                            <\/div><!--.at-food-menu-box-->\r\n                                    <\/div><!--$restaurant_recipe_list_classes-->\r\n\t\t\t\t                                                        <div class=\"single-list col-sm-12 at-price-no-img\">\r\n                                        <div class=\"at-food-menu-box init-animate zoomIn\">\r\n\t\t\t\t\t\t                                                                    <div class=\"at-food-menu-body\">\r\n                                                    <div class=\"at-food-menu-header-wrap\">\r\n                                                        <div class=\"at-food-menu-header\">\r\n\t\t\t\t\t\t\t\t\t\t                    <h3>SALATALAR<\/h3>                                                                <h6>\r\n                                                                    <p>Roka Salatas\u0131 veya Greek Salatas\u0131<\/p>\n                                                                <\/h6>\r\n                                                                \r\n                                                        <\/div>\r\n                                                        <div class=\"at-price\">\r\n                                                            <h2>\r\n\t\t\t\t\t\t\t\t\t\t\t                                                                                <\/h2>\r\n                                                        <\/div>\r\n\r\n                                                    <\/div>\r\n                                                <\/div><!--.at-food-menu-body-->\r\n\t\t\t\t\t\t\t                                                            <\/div><!--.at-food-menu-box-->\r\n                                    <\/div><!--$restaurant_recipe_list_classes-->\r\n\t\t\t\t                                                        <div class=\"single-list col-sm-12 at-price-no-img\">\r\n                                        <div class=\"at-food-menu-box init-animate zoomIn\">\r\n\t\t\t\t\t\t                                                                    <div class=\"at-food-menu-body\">\r\n                                                    <div class=\"at-food-menu-header-wrap\">\r\n                                                        <div class=\"at-food-menu-header\">\r\n\t\t\t\t\t\t\t\t\t\t                    <h3>MEYVE VEYA TATLI<\/h3>                                                                <h6>\r\n                                                                                                                                    <\/h6>\r\n                                                                \r\n                                                        <\/div>\r\n                                                        <div class=\"at-price\">\r\n                                                            <h2>\r\n\t\t\t\t\t\t\t\t\t\t\t                                                                                <\/h2>\r\n                                                        <\/div>\r\n\r\n                                                    <\/div>\r\n                                                <\/div><!--.at-food-menu-body-->\r\n\t\t\t\t\t\t\t                                                            <\/div><!--.at-food-menu-box-->\r\n                                    <\/div><!--$restaurant_recipe_list_classes-->\r\n\t\t\t\t                                        <\/div>\r\n            \t<\/div>\r\n            <\/section>\r\n            <\/div><\/div><div id=\"panel-2630-0-0-1\" class=\"so-panel widget widget_restaurant_recipe_food_menu\" data-index=\"1\" ><div class=\"panel-widget-style panel-widget-style-for-2630-0-0-1\" >            <section id=\"restaurant_recipe_food_menu-3\" class=\"at-widgets at-food-menu-widget \">\r\n            \t<div class=\"container\">\r\n\t\t            <div class='at-widget-title-wrapper'><h3 class=\"widget-title\">BALIK F\u0130X MEN\u00dc &#8211; 2<\/h3><\/div>                    <div class=\"row featured-entries-col featured-entries-logo\">\r\n                        \r\n\t                                                        <div class=\"single-list col-sm-12 at-price-no-img\">\r\n                                        <div class=\"at-food-menu-box init-animate zoomIn\">\r\n\t\t\t\t\t\t                                                                    <div class=\"at-food-menu-body\">\r\n                                                    <div class=\"at-food-menu-header-wrap\">\r\n                                                        <div class=\"at-food-menu-header\">\r\n\t\t\t\t\t\t\t\t\t\t                    <h3>SO\u011eUK MEZELER<\/h3>                                                                <h6>\r\n                                                                    <p>\u015eak\u015fuka, Atom, Humus, Girit Ezme ,Pancarl\u0131 Patates Salatas\u0131, Cac\u0131k, Yo\u011furtlu Patl\u0131can, K\u0131s\u0131r, Yenge\u00e7 Baca\u011f\u0131, So\u011fuk Kalamar Salatas\u0131<\/p>\n                                                                <\/h6>\r\n                                                                \r\n                                                        <\/div>\r\n                                                        <div class=\"at-price\">\r\n                                                            <h2>\r\n\t\t\t\t\t\t\t\t\t\t\t                                                                                <\/h2>\r\n                                                        <\/div>\r\n\r\n                                                    <\/div>\r\n                                                <\/div><!--.at-food-menu-body-->\r\n\t\t\t\t\t\t\t                                                            <\/div><!--.at-food-menu-box-->\r\n                                    <\/div><!--$restaurant_recipe_list_classes-->\r\n\t\t\t\t                                                        <div class=\"single-list col-sm-12 at-price-no-img\">\r\n                                        <div class=\"at-food-menu-box init-animate zoomIn\">\r\n\t\t\t\t\t\t                                                                    <div class=\"at-food-menu-body\">\r\n                                                    <div class=\"at-food-menu-header-wrap\">\r\n                                                        <div class=\"at-food-menu-header\">\r\n\t\t\t\t\t\t\t\t\t\t                    <h3>ARA SICAKLAR<\/h3>                                                                <h6>\r\n                                                                    <p>G\u00fcve\u00e7te Zeytin ,K\u00f6y Hellimi, Kuzu D\u00f6\u015f, Arnavut Ci\u011feri, Makarna Bulli<\/p>\n                                                                <\/h6>\r\n                                                                \r\n                                                        <\/div>\r\n                                                        <div class=\"at-price\">\r\n                                                            <h2>\r\n\t\t\t\t\t\t\t\t\t\t\t                                                                                <\/h2>\r\n                                                        <\/div>\r\n\r\n                                                    <\/div>\r\n                                                <\/div><!--.at-food-menu-body-->\r\n\t\t\t\t\t\t\t                                                            <\/div><!--.at-food-menu-box-->\r\n                                    <\/div><!--$restaurant_recipe_list_classes-->\r\n\t\t\t\t                                                        <div class=\"single-list col-sm-12 at-price-no-img\">\r\n                                        <div class=\"at-food-menu-box init-animate zoomIn\">\r\n\t\t\t\t\t\t                                                                    <div class=\"at-food-menu-body\">\r\n                                                    <div class=\"at-food-menu-header-wrap\">\r\n                                                        <div class=\"at-food-menu-header\">\r\n\t\t\t\t\t\t\t\t\t\t                    <h3>SALATALAR<\/h3>                                                                <h6>\r\n                                                                    <p>Roka Salatas\u0131 veya Greek Salatas\u0131<\/p>\n                                                                <\/h6>\r\n                                                                \r\n                                                        <\/div>\r\n                                                        <div class=\"at-price\">\r\n                                                            <h2>\r\n\t\t\t\t\t\t\t\t\t\t\t                                                                                <\/h2>\r\n                                                        <\/div>\r\n\r\n                                                    <\/div>\r\n                                                <\/div><!--.at-food-menu-body-->\r\n\t\t\t\t\t\t\t                                                            <\/div><!--.at-food-menu-box-->\r\n                                    <\/div><!--$restaurant_recipe_list_classes-->\r\n\t\t\t\t                                                        <div class=\"single-list col-sm-12 at-price-no-img\">\r\n                                        <div class=\"at-food-menu-box init-animate zoomIn\">\r\n\t\t\t\t\t\t                                                                    <div class=\"at-food-menu-body\">\r\n                                                    <div class=\"at-food-menu-header-wrap\">\r\n                                                        <div class=\"at-food-menu-header\">\r\n\t\t\t\t\t\t\t\t\t\t                    <h3>MEYVE VEYA TATLI<\/h3>                                                                <h6>\r\n                                                                                                                                    <\/h6>\r\n                                                                \r\n                                                        <\/div>\r\n                                                        <div class=\"at-price\">\r\n                                                            <h2>\r\n\t\t\t\t\t\t\t\t\t\t\t                                                                                <\/h2>\r\n                                                        <\/div>\r\n\r\n                                                    <\/div>\r\n                                                <\/div><!--.at-food-menu-body-->\r\n\t\t\t\t\t\t\t                                                            <\/div><!--.at-food-menu-box-->\r\n                                    <\/div><!--$restaurant_recipe_list_classes-->\r\n\t\t\t\t                                        <\/div>\r\n            \t<\/div>\r\n            <\/section>\r\n            <\/div><\/div><div id=\"panel-2630-0-0-2\" class=\"so-panel widget widget_restaurant_recipe_food_menu panel-last-child\" data-index=\"2\" ><div class=\"panel-widget-style panel-widget-style-for-2630-0-0-2\" >            <section id=\"restaurant_recipe_food_menu-3\" class=\"at-widgets at-food-menu-widget \">\r\n            \t<div class=\"container\">\r\n\t\t            <div class='at-widget-title-wrapper'><h3 class=\"widget-title\">ET F\u0130X MEN\u00dc<\/h3><\/div>                    <div class=\"row featured-entries-col featured-entries-logo\">\r\n                        \r\n\t                                                        <div class=\"single-list col-sm-12 at-price-no-img\">\r\n                                        <div class=\"at-food-menu-box init-animate zoomIn\">\r\n\t\t\t\t\t\t                                                                    <div class=\"at-food-menu-body\">\r\n                                                    <div class=\"at-food-menu-header-wrap\">\r\n                                                        <div class=\"at-food-menu-header\">\r\n\t\t\t\t\t\t\t\t\t\t                    <h3>SO\u011eUK MEZELER<\/h3>                                                                <h6>\r\n                                                                    <p>\u015eak\u015fuka, Atom, Humus, Girit Ezme ,Pancarl\u0131 Patates Salatas\u0131, Cac\u0131k, Yo\u011furtlu Patl\u0131can, K\u0131s\u0131r, Yenge\u00e7 Baca\u011f\u0131, So\u011fuk Kalamar Salatas\u0131<\/p>\n                                                                <\/h6>\r\n                                                                \r\n                                                        <\/div>\r\n                                                        <div class=\"at-price\">\r\n                                                            <h2>\r\n\t\t\t\t\t\t\t\t\t\t\t                                                                                <\/h2>\r\n                                                        <\/div>\r\n\r\n                                                    <\/div>\r\n                                                <\/div><!--.at-food-menu-body-->\r\n\t\t\t\t\t\t\t                                                            <\/div><!--.at-food-menu-box-->\r\n                                    <\/div><!--$restaurant_recipe_list_classes-->\r\n\t\t\t\t                                                        <div class=\"single-list col-sm-12 at-price-no-img\">\r\n                                        <div class=\"at-food-menu-box init-animate zoomIn\">\r\n\t\t\t\t\t\t                                                                    <div class=\"at-food-menu-body\">\r\n                                                    <div class=\"at-food-menu-header-wrap\">\r\n                                                        <div class=\"at-food-menu-header\">\r\n\t\t\t\t\t\t\t\t\t\t                    <h3>ARA SICAKLAR<\/h3>                                                                <h6>\r\n                                                                    <p>G\u00fcve\u00e7te Zeytin ,K\u00f6y Hellimi, Kuzu D\u00f6\u015f, Arnavut Ci\u011feri, Makarna Bulli<\/p>\n                                                                <\/h6>\r\n                                                                \r\n                                                        <\/div>\r\n                                                        <div class=\"at-price\">\r\n                                                            <h2>\r\n\t\t\t\t\t\t\t\t\t\t\t                                                                                <\/h2>\r\n                                                        <\/div>\r\n\r\n                                                    <\/div>\r\n                                                <\/div><!--.at-food-menu-body-->\r\n\t\t\t\t\t\t\t                                                            <\/div><!--.at-food-menu-box-->\r\n                                    <\/div><!--$restaurant_recipe_list_classes-->\r\n\t\t\t\t                                                        <div class=\"single-list col-sm-12 at-price-no-img\">\r\n                                        <div class=\"at-food-menu-box init-animate zoomIn\">\r\n\t\t\t\t\t\t                                                                    <div class=\"at-food-menu-body\">\r\n                                                    <div class=\"at-food-menu-header-wrap\">\r\n                                                        <div class=\"at-food-menu-header\">\r\n\t\t\t\t\t\t\t\t\t\t                    <h3>SALATALAR<\/h3>                                                                <h6>\r\n                                                                    <p>Roka Salatas\u0131 veya Greek Salatas\u0131<\/p>\n                                                                <\/h6>\r\n                                                                \r\n                                                        <\/div>\r\n                                                        <div class=\"at-price\">\r\n                                                            <h2>\r\n\t\t\t\t\t\t\t\t\t\t\t                                                                                <\/h2>\r\n                                                        <\/div>\r\n\r\n                                                    <\/div>\r\n                                                <\/div><!--.at-food-menu-body-->\r\n\t\t\t\t\t\t\t                                                            <\/div><!--.at-food-menu-box-->\r\n                                    <\/div><!--$restaurant_recipe_list_classes-->\r\n\t\t\t\t                                                        <div class=\"single-list col-sm-12 at-price-no-img\">\r\n                                        <div class=\"at-food-menu-box init-animate zoomIn\">\r\n\t\t\t\t\t\t                                                                    <div class=\"at-food-menu-body\">\r\n                                                    <div class=\"at-food-menu-header-wrap\">\r\n                                                        <div class=\"at-food-menu-header\">\r\n\t\t\t\t\t\t\t\t\t\t                    <h3>ALKOLL\u00dc<\/h3>                                                                <h6>\r\n                                                                                                                                    <\/h6>\r\n                                                                \r\n                                                        <\/div>\r\n                                                        <div class=\"at-price\">\r\n                                                            <h2>\r\n\t\t\t\t\t\t\t\t\t\t\t                    \u20ba2000                                                            <\/h2>\r\n                                                        <\/div>\r\n\r\n                                                    <\/div>\r\n                                                <\/div><!--.at-food-menu-body-->\r\n\t\t\t\t\t\t\t                                                            <\/div><!--.at-food-menu-box-->\r\n                                    <\/div><!--$restaurant_recipe_list_classes-->\r\n\t\t\t\t                                                        <div class=\"single-list col-sm-12 at-price-no-img\">\r\n                                        <div class=\"at-food-menu-box init-animate zoomIn\">\r\n\t\t\t\t\t\t                                                                    <div class=\"at-food-menu-body\">\r\n                                                    <div class=\"at-food-menu-header-wrap\">\r\n                                                        <div class=\"at-food-menu-header\">\r\n\t\t\t\t\t\t\t\t\t\t                    <h3>ALKOLS\u00dcZ<\/h3>                                                                <h6>\r\n                                                                                                                                    <\/h6>\r\n                                                                \r\n                                                        <\/div>\r\n                                                        <div class=\"at-price\">\r\n                                                            <h2>\r\n\t\t\t\t\t\t\t\t\t\t\t                    \u20ba1600                                                            <\/h2>\r\n                                                        <\/div>\r\n\r\n                                                    <\/div>\r\n                                                <\/div><!--.at-food-menu-body-->\r\n\t\t\t\t\t\t\t                                                            <\/div><!--.at-food-menu-box-->\r\n                                    <\/div><!--$restaurant_recipe_list_classes-->\r\n\t\t\t\t                                                        <div class=\"single-list col-sm-12 at-price-no-img\">\r\n                                        <div class=\"at-food-menu-box init-animate zoomIn\">\r\n\t\t\t\t\t\t                                                                    <div class=\"at-food-menu-body\">\r\n                                                    <div class=\"at-food-menu-header-wrap\">\r\n                                                        <div class=\"at-food-menu-header\">\r\n\t\t\t\t\t\t\t\t\t\t                    <h3>MEYVE VEYA TATLI<\/h3>                                                                <h6>\r\n                                                                                                                                    <\/h6>\r\n                                                                \r\n                                                        <\/div>\r\n                                                        <div class=\"at-price\">\r\n                                                            <h2>\r\n\t\t\t\t\t\t\t\t\t\t\t                                                                                <\/h2>\r\n                                                        <\/div>\r\n\r\n                                                    <\/div>\r\n                                                <\/div><!--.at-food-menu-body-->\r\n\t\t\t\t\t\t\t                                                            <\/div><!--.at-food-menu-box-->\r\n                                    <\/div><!--$restaurant_recipe_list_classes-->\r\n\t\t\t\t                                        <\/div>\r\n            \t<\/div>\r\n            <\/section>\r\n            <\/div><\/div><\/div><\/div><\/div>","protected":false},"excerpt":{"rendered":"","protected":false},"author":1,"featured_media":0,"parent":0,"menu_order":0,"comment_status":"closed","ping_status":"closed","template":"page-templates\/template-builder.php","meta":{"footnotes":""},"class_list":["post-2630","page","type-page","status-publish","hentry"],"_links":{"self":[{"href":"https:\/\/www.karekod.org\/loofbeach\/wp-json\/wp\/v2\/pages\/2630","targetHints":{"allow":["GET"]}}],"collection":[{"href":"https:\/\/www.karekod.org\/loofbeach\/wp-json\/wp\/v2\/pages"}],"about":[{"href":"https:\/\/www.karekod.org\/loofbeach\/wp-json\/wp\/v2\/types\/page"}],"author":[{"embeddable":true,"href":"https:\/\/www.karekod.org\/loofbeach\/wp-json\/wp\/v2\/users\/1"}],"replies":[{"embeddable":true,"href":"https:\/\/www.karekod.org\/loofbeach\/wp-json\/wp\/v2\/comments?post=2630"}],"version-history":[{"count":17,"href":"https:\/\/www.karekod.org\/loofbeach\/wp-json\/wp\/v2\/pages\/2630\/revisions"}],"predecessor-version":[{"id":2985,"href":"https:\/\/www.karekod.org\/loofbeach\/wp-json\/wp\/v2\/pages\/2630\/revisions\/2985"}],"wp:attachment":[{"href":"https:\/\/www.karekod.org\/loofbeach\/wp-json\/wp\/v2\/media?parent=2630"}],"curies":[{"name":"wp","href":"https:\/\/api.w.org\/{rel}","templated":true}]}}