{"id":1399,"date":"2024-07-05T05:45:12","date_gmt":"2024-07-05T05:45:12","guid":{"rendered":"https:\/\/www.karekod.org\/loofbeach\/?page_id=1399"},"modified":"2026-01-16T09:33:52","modified_gmt":"2026-01-16T09:33:52","slug":"menu","status":"publish","type":"page","link":"https:\/\/www.karekod.org\/loofbeach\/menu\/","title":{"rendered":"Men\u00fc"},"content":{"rendered":"<div id=\"pl-1399\"  class=\"panel-layout\" ><div id=\"pg-1399-0\"  class=\"panel-grid panel-no-style\" ><div id=\"pgc-1399-0-0\"  class=\"panel-grid-cell\" ><div id=\"panel-1399-0-0-0\" class=\"so-panel widget widget_restaurant_recipe_feature panel-first-child\" data-index=\"0\" >\t\t\t<section id=\"restaurant_recipe_feature-3\" class=\"at-widgets primary-bg at-parallax \" style=\"background-image:url(http:\/\/www.karekod.org\/loofbeach\/wp-content\/uploads\/2024\/07\/WhatsApp-Gorsel-2024-07-03-saat-10.14.00_d7f106a7-scaled.jpg);background-repeat:no-repeat;background-size:cover;background-attachment:fixed;background-position: center;\">\r\n\t\t\t\t<div class=\"container\">\r\n\t\t\t\t\t<div class='at-widget-title-wrapper'><h3 class=\"widget-title\">Kahvalt\u0131 Men\u00fc<\/h3><\/div>\t\t\t\t\t<div class=\"row\">\r\n                     \r\n\t\t\t\t\t\t<div class=\"col-md-12 at-btn-wrap init-animate zoomIn\">\r\n                                                            <a href=\"https:\/\/www.karekod.org\/loofbeach\/gunduz-menu\/\" class=\"init-animate zoomIn btn btn-primary btn-reverse outline-outward banner-btn\">\r\n                                    Kahvalt\u0131 Men\u00fc                                    <i class=\"fa fa-angle-double-right\"><\/i>\r\n                                <\/a>\r\n                                                        <\/div>\r\n\t\t\t\t\t<\/div>\r\n\t\t\t\t<\/div>\r\n\t\t\t<\/section>\r\n\t\t\t<\/div><div id=\"panel-1399-0-0-1\" class=\"so-panel widget widget_restaurant_recipe_feature\" data-index=\"1\" >\t\t\t<section id=\"restaurant_recipe_feature-3\" class=\"at-widgets primary-bg at-parallax \" style=\"background-image:url(http:\/\/www.karekod.org\/loofbeach\/wp-content\/uploads\/2026\/01\/sea-food-site-gorseli.jpg);background-repeat:no-repeat;background-size:cover;background-attachment:fixed;background-position: center;\">\r\n\t\t\t\t<div class=\"container\">\r\n\t\t\t\t\t<div class='at-widget-title-wrapper'><h3 class=\"widget-title\">Boil Men\u00fc<\/h3><\/div>\t\t\t\t\t<div class=\"row\">\r\n                     \r\n\t\t\t\t\t\t<div class=\"col-md-12 at-btn-wrap init-animate zoomIn\">\r\n                                                            <a href=\"https:\/\/www.karekod.org\/loofbeach\/oglen-menu\/\" class=\"init-animate zoomIn btn btn-primary btn-reverse outline-outward banner-btn\">\r\n                                    Boil Men\u00fc                                    <i class=\"fa fa-angle-double-right\"><\/i>\r\n                                <\/a>\r\n                                                        <\/div>\r\n\t\t\t\t\t<\/div>\r\n\t\t\t\t<\/div>\r\n\t\t\t<\/section>\r\n\t\t\t<\/div><div id=\"panel-1399-0-0-2\" class=\"so-panel widget widget_restaurant_recipe_feature\" data-index=\"2\" >\t\t\t<section id=\"restaurant_recipe_feature-3\" class=\"at-widgets primary-bg at-parallax \" style=\"background-image:url(http:\/\/www.karekod.org\/loofbeach\/wp-content\/uploads\/2018\/11\/banner.jpg);background-repeat:no-repeat;background-size:cover;background-attachment:fixed;background-position: center;\">\r\n\t\t\t\t<div class=\"container\">\r\n\t\t\t\t\t<div class='at-widget-title-wrapper'><h3 class=\"widget-title\">Ak\u015fam Men\u00fc<\/h3><\/div>\t\t\t\t\t<div class=\"row\">\r\n                     \r\n\t\t\t\t\t\t<div class=\"col-md-12 at-btn-wrap init-animate zoomIn\">\r\n                                                            <a href=\"https:\/\/www.karekod.org\/loofbeach\/aksam-menu\/\" class=\"init-animate zoomIn btn btn-primary btn-reverse outline-outward banner-btn\">\r\n                                    Ak\u015fam Men\u00fc                                    <i class=\"fa fa-angle-double-right\"><\/i>\r\n                                <\/a>\r\n                                                        <\/div>\r\n\t\t\t\t\t<\/div>\r\n\t\t\t\t<\/div>\r\n\t\t\t<\/section>\r\n\t\t\t<\/div><div id=\"panel-1399-0-0-3\" class=\"so-panel widget widget_restaurant_recipe_feature\" data-index=\"3\" >\t\t\t<section id=\"restaurant_recipe_feature-3\" class=\"at-widgets primary-bg at-parallax \" style=\"background-image:url(http:\/\/www.karekod.org\/loofbeach\/wp-content\/uploads\/2024\/07\/295694498_2671812086341334_5078574661137587062_n.jpg);background-repeat:no-repeat;background-size:cover;background-attachment:fixed;background-position: center;\">\r\n\t\t\t\t<div class=\"container\">\r\n\t\t\t\t\t<div class='at-widget-title-wrapper'><h3 class=\"widget-title\">Alkols\u00fcz \u0130\u00e7ecek Men\u00fc<\/h3><\/div>\t\t\t\t\t<div class=\"row\">\r\n                     \r\n\t\t\t\t\t\t<div class=\"col-md-12 at-btn-wrap init-animate zoomIn\">\r\n                                                            <a href=\"https:\/\/www.karekod.org\/loofbeach\/icecek\/\" class=\"init-animate zoomIn btn btn-primary btn-reverse outline-outward banner-btn\">\r\n                                    Alkols\u00fcz \u0130\u00e7ecek Men\u00fc                                    <i class=\"fa fa-angle-double-right\"><\/i>\r\n                                <\/a>\r\n                                                        <\/div>\r\n\t\t\t\t\t<\/div>\r\n\t\t\t\t<\/div>\r\n\t\t\t<\/section>\r\n\t\t\t<\/div><div id=\"panel-1399-0-0-4\" class=\"so-panel widget widget_restaurant_recipe_feature panel-last-child\" data-index=\"4\" >\t\t\t<section id=\"restaurant_recipe_feature-3\" class=\"at-widgets primary-bg at-parallax \" style=\"background-image:url(http:\/\/www.karekod.org\/loofbeach\/wp-content\/uploads\/2024\/07\/294001091_358849353065771_2715208682937203825_n.jpg);background-repeat:no-repeat;background-size:cover;background-attachment:fixed;background-position: center;\">\r\n\t\t\t\t<div class=\"container\">\r\n\t\t\t\t\t<div class='at-widget-title-wrapper'><h3 class=\"widget-title\">Alkoll\u00fc \u0130\u00e7ecek Men\u00fc<\/h3><\/div>\t\t\t\t\t<div class=\"row\">\r\n                     \r\n\t\t\t\t\t\t<div class=\"col-md-12 at-btn-wrap init-animate zoomIn\">\r\n                                                            <a href=\"https:\/\/www.karekod.org\/loofbeach\/alkollu-icecek-menu\/\" class=\"init-animate zoomIn btn btn-primary btn-reverse outline-outward banner-btn\">\r\n                                    Alkoll\u00fc \u0130\u00e7ecek Men\u00fc                                    <i class=\"fa fa-angle-double-right\"><\/i>\r\n                                <\/a>\r\n                                                        <\/div>\r\n\t\t\t\t\t<\/div>\r\n\t\t\t\t<\/div>\r\n\t\t\t<\/section>\r\n\t\t\t<\/div><\/div><\/div><\/div>","protected":false},"excerpt":{"rendered":"<p>Kahvalt\u0131 Men\u00fc Kahvalt\u0131 Men\u00fc Boil Men\u00fc Boil Men\u00fc Ak\u015fam Men\u00fc Ak\u015fam Men\u00fc Alkols\u00fcz \u0130\u00e7ecek Men\u00fc Alkols\u00fcz \u0130\u00e7ecek Men\u00fc Alkoll\u00fc \u0130\u00e7ecek Men\u00fc Alkoll\u00fc \u0130\u00e7ecek Men\u00fc<\/p>\n","protected":false},"author":1,"featured_media":0,"parent":0,"menu_order":0,"comment_status":"closed","ping_status":"closed","template":"page-templates\/template-builder.php","meta":{"footnotes":""},"class_list":["post-1399","page","type-page","status-publish","hentry"],"_links":{"self":[{"href":"https:\/\/www.karekod.org\/loofbeach\/wp-json\/wp\/v2\/pages\/1399","targetHints":{"allow":["GET"]}}],"collection":[{"href":"https:\/\/www.karekod.org\/loofbeach\/wp-json\/wp\/v2\/pages"}],"about":[{"href":"https:\/\/www.karekod.org\/loofbeach\/wp-json\/wp\/v2\/types\/page"}],"author":[{"embeddable":true,"href":"https:\/\/www.karekod.org\/loofbeach\/wp-json\/wp\/v2\/users\/1"}],"replies":[{"embeddable":true,"href":"https:\/\/www.karekod.org\/loofbeach\/wp-json\/wp\/v2\/comments?post=1399"}],"version-history":[{"count":11,"href":"https:\/\/www.karekod.org\/loofbeach\/wp-json\/wp\/v2\/pages\/1399\/revisions"}],"predecessor-version":[{"id":2757,"href":"https:\/\/www.karekod.org\/loofbeach\/wp-json\/wp\/v2\/pages\/1399\/revisions\/2757"}],"wp:attachment":[{"href":"https:\/\/www.karekod.org\/loofbeach\/wp-json\/wp\/v2\/media?parent=1399"}],"curies":[{"name":"wp","href":"https:\/\/api.w.org\/{rel}","templated":true}]}}