{"id":1385,"date":"2024-07-04T12:54:23","date_gmt":"2024-07-04T12:54:23","guid":{"rendered":"https:\/\/www.karekod.org\/loofbeach\/?page_id=1385"},"modified":"2026-03-18T14:14:10","modified_gmt":"2026-03-18T14:14:10","slug":"gunduz-menu","status":"publish","type":"page","link":"https:\/\/www.karekod.org\/loofbeach\/gunduz-menu\/","title":{"rendered":"KAHVALTI MEN\u00dc"},"content":{"rendered":"<div id=\"pl-1385\"  class=\"panel-layout\" ><div id=\"pg-1385-0\"  class=\"panel-grid panel-no-style\" ><div id=\"pgc-1385-0-0\"  class=\"panel-grid-cell\" ><div id=\"panel-1385-0-0-0\" class=\"so-panel widget widget_restaurant_recipe_food_menu panel-first-child panel-last-child\" data-index=\"0\" ><div class=\"panel-widget-style panel-widget-style-for-1385-0-0-0\" >            <section id=\"restaurant_recipe_food_menu-3\" class=\"at-widgets at-food-menu-widget at-gray-bg\">\r\n            \t<div class=\"container\">\r\n\t\t            <div class='at-widget-title-wrapper'><h3 class=\"widget-title\">KAHVALTI<\/h3><\/div>                    <div class=\"row featured-entries-col featured-entries-logo\">\r\n                        \r\n\t                                                        <div class=\"single-list col-sm-6 at-price-no-img\">\r\n                                        <div class=\"at-food-menu-box init-animate zoomIn\">\r\n\t\t\t\t\t\t                                                                    <div class=\"at-food-menu-body\">\r\n                                                    <div class=\"at-food-menu-header-wrap\">\r\n                                                        <div class=\"at-food-menu-header\">\r\n\t\t\t\t\t\t\t\t\t\t                    <h3>SERPME KAHVALTI<\/h3>                                                                <h6>\r\n                                                                    <p>Y\u00f6resel peynir taba\u011f\u0131<br \/>\n(Beyaz peynir, Ka\u015far peyniri, Bergama tulum peyniri, Van otlu peyniri)<\/p>\n<p>S\u00f6\u011f\u00fc\u015f taba\u011f\u0131<br \/>\n(Domates-Salatal\u0131k s\u00f6\u011f\u00fc\u015f, Mevsim Ye\u015fillikleri, Sivri Biber, Kuru kay\u0131s\u0131, Kuru incir)<\/p>\n<p>S\u0131cak Taba\u011f\u0131<br \/>\nIzgara Sosis, Izgara Sucuk, Sigara b\u00f6re\u011fi, Izgara Hellim, Patates K\u0131zartmas\u0131<\/p>\n<p>Bal, Kaymak, Tereya\u011f\u0131, Vi\u015fne re\u00e7eli, \u00c7ilek re\u00e7eli,Nutella, Acuka Siyah zeytin, K\u0131r\u0131k zeytin<\/p>\n<p>G\u00f6z yumurta<\/p>\n                                                                <\/h6>\r\n                                                                \r\n                                                        <\/div>\r\n                                                        <div class=\"at-price\">\r\n                                                            <h2>\r\n\t\t\t\t\t\t\t\t\t\t\t                    \u20ba900                                                            <\/h2>\r\n                                                        <\/div>\r\n\r\n                                                    <\/div>\r\n                                                <\/div><!--.at-food-menu-body-->\r\n\t\t\t\t\t\t\t                                                            <\/div><!--.at-food-menu-box-->\r\n                                    <\/div><!--$restaurant_recipe_list_classes-->\r\n\t\t\t\t                                                        <div class=\"single-list col-sm-6 at-price-no-img\">\r\n                                        <div class=\"at-food-menu-box init-animate zoomIn\">\r\n\t\t\t\t\t\t                                                                    <div class=\"at-food-menu-body\">\r\n                                                    <div class=\"at-food-menu-header-wrap\">\r\n                                                        <div class=\"at-food-menu-header\">\r\n\t\t\t\t\t\t\t\t\t\t                    <h3>OMLET \u00c7E\u015e\u0130TLER\u0130<\/h3>                                                                <h6>\r\n                                                                    <p>Mantarl\u0131, Peynirli, Sebzeli<\/p>\n                                                                <\/h6>\r\n                                                                \r\n                                                        <\/div>\r\n                                                        <div class=\"at-price\">\r\n                                                            <h2>\r\n\t\t\t\t\t\t\t\t\t\t\t                    \u20ba500                                                            <\/h2>\r\n                                                        <\/div>\r\n\r\n                                                    <\/div>\r\n                                                <\/div><!--.at-food-menu-body-->\r\n\t\t\t\t\t\t\t                                                            <\/div><!--.at-food-menu-box-->\r\n                                    <\/div><!--$restaurant_recipe_list_classes-->\r\n\t\t\t\t                    <div class='clearfix'><\/div>                                    <div class=\"single-list col-sm-6 at-price-no-img\">\r\n                                        <div class=\"at-food-menu-box init-animate zoomIn\">\r\n\t\t\t\t\t\t                                                                    <div class=\"at-food-menu-body\">\r\n                                                    <div class=\"at-food-menu-header-wrap\">\r\n                                                        <div class=\"at-food-menu-header\">\r\n\t\t\t\t\t\t\t\t\t\t                    <h3>G\u00d6Z YUMURTA<\/h3>                                                                <h6>\r\n                                                                                                                                    <\/h6>\r\n                                                                \r\n                                                        <\/div>\r\n                                                        <div class=\"at-price\">\r\n                                                            <h2>\r\n\t\t\t\t\t\t\t\t\t\t\t                    \u20ba250                                                            <\/h2>\r\n                                                        <\/div>\r\n\r\n                                                    <\/div>\r\n                                                <\/div><!--.at-food-menu-body-->\r\n\t\t\t\t\t\t\t                                                            <\/div><!--.at-food-menu-box-->\r\n                                    <\/div><!--$restaurant_recipe_list_classes-->\r\n\t\t\t\t                                                        <div class=\"single-list col-sm-6 at-price-no-img\">\r\n                                        <div class=\"at-food-menu-box init-animate zoomIn\">\r\n\t\t\t\t\t\t                                                                    <div class=\"at-food-menu-body\">\r\n                                                    <div class=\"at-food-menu-header-wrap\">\r\n                                                        <div class=\"at-food-menu-header\">\r\n\t\t\t\t\t\t\t\t\t\t                    <h3>SUCUK TAVA<\/h3>                                                                <h6>\r\n                                                                                                                                    <\/h6>\r\n                                                                \r\n                                                        <\/div>\r\n                                                        <div class=\"at-price\">\r\n                                                            <h2>\r\n\t\t\t\t\t\t\t\t\t\t\t                    \u20ba300                                                            <\/h2>\r\n                                                        <\/div>\r\n\r\n                                                    <\/div>\r\n                                                <\/div><!--.at-food-menu-body-->\r\n\t\t\t\t\t\t\t                                                            <\/div><!--.at-food-menu-box-->\r\n                                    <\/div><!--$restaurant_recipe_list_classes-->\r\n\t\t\t\t                    <div class='clearfix'><\/div>                                    <div class=\"single-list col-sm-6 at-price-no-img\">\r\n                                        <div class=\"at-food-menu-box init-animate zoomIn\">\r\n\t\t\t\t\t\t                                                                    <div class=\"at-food-menu-body\">\r\n                                                    <div class=\"at-food-menu-header-wrap\">\r\n                                                        <div class=\"at-food-menu-header\">\r\n\t\t\t\t\t\t\t\t\t\t                    <h3>MENEMEN<\/h3>                                                                <h6>\r\n                                                                                                                                    <\/h6>\r\n                                                                \r\n                                                        <\/div>\r\n                                                        <div class=\"at-price\">\r\n                                                            <h2>\r\n\t\t\t\t\t\t\t\t\t\t\t                    \u20ba400                                                            <\/h2>\r\n                                                        <\/div>\r\n\r\n                                                    <\/div>\r\n                                                <\/div><!--.at-food-menu-body-->\r\n\t\t\t\t\t\t\t                                                            <\/div><!--.at-food-menu-box-->\r\n                                    <\/div><!--$restaurant_recipe_list_classes-->\r\n\t\t\t\t                                                        <div class=\"single-list col-sm-6\">\r\n                                        <div class=\"at-food-menu-box init-animate zoomIn\">\r\n\t\t\t\t\t\t                                                                        <div class=\"at-food-menu-img-box\">\r\n\t\t\t\t\t\t\t\t\t                    <img loading=\"lazy\" decoding=\"async\" width=\"150\" height=\"150\" src=\"https:\/\/www.karekod.org\/loofbeach\/wp-content\/uploads\/2025\/07\/DSC04512-scaled-e1751373944125-150x150.jpg\" class=\"attachment-thumbnail size-thumbnail wp-post-image\" alt=\"\" \/>                                                    <\/div>\r\n                                                                                                    <div class=\"at-food-menu-body\">\r\n                                                    <div class=\"at-food-menu-header-wrap\">\r\n                                                        <div class=\"at-food-menu-header\">\r\n\t\t\t\t\t\t\t\t\t\t                    <h3>EGGS BENEDICT<\/h3>                                                                <h6>\r\n                                                                    <p>po\u015fe yumurta, labne, avakado<\/p>\n<p>(Somon Se\u00e7ene\u011fi ile)<\/p>\n                                                                <\/h6>\r\n                                                                \r\n                                                        <\/div>\r\n                                                        <div class=\"at-price\">\r\n                                                            <h2>\r\n\t\t\t\t\t\t\t\t\t\t\t                    \u20ba650                                                            <\/h2>\r\n                                                        <\/div>\r\n\r\n                                                    <\/div>\r\n                                                <\/div><!--.at-food-menu-body-->\r\n\t\t\t\t\t\t\t                                                            <\/div><!--.at-food-menu-box-->\r\n                                    <\/div><!--$restaurant_recipe_list_classes-->\r\n\t\t\t\t                    <div class='clearfix'><\/div>                                    <div class=\"single-list col-sm-6 at-price-no-img\">\r\n                                        <div class=\"at-food-menu-box init-animate zoomIn\">\r\n\t\t\t\t\t\t                                                                    <div class=\"at-food-menu-body\">\r\n                                                    <div class=\"at-food-menu-header-wrap\">\r\n                                                        <div class=\"at-food-menu-header\">\r\n\t\t\t\t\t\t\t\t\t\t                    <h3>ENGLISH BREAKFAST<\/h3>                                                                <h6>\r\n                                                                    <p>G\u00f6z yumurta,Sosis,Mantar,Baked Beans,Domates,Steaming Patates<\/p>\n                                                                <\/h6>\r\n                                                                \r\n                                                        <\/div>\r\n                                                        <div class=\"at-price\">\r\n                                                            <h2>\r\n\t\t\t\t\t\t\t\t\t\t\t                    \u20ba750                                                            <\/h2>\r\n                                                        <\/div>\r\n\r\n                                                    <\/div>\r\n                                                <\/div><!--.at-food-menu-body-->\r\n\t\t\t\t\t\t\t                                                            <\/div><!--.at-food-menu-box-->\r\n                                    <\/div><!--$restaurant_recipe_list_classes-->\r\n\t\t\t\t                                                        <div class=\"single-list col-sm-6 at-price-no-img\">\r\n                                        <div class=\"at-food-menu-box init-animate zoomIn\">\r\n\t\t\t\t\t\t                                                                    <div class=\"at-food-menu-body\">\r\n                                                    <div class=\"at-food-menu-header-wrap\">\r\n                                                        <div class=\"at-food-menu-header\">\r\n\t\t\t\t\t\t\t\t\t\t                    <h3>KUYMAK<\/h3>                                                                <h6>\r\n                                                                                                                                    <\/h6>\r\n                                                                \r\n                                                        <\/div>\r\n                                                        <div class=\"at-price\">\r\n                                                            <h2>\r\n\t\t\t\t\t\t\t\t\t\t\t                    \u20ba400                                                            <\/h2>\r\n                                                        <\/div>\r\n\r\n                                                    <\/div>\r\n                                                <\/div><!--.at-food-menu-body-->\r\n\t\t\t\t\t\t\t                                                            <\/div><!--.at-food-menu-box-->\r\n                                    <\/div><!--$restaurant_recipe_list_classes-->\r\n\t\t\t\t                    <div class='clearfix'><\/div>                                    <div class=\"single-list col-sm-6 at-price-no-img\">\r\n                                        <div class=\"at-food-menu-box init-animate zoomIn\">\r\n\t\t\t\t\t\t                                                                    <div class=\"at-food-menu-body\">\r\n                                                    <div class=\"at-food-menu-header-wrap\">\r\n                                                        <div class=\"at-food-menu-header\">\r\n\t\t\t\t\t\t\t\t\t\t                    <h3>SICAK TABA\u011eI<\/h3>                                                                <h6>\r\n                                                                    <p>Izgara Sosis, Izgara Sucuk, Sigara b\u00f6re\u011fi, Izgara Hellim, Patates K\u0131zartmas\u0131<\/p>\n                                                                <\/h6>\r\n                                                                \r\n                                                        <\/div>\r\n                                                        <div class=\"at-price\">\r\n                                                            <h2>\r\n\t\t\t\t\t\t\t\t\t\t\t                    \u20ba550                                                            <\/h2>\r\n                                                        <\/div>\r\n\r\n                                                    <\/div>\r\n                                                <\/div><!--.at-food-menu-body-->\r\n\t\t\t\t\t\t\t                                                            <\/div><!--.at-food-menu-box-->\r\n                                    <\/div><!--$restaurant_recipe_list_classes-->\r\n\t\t\t\t                                                        <div class=\"single-list col-sm-6 at-price-no-img\">\r\n                                        <div class=\"at-food-menu-box init-animate zoomIn\">\r\n\t\t\t\t\t\t                                                                    <div class=\"at-food-menu-body\">\r\n                                                    <div class=\"at-food-menu-header-wrap\">\r\n                                                        <div class=\"at-food-menu-header\">\r\n\t\t\t\t\t\t\t\t\t\t                    <h3>KA\u015eARLI TOST<\/h3>                                                                <h6>\r\n                                                                    <p>Mevsim Ye\u015fillikleri, Domates, Salatal\u0131k S\u00f6\u011f\u00fc\u015f, Patates K\u0131zartmas\u0131<\/p>\n                                                                <\/h6>\r\n                                                                \r\n                                                        <\/div>\r\n                                                        <div class=\"at-price\">\r\n                                                            <h2>\r\n\t\t\t\t\t\t\t\t\t\t\t                    \u20ba450                                                            <\/h2>\r\n                                                        <\/div>\r\n\r\n                                                    <\/div>\r\n                                                <\/div><!--.at-food-menu-body-->\r\n\t\t\t\t\t\t\t                                                            <\/div><!--.at-food-menu-box-->\r\n                                    <\/div><!--$restaurant_recipe_list_classes-->\r\n\t\t\t\t                    <div class='clearfix'><\/div>                                    <div class=\"single-list col-sm-6 at-price-no-img\">\r\n                                        <div class=\"at-food-menu-box init-animate zoomIn\">\r\n\t\t\t\t\t\t                                                                    <div class=\"at-food-menu-body\">\r\n                                                    <div class=\"at-food-menu-header-wrap\">\r\n                                                        <div class=\"at-food-menu-header\">\r\n\t\t\t\t\t\t\t\t\t\t                    <h3>KARI\u015eIK TOST<\/h3>                                                                <h6>\r\n                                                                    <p>Mevsim Ye\u015fillikleri, Domates, Salatal\u0131k S\u00f6\u011f\u00fc\u015f, Patates K\u0131zartmas\u0131<\/p>\n                                                                <\/h6>\r\n                                                                \r\n                                                        <\/div>\r\n                                                        <div class=\"at-price\">\r\n                                                            <h2>\r\n\t\t\t\t\t\t\t\t\t\t\t                    \u20ba600                                                            <\/h2>\r\n                                                        <\/div>\r\n\r\n                                                    <\/div>\r\n                                                <\/div><!--.at-food-menu-body-->\r\n\t\t\t\t\t\t\t                                                            <\/div><!--.at-food-menu-box-->\r\n                                    <\/div><!--$restaurant_recipe_list_classes-->\r\n\t\t\t\t                                                        <div class=\"single-list col-sm-6 at-price-no-img\">\r\n                                        <div class=\"at-food-menu-box init-animate zoomIn\">\r\n\t\t\t\t\t\t                                                                    <div class=\"at-food-menu-body\">\r\n                                                    <div class=\"at-food-menu-header-wrap\">\r\n                                                        <div class=\"at-food-menu-header\">\r\n\t\t\t\t\t\t\t\t\t\t                    <h3>KAHVALTI TABA\u011eI<\/h3>                                                                <h6>\r\n                                                                                                                                    <\/h6>\r\n                                                                \r\n                                                        <\/div>\r\n                                                        <div class=\"at-price\">\r\n                                                            <h2>\r\n\t\t\t\t\t\t\t\t\t\t\t                    \u20ba700                                                            <\/h2>\r\n                                                        <\/div>\r\n\r\n                                                    <\/div>\r\n                                                <\/div><!--.at-food-menu-body-->\r\n\t\t\t\t\t\t\t                                                            <\/div><!--.at-food-menu-box-->\r\n                                    <\/div><!--$restaurant_recipe_list_classes-->\r\n\t\t\t\t                                        <\/div>\r\n            \t<\/div>\r\n            <\/section>\r\n            <\/div><\/div><\/div><\/div><\/div>","protected":false},"excerpt":{"rendered":"","protected":false},"author":1,"featured_media":0,"parent":0,"menu_order":0,"comment_status":"closed","ping_status":"closed","template":"page-templates\/template-builder.php","meta":{"footnotes":""},"class_list":["post-1385","page","type-page","status-publish","hentry"],"_links":{"self":[{"href":"https:\/\/www.karekod.org\/loofbeach\/wp-json\/wp\/v2\/pages\/1385","targetHints":{"allow":["GET"]}}],"collection":[{"href":"https:\/\/www.karekod.org\/loofbeach\/wp-json\/wp\/v2\/pages"}],"about":[{"href":"https:\/\/www.karekod.org\/loofbeach\/wp-json\/wp\/v2\/types\/page"}],"author":[{"embeddable":true,"href":"https:\/\/www.karekod.org\/loofbeach\/wp-json\/wp\/v2\/users\/1"}],"replies":[{"embeddable":true,"href":"https:\/\/www.karekod.org\/loofbeach\/wp-json\/wp\/v2\/comments?post=1385"}],"version-history":[{"count":28,"href":"https:\/\/www.karekod.org\/loofbeach\/wp-json\/wp\/v2\/pages\/1385\/revisions"}],"predecessor-version":[{"id":3119,"href":"https:\/\/www.karekod.org\/loofbeach\/wp-json\/wp\/v2\/pages\/1385\/revisions\/3119"}],"wp:attachment":[{"href":"https:\/\/www.karekod.org\/loofbeach\/wp-json\/wp\/v2\/media?parent=1385"}],"curies":[{"name":"wp","href":"https:\/\/api.w.org\/{rel}","templated":true}]}}