{"id":303,"date":"2022-03-16T00:34:58","date_gmt":"2022-03-15T21:34:58","guid":{"rendered":"https:\/\/www.karekod.org\/lily\/?page_id=303"},"modified":"2022-06-13T13:36:30","modified_gmt":"2022-06-13T10:36:30","slug":"lily-steak-sandvic","status":"publish","type":"page","link":"https:\/\/www.karekod.org\/lily\/lily-steak-sandvic\/","title":{"rendered":"L\u0130LY STEAK SANDV\u0130\u00c7"},"content":{"rendered":"","protected":false},"excerpt":{"rendered":"<p>Baget ekme\u011finde karamelize so\u011fan ve cheedar sos, reli\u015f sos ye\u015fil so\u011fan, k\u0131rm\u0131z\u0131 toz biber, parmesan (rende), parmak patates e\u015fli\u011finde <\/p>\n","protected":false},"author":2,"featured_media":0,"parent":0,"menu_order":0,"comment_status":"closed","ping_status":"closed","template":"","meta":{"footnotes":""},"class_list":["post-303","page","type-page","status-publish","hentry"],"_links":{"self":[{"href":"https:\/\/www.karekod.org\/lily\/wp-json\/wp\/v2\/pages\/303","targetHints":{"allow":["GET"]}}],"collection":[{"href":"https:\/\/www.karekod.org\/lily\/wp-json\/wp\/v2\/pages"}],"about":[{"href":"https:\/\/www.karekod.org\/lily\/wp-json\/wp\/v2\/types\/page"}],"author":[{"embeddable":true,"href":"https:\/\/www.karekod.org\/lily\/wp-json\/wp\/v2\/users\/2"}],"replies":[{"embeddable":true,"href":"https:\/\/www.karekod.org\/lily\/wp-json\/wp\/v2\/comments?post=303"}],"version-history":[{"count":5,"href":"https:\/\/www.karekod.org\/lily\/wp-json\/wp\/v2\/pages\/303\/revisions"}],"predecessor-version":[{"id":1295,"href":"https:\/\/www.karekod.org\/lily\/wp-json\/wp\/v2\/pages\/303\/revisions\/1295"}],"wp:attachment":[{"href":"https:\/\/www.karekod.org\/lily\/wp-json\/wp\/v2\/media?parent=303"}],"curies":[{"name":"wp","href":"https:\/\/api.w.org\/{rel}","templated":true}]}}