{"id":1579,"date":"2022-11-20T13:44:49","date_gmt":"2022-11-20T10:44:49","guid":{"rendered":"https:\/\/www.karekod.org\/lily\/?page_id=1579"},"modified":"2024-04-29T19:24:04","modified_gmt":"2024-04-29T16:24:04","slug":"kruvasan-2","status":"publish","type":"page","link":"https:\/\/www.karekod.org\/lily\/kruvasan-2\/","title":{"rendered":"Kruvasan"},"content":{"rendered":"<div class=\"at-widget-title-wrapper\">\n<h3 class=\"widget-title\">KRUVASANLAR<\/h3>\n<\/div>\n<div class=\"row featured-entries-col featured-entries-logo\">\n<div class=\"single-list col-sm-6\">\n<div class=\"at-food-menu-box init-animate zoomIn\">\n<div class=\"at-food-menu-img-box\"><img loading=\"lazy\" decoding=\"async\" class=\"attachment-thumbnail size-thumbnail wp-post-image\" src=\"https:\/\/www.karekod.org\/lily\/wp-content\/uploads\/2022\/03\/avakodplu-kru-1-150x150.jpg\" alt=\"\" width=\"150\" height=\"150\" \/><\/div>\n<div class=\"at-food-menu-body\">\n<div class=\"at-food-menu-header-wrap\">\n<div class=\"at-food-menu-header\">\n<h3>AKDEN\u0130ZL\u0130 KRUVASAN<\/h3>\n<p>Zeytin ezmesi ve ezine peynirli domates salatal\u0131k s\u00f6\u011f\u00fc\u015f e\u015fli\u011finde<\/p>\n<\/div>\n<div class=\"at-price\">\n<h2>\u20ba230<\/h2>\n<\/div>\n<\/div>\n<\/div>\n<\/div>\n<\/div>\n<div class=\"single-list col-sm-6\">\n<div class=\"at-food-menu-box init-animate zoomIn\">\n<div class=\"at-food-menu-img-box\"><img loading=\"lazy\" decoding=\"async\" class=\"attachment-thumbnail size-thumbnail wp-post-image\" src=\"https:\/\/www.karekod.org\/lily\/wp-content\/uploads\/2022\/03\/dana-fume-kaburga-etli-1-150x150.jpg\" alt=\"\" width=\"150\" height=\"150\" \/><\/div>\n<div class=\"at-food-menu-body\">\n<div class=\"at-food-menu-header-wrap\">\n<div class=\"at-food-menu-header\">\n<h3>H\u0130ND\u0130 F\u00dcMEL\u0130 KRUVASAN<\/h3>\n<p>Hindi f\u00fcme ve ka\u015far peynirli domates salatal\u0131k s\u00f6\u011f\u00fc\u015f e\u015fli\u011finde<\/p>\n<\/div>\n<div class=\"at-price\">\n<h2>\u20ba250<\/h2>\n<\/div>\n<\/div>\n<\/div>\n<\/div>\n<\/div>\n<div class=\"clearfix\"><\/div>\n<div class=\"single-list col-sm-6\">\n<div class=\"at-food-menu-box init-animate zoomIn\">\n<div class=\"at-food-menu-img-box\"><img loading=\"lazy\" decoding=\"async\" class=\"attachment-thumbnail size-thumbnail wp-post-image\" src=\"https:\/\/www.karekod.org\/lily\/wp-content\/uploads\/2022\/03\/indir-7-150x150.jpg\" sizes=\"auto, (max-width: 150px) 100vw, 150px\" srcset=\"https:\/\/www.karekod.org\/lily\/wp-content\/uploads\/2022\/03\/indir-7-150x150.jpg 150w, https:\/\/www.karekod.org\/lily\/wp-content\/uploads\/2022\/03\/indir-7.jpg 224w\" alt=\"\" width=\"150\" height=\"150\" \/><\/div>\n<div class=\"at-food-menu-body\">\n<div class=\"at-food-menu-header-wrap\">\n<div class=\"at-food-menu-header\">\n<h3>\u00dc\u00c7 PEYN\u0130RL\u0130 KRUVASAN<\/h3>\n<p>Ezine peyniri,ka\u015far peyniri,eski ka\u015far peyniri domates salatal\u0131k s\u00f6\u011f\u00fc\u015f e\u015fli\u011finde<\/p>\n<\/div>\n<div class=\"at-price\">\n<h2>\u20ba250<\/h2>\n<\/div>\n<\/div>\n<\/div>\n<\/div>\n<\/div>\n<div class=\"clearfix\"><\/div>\n<div class=\"single-list col-sm-6\">\n<div class=\"at-food-menu-box init-animate zoomIn\">\n<div class=\"at-food-menu-img-box\"><img loading=\"lazy\" decoding=\"async\" class=\"attachment-thumbnail size-thumbnail wp-post-image\" src=\"https:\/\/www.karekod.org\/lily\/wp-content\/uploads\/2022\/03\/Kasarli-Jambonlu_Mini_Kruvasan_1591358639-150x150.jpg\" alt=\"\" width=\"150\" height=\"150\" \/><\/div>\n<div class=\"at-food-menu-body\">\n<div class=\"at-food-menu-header-wrap\">\n<div class=\"at-food-menu-header\">\n<h3>SOS\u0130SL\u0130 CHEEDAR SOSLU KRUVASAN<\/h3>\n<p>Domates salatal\u0131k s\u00f6\u011f\u00fc\u015f e\u015fli\u011finde<\/p>\n<\/div>\n<div class=\"at-price\">\n<h2>\u20ba270<\/h2>\n<\/div>\n<\/div>\n<\/div>\n<\/div>\n<\/div>\n<div class=\"clearfix\"><\/div>\n<div class=\"single-list col-sm-6\">\n<div class=\"at-food-menu-box init-animate zoomIn\">\n<div class=\"at-food-menu-img-box\"><img loading=\"lazy\" decoding=\"async\" class=\"attachment-thumbnail size-thumbnail wp-post-image\" src=\"https:\/\/www.karekod.org\/lily\/wp-content\/uploads\/2022\/03\/kahve-dunyasi-kruvasan-sade-4778-unlu-mamuller-kahve-dunyasi-70-gram-x-100-adet-4926-47-B-1-150x150.jpg\" alt=\"\" width=\"150\" height=\"150\" \/><\/div>\n<div class=\"at-food-menu-body\">\n<div class=\"at-food-menu-header-wrap\">\n<div class=\"at-food-menu-header\">\n<h3>\u00c7IRPMA YUMURTALI KRUVASAN<\/h3>\n<p>\u00c7\u0131rp\u0131lm\u0131\u015f kremal\u0131 yumurta ve domates salatal\u0131k s\u00f6\u011f\u00fc\u015f e\u015fli\u011finde<\/p>\n<\/div>\n<div class=\"at-price\">\n<h2>\u20ba225<\/h2>\n<\/div>\n<\/div>\n<\/div>\n<\/div>\n<\/div>\n<div class=\"single-list col-sm-6\">\n<div class=\"at-food-menu-box init-animate zoomIn\">\n<div class=\"at-food-menu-img-box\"><img loading=\"lazy\" decoding=\"async\" class=\"attachment-thumbnail size-thumbnail wp-post-image\" src=\"https:\/\/www.karekod.org\/lily\/wp-content\/uploads\/2022\/03\/sosis-kru-1-150x150.webp\" alt=\"\" width=\"150\" height=\"150\" \/><\/div>\n<div class=\"at-food-menu-body\">\n<div class=\"at-food-menu-header-wrap\">\n<div class=\"at-food-menu-header\">\n<h3>\u00c7IRPMA YUMURTALI SOS\u0130SL\u0130 KRUVASAN<\/h3>\n<p>Dana sosisli \u00e7\u0131rp\u0131lm\u0131\u015f kremal\u0131 yumurta ve domates salatal\u0131k s\u00f6\u011f\u00fc\u015f e\u015fli\u011finde<\/p>\n<\/div>\n<div class=\"at-price\">\n<h2>\u20ba270<\/h2>\n<\/div>\n<\/div>\n<\/div>\n<\/div>\n<\/div>\n<div class=\"clearfix\"><\/div>\n<div class=\"single-list col-sm-6\">\n<div class=\"at-food-menu-box init-animate zoomIn\">\n<div class=\"at-food-menu-img-box\"><\/div>\n<\/div>\n<\/div>\n<div class=\"single-list col-sm-6\">\n<div class=\"at-food-menu-box init-animate zoomIn\">\n<div class=\"at-food-menu-img-box\"><img loading=\"lazy\" decoding=\"async\" class=\"attachment-thumbnail size-thumbnail wp-post-image\" src=\"https:\/\/www.karekod.org\/lily\/wp-content\/uploads\/2022\/03\/chedar-1-150x150.jpg\" sizes=\"auto, (max-width: 150px) 100vw, 150px\" srcset=\"https:\/\/www.karekod.org\/lily\/wp-content\/uploads\/2022\/03\/chedar-1-150x150.jpg 150w, https:\/\/www.karekod.org\/lily\/wp-content\/uploads\/2022\/03\/chedar-1-300x300.jpg 300w, https:\/\/www.karekod.org\/lily\/wp-content\/uploads\/2022\/03\/chedar-1.jpg 420w\" alt=\"\" width=\"150\" height=\"150\" \/><\/div>\n<div class=\"at-food-menu-body\">\n<div class=\"at-food-menu-header-wrap\">\n<div class=\"at-food-menu-header\">\n<h3>CHEDDAR SOS<\/h3>\n<h6><\/h6>\n<\/div>\n<div class=\"at-price\">\n<h2>\u20ba30<\/h2>\n<\/div>\n<\/div>\n<\/div>\n<\/div>\n<\/div>\n<div class=\"clearfix\"><\/div>\n<div class=\"single-list col-sm-6\">\n<div class=\"at-food-menu-box init-animate zoomIn\">\n<div class=\"at-food-menu-img-box\"><img loading=\"lazy\" decoding=\"async\" class=\"attachment-thumbnail size-thumbnail wp-post-image\" src=\"https:\/\/www.karekod.org\/lily\/wp-content\/uploads\/2022\/06\/waffle-150x150.webp\" alt=\"\" width=\"150\" height=\"150\" \/><\/div>\n<div class=\"at-food-menu-body\">\n<div class=\"at-food-menu-header-wrap\">\n<div class=\"at-food-menu-header\">\n<h3>WAFFLE<\/h3>\n<p>\u00d6zel waffle sos \u2013 \u00e7ilek \u2013 muz \u2013 kivi \u2013 antep f\u0131st\u0131\u011f\u0131 \u2013 ceviz \u2013 \u00e7ikolata sos<\/p>\n<\/div>\n<div class=\"at-price\">\n<h2>\u20ba290<\/h2>\n<\/div>\n<\/div>\n<\/div>\n<\/div>\n<\/div>\n<\/div>\n","protected":false},"excerpt":{"rendered":"<p>KRUVASANLAR AKDEN\u0130ZL\u0130 KRUVASAN Zeytin ezmesi ve ezine peynirli domates salatal\u0131k s\u00f6\u011f\u00fc\u015f e\u015fli\u011finde \u20ba230 H\u0130ND\u0130 F\u00dcMEL\u0130 KRUVASAN Hindi f\u00fcme ve ka\u015far peynirli domates salatal\u0131k s\u00f6\u011f\u00fc\u015f e\u015fli\u011finde \u20ba250 \u00dc\u00c7 PEYN\u0130RL\u0130 KRUVASAN Ezine peyniri,ka\u015far peyniri,eski ka\u015far peyniri domates salatal\u0131k s\u00f6\u011f\u00fc\u015f e\u015fli\u011finde \u20ba250 SOS\u0130SL\u0130 CHEEDAR SOSLU KRUVASAN Domates salatal\u0131k s\u00f6\u011f\u00fc\u015f e\u015fli\u011finde \u20ba270 \u00c7IRPMA YUMURTALI KRUVASAN \u00c7\u0131rp\u0131lm\u0131\u015f kremal\u0131 yumurta ve [&hellip;]<\/p>\n","protected":false},"author":1,"featured_media":0,"parent":0,"menu_order":0,"comment_status":"closed","ping_status":"closed","template":"","meta":{"footnotes":""},"class_list":["post-1579","page","type-page","status-publish","hentry"],"_links":{"self":[{"href":"https:\/\/www.karekod.org\/lily\/wp-json\/wp\/v2\/pages\/1579","targetHints":{"allow":["GET"]}}],"collection":[{"href":"https:\/\/www.karekod.org\/lily\/wp-json\/wp\/v2\/pages"}],"about":[{"href":"https:\/\/www.karekod.org\/lily\/wp-json\/wp\/v2\/types\/page"}],"author":[{"embeddable":true,"href":"https:\/\/www.karekod.org\/lily\/wp-json\/wp\/v2\/users\/1"}],"replies":[{"embeddable":true,"href":"https:\/\/www.karekod.org\/lily\/wp-json\/wp\/v2\/comments?post=1579"}],"version-history":[{"count":12,"href":"https:\/\/www.karekod.org\/lily\/wp-json\/wp\/v2\/pages\/1579\/revisions"}],"predecessor-version":[{"id":1923,"href":"https:\/\/www.karekod.org\/lily\/wp-json\/wp\/v2\/pages\/1579\/revisions\/1923"}],"wp:attachment":[{"href":"https:\/\/www.karekod.org\/lily\/wp-json\/wp\/v2\/media?parent=1579"}],"curies":[{"name":"wp","href":"https:\/\/api.w.org\/{rel}","templated":true}]}}