{"id":1467,"date":"2022-06-25T03:28:14","date_gmt":"2022-06-25T00:28:14","guid":{"rendered":"https:\/\/www.karekod.org\/lily\/?page_id=1467"},"modified":"2024-06-01T19:45:01","modified_gmt":"2024-06-01T16:45:01","slug":"redbull-kokteyller-2","status":"publish","type":"page","link":"https:\/\/www.karekod.org\/lily\/redbull-kokteyller-2\/","title":{"rendered":"Redbull Kokteyller"},"content":{"rendered":"<div class=\"at-widget-title-wrapper\">\n<h3 class=\"widget-title\">REDBULL KOKTEYL<\/h3>\n<\/div>\n<div class=\"row featured-entries-col featured-entries-logo\">\n<div class=\"single-list col-sm-6\">\n<div class=\"at-food-menu-box init-animate zoomIn\">\n<div class=\"at-food-menu-img-box\"><img loading=\"lazy\" decoding=\"async\" class=\"attachment-thumbnail size-thumbnail wp-post-image\" src=\"https:\/\/www.karekod.org\/lily\/wp-content\/uploads\/2022\/06\/hindistan-150x150.jpg\" alt=\"\" width=\"150\" height=\"150\" \/><\/div>\n<div class=\"at-food-menu-body\">\n<div class=\"at-food-menu-header-wrap\">\n<div class=\"at-food-menu-header\">\n<h3>H\u0130ND\u0130STAN CEV\u0130ZL\u0130 KOKTEYL<\/h3>\n<p>\u00c7ilek meyve \u2013 lime limon \u2013 turun\u00e7 meyvesi \u015furubu \u2013 k\u0131r\u0131k buz<\/p>\n<\/div>\n<div class=\"at-price\">\n<h2>\u20ba190<\/h2>\n<\/div>\n<\/div>\n<\/div>\n<\/div>\n<\/div>\n<div class=\"single-list col-sm-6\">\n<div class=\"at-food-menu-box init-animate zoomIn\">\n<div class=\"at-food-menu-img-box\"><img loading=\"lazy\" decoding=\"async\" class=\"attachment-thumbnail size-thumbnail wp-post-image\" src=\"https:\/\/www.karekod.org\/lily\/wp-content\/uploads\/2022\/06\/yaban-mersin-150x150.webp\" alt=\"\" width=\"150\" height=\"150\" \/><\/div>\n<div class=\"at-food-menu-body\">\n<div class=\"at-food-menu-header-wrap\">\n<div class=\"at-food-menu-header\">\n<h3>YABAN MERS\u0130NL\u0130 REDBULL<\/h3>\n<p>\u00c7ilek meyve \u2013 lime limon \u2013 bol nane \u2013 k\u0131r\u0131k buz<\/p>\n<\/div>\n<div class=\"at-price\">\n<h2>\u20ba190<\/h2>\n<\/div>\n<\/div>\n<\/div>\n<\/div>\n<\/div>\n<div class=\"clearfix\"><\/div>\n<div class=\"single-list col-sm-6\">\n<div class=\"at-food-menu-box init-animate zoomIn\">\n<div class=\"at-food-menu-img-box\"><img loading=\"lazy\" decoding=\"async\" class=\"attachment-thumbnail size-thumbnail wp-post-image\" src=\"https:\/\/www.karekod.org\/lily\/wp-content\/uploads\/2022\/06\/virgin-150x150.jpg\" alt=\"\" width=\"150\" height=\"150\" \/><\/div>\n<div class=\"at-food-menu-body\">\n<div class=\"at-food-menu-header-wrap\">\n<div class=\"at-food-menu-header\">\n<h3>V\u0130RG\u0130N REDBULL<\/h3>\n<p>Lily m\u00fc\u015fterisinin istedi\u011fi 2 adet meyve ile servis edilir.<\/p>\n<\/div>\n<div class=\"at-price\">\n<h2>\u20ba190<\/h2>\n<\/div>\n<\/div>\n<\/div>\n<\/div>\n<\/div>\n<\/div>\n","protected":false},"excerpt":{"rendered":"<p>REDBULL KOKTEYL H\u0130ND\u0130STAN CEV\u0130ZL\u0130 KOKTEYL \u00c7ilek meyve \u2013 lime limon \u2013 turun\u00e7 meyvesi \u015furubu \u2013 k\u0131r\u0131k buz \u20ba190 YABAN MERS\u0130NL\u0130 REDBULL \u00c7ilek meyve \u2013 lime limon \u2013 bol nane \u2013 k\u0131r\u0131k buz \u20ba190 V\u0130RG\u0130N REDBULL Lily m\u00fc\u015fterisinin istedi\u011fi 2 adet meyve ile servis edilir. \u20ba190<\/p>\n","protected":false},"author":1,"featured_media":0,"parent":0,"menu_order":0,"comment_status":"closed","ping_status":"closed","template":"","meta":{"footnotes":""},"class_list":["post-1467","page","type-page","status-publish","hentry"],"_links":{"self":[{"href":"https:\/\/www.karekod.org\/lily\/wp-json\/wp\/v2\/pages\/1467","targetHints":{"allow":["GET"]}}],"collection":[{"href":"https:\/\/www.karekod.org\/lily\/wp-json\/wp\/v2\/pages"}],"about":[{"href":"https:\/\/www.karekod.org\/lily\/wp-json\/wp\/v2\/types\/page"}],"author":[{"embeddable":true,"href":"https:\/\/www.karekod.org\/lily\/wp-json\/wp\/v2\/users\/1"}],"replies":[{"embeddable":true,"href":"https:\/\/www.karekod.org\/lily\/wp-json\/wp\/v2\/comments?post=1467"}],"version-history":[{"count":10,"href":"https:\/\/www.karekod.org\/lily\/wp-json\/wp\/v2\/pages\/1467\/revisions"}],"predecessor-version":[{"id":1966,"href":"https:\/\/www.karekod.org\/lily\/wp-json\/wp\/v2\/pages\/1467\/revisions\/1966"}],"wp:attachment":[{"href":"https:\/\/www.karekod.org\/lily\/wp-json\/wp\/v2\/media?parent=1467"}],"curies":[{"name":"wp","href":"https:\/\/api.w.org\/{rel}","templated":true}]}}