{"id":1458,"date":"2022-06-25T03:23:48","date_gmt":"2022-06-25T00:23:48","guid":{"rendered":"https:\/\/www.karekod.org\/lily\/?page_id=1458"},"modified":"2024-06-01T19:44:32","modified_gmt":"2024-06-01T16:44:32","slug":"alkolsuz-mojito-kokteyller","status":"publish","type":"page","link":"https:\/\/www.karekod.org\/lily\/alkolsuz-mojito-kokteyller\/","title":{"rendered":"Alkols\u00fcz Mojito Kokteyller"},"content":{"rendered":"<div class=\"single-list col-sm-6\">\n<div class=\"at-food-menu-box init-animate zoomIn\">\n<div class=\"at-food-menu-img-box\"><img loading=\"lazy\" decoding=\"async\" class=\"attachment-thumbnail size-thumbnail wp-post-image\" src=\"https:\/\/www.karekod.org\/lily\/wp-content\/uploads\/2022\/06\/MOJITO-150x150.jpg\" alt=\"\" width=\"150\" height=\"150\" \/><\/div>\n<div class=\"at-food-menu-body\">\n<div class=\"at-food-menu-header-wrap\">\n<div class=\"at-food-menu-header\">\n<h3>MOJ\u0130TO<\/h3>\n<p>Lime limon \u2013 bol nane \u2013 sprite -k\u0131r\u0131k buz<\/p>\n<\/div>\n<div class=\"at-price\">\n<h2>\u20ba150<\/h2>\n<\/div>\n<\/div>\n<\/div>\n<\/div>\n<\/div>\n<div class=\"single-list col-sm-6\">\n<div class=\"at-food-menu-box init-animate zoomIn\">\n<div class=\"at-food-menu-img-box\"><img loading=\"lazy\" decoding=\"async\" class=\"attachment-thumbnail size-thumbnail wp-post-image\" src=\"https:\/\/www.karekod.org\/lily\/wp-content\/uploads\/2022\/06\/ELAM-MOJITO-150x150.jpg\" sizes=\"auto, (max-width: 150px) 100vw, 150px\" srcset=\"https:\/\/www.karekod.org\/lily\/wp-content\/uploads\/2022\/06\/ELAM-MOJITO-150x150.jpg 150w, https:\/\/www.karekod.org\/lily\/wp-content\/uploads\/2022\/06\/ELAM-MOJITO-300x300.jpg 300w, https:\/\/www.karekod.org\/lily\/wp-content\/uploads\/2022\/06\/ELAM-MOJITO.jpg 640w\" alt=\"\" width=\"150\" height=\"150\" \/><\/div>\n<div class=\"at-food-menu-body\">\n<div class=\"at-food-menu-header-wrap\">\n<div class=\"at-food-menu-header\">\n<h3>ELMA MOJ\u0130TO<\/h3>\n<p>Par\u00e7a elma<\/p>\n<\/div>\n<div class=\"at-price\">\n<h2>\u20ba150<\/h2>\n<\/div>\n<\/div>\n<\/div>\n<\/div>\n<\/div>\n<div class=\"clearfix\"><\/div>\n<div class=\"single-list col-sm-6\">\n<div class=\"at-food-menu-box init-animate zoomIn\">\n<div class=\"at-food-menu-img-box\"><img loading=\"lazy\" decoding=\"async\" class=\"attachment-thumbnail size-thumbnail wp-post-image\" src=\"https:\/\/www.karekod.org\/lily\/wp-content\/uploads\/2022\/06\/Mango-Mojito-003-150x150.webp\" alt=\"\" width=\"150\" height=\"150\" \/><\/div>\n<div class=\"at-food-menu-body\">\n<div class=\"at-food-menu-header-wrap\">\n<div class=\"at-food-menu-header\">\n<h3>MANGO MOJ\u0130TO<\/h3>\n<p>Mango \u015furubu<\/p>\n<\/div>\n<div class=\"at-price\">\n<h2>\u20ba150<\/h2>\n<\/div>\n<\/div>\n<\/div>\n<\/div>\n<\/div>\n<div class=\"single-list col-sm-6\">\n<div class=\"at-food-menu-box init-animate zoomIn\">\n<div class=\"at-food-menu-img-box\"><img loading=\"lazy\" decoding=\"async\" class=\"attachment-thumbnail size-thumbnail wp-post-image\" src=\"https:\/\/www.karekod.org\/lily\/wp-content\/uploads\/2022\/06\/CilekliMojito_tn-600x646-1-150x150.jpg\" alt=\"\" width=\"150\" height=\"150\" \/><\/div>\n<div class=\"at-food-menu-body\">\n<div class=\"at-food-menu-header-wrap\">\n<div class=\"at-food-menu-header\">\n<h3>\u00c7\u0130LEK MOJ\u0130TO<\/h3>\n<p>\u00c7ilek \u015furubu<\/p>\n<\/div>\n<div class=\"at-price\">\n<h2>\u20ba150<\/h2>\n<\/div>\n<\/div>\n<\/div>\n<\/div>\n<\/div>\n<div class=\"clearfix\"><\/div>\n<div class=\"single-list col-sm-6\">\n<div class=\"at-food-menu-box init-animate zoomIn\">\n<div class=\"at-food-menu-img-box\"><img loading=\"lazy\" decoding=\"async\" class=\"attachment-thumbnail size-thumbnail wp-post-image\" src=\"https:\/\/www.karekod.org\/lily\/wp-content\/uploads\/2022\/06\/karaadut-mojitod-150x150.jpg\" alt=\"\" width=\"150\" height=\"150\" \/><\/div>\n<div class=\"at-food-menu-body\">\n<div class=\"at-food-menu-header-wrap\">\n<div class=\"at-food-menu-header\">\n<h3>KARADUT MOJ\u0130TO<\/h3>\n<p>Karadut \u015furubu<\/p>\n<\/div>\n<div class=\"at-price\">\n<h2>\u20ba150<\/h2>\n<\/div>\n<\/div>\n<\/div>\n<\/div>\n<\/div>\n<div class=\"single-list col-sm-6\">\n<div class=\"at-food-menu-box init-animate zoomIn\">\n<div class=\"at-food-menu-img-box\"><img loading=\"lazy\" decoding=\"async\" class=\"attachment-thumbnail size-thumbnail wp-post-image\" src=\"https:\/\/www.karekod.org\/lily\/wp-content\/uploads\/2022\/06\/KARPUZ-150x150.jpg\" alt=\"\" width=\"150\" height=\"150\" \/><\/div>\n<div class=\"at-food-menu-body\">\n<div class=\"at-food-menu-header-wrap\">\n<div class=\"at-food-menu-header\">\n<h3>KARPUZ MOJ\u0130TO<\/h3>\n<p>Karpuz \u015furubu<\/p>\n<\/div>\n<div class=\"at-price\">\n<h2>\u20ba150<\/h2>\n<\/div>\n<\/div>\n<\/div>\n<\/div>\n<\/div>\n<div class=\"clearfix\"><\/div>\n<div class=\"single-list col-sm-6\">\n<div class=\"at-food-menu-box init-animate zoomIn\">\n<div class=\"at-food-menu-img-box\"><img loading=\"lazy\" decoding=\"async\" class=\"attachment-thumbnail size-thumbnail wp-post-image\" src=\"https:\/\/www.karekod.org\/lily\/wp-content\/uploads\/2022\/06\/orman-meyve-150x150.jpg\" alt=\"\" width=\"150\" height=\"150\" \/><\/div>\n<div class=\"at-food-menu-body\">\n<div class=\"at-food-menu-header-wrap\">\n<div class=\"at-food-menu-header\">\n<h3>ORMAN MEYVEL\u0130 MOJ\u0130TO<\/h3>\n<p>Yaban mersini \u015furubu<\/p>\n<\/div>\n<div class=\"at-price\">\n<h2>\u20ba150<\/h2>\n<\/div>\n<\/div>\n<\/div>\n<\/div>\n<\/div>\n","protected":false},"excerpt":{"rendered":"<p>MOJ\u0130TO Lime limon \u2013 bol nane \u2013 sprite -k\u0131r\u0131k buz \u20ba150 ELMA MOJ\u0130TO Par\u00e7a elma \u20ba150 MANGO MOJ\u0130TO Mango \u015furubu \u20ba150 \u00c7\u0130LEK MOJ\u0130TO \u00c7ilek \u015furubu \u20ba150 KARADUT MOJ\u0130TO Karadut \u015furubu \u20ba150 KARPUZ MOJ\u0130TO Karpuz \u015furubu \u20ba150 ORMAN MEYVEL\u0130 MOJ\u0130TO Yaban mersini \u015furubu \u20ba150<\/p>\n","protected":false},"author":1,"featured_media":0,"parent":0,"menu_order":0,"comment_status":"closed","ping_status":"closed","template":"","meta":{"footnotes":""},"class_list":["post-1458","page","type-page","status-publish","hentry"],"_links":{"self":[{"href":"https:\/\/www.karekod.org\/lily\/wp-json\/wp\/v2\/pages\/1458","targetHints":{"allow":["GET"]}}],"collection":[{"href":"https:\/\/www.karekod.org\/lily\/wp-json\/wp\/v2\/pages"}],"about":[{"href":"https:\/\/www.karekod.org\/lily\/wp-json\/wp\/v2\/types\/page"}],"author":[{"embeddable":true,"href":"https:\/\/www.karekod.org\/lily\/wp-json\/wp\/v2\/users\/1"}],"replies":[{"embeddable":true,"href":"https:\/\/www.karekod.org\/lily\/wp-json\/wp\/v2\/comments?post=1458"}],"version-history":[{"count":10,"href":"https:\/\/www.karekod.org\/lily\/wp-json\/wp\/v2\/pages\/1458\/revisions"}],"predecessor-version":[{"id":1965,"href":"https:\/\/www.karekod.org\/lily\/wp-json\/wp\/v2\/pages\/1458\/revisions\/1965"}],"wp:attachment":[{"href":"https:\/\/www.karekod.org\/lily\/wp-json\/wp\/v2\/media?parent=1458"}],"curies":[{"name":"wp","href":"https:\/\/api.w.org\/{rel}","templated":true}]}}