{"id":1239,"date":"2022-06-11T15:56:41","date_gmt":"2022-06-11T12:56:41","guid":{"rendered":"https:\/\/www.karekod.org\/lily\/?page_id=1239"},"modified":"2024-04-29T19:34:02","modified_gmt":"2024-04-29T16:34:02","slug":"pizza-2","status":"publish","type":"page","link":"https:\/\/www.karekod.org\/lily\/pizza-2\/","title":{"rendered":"Pizzalar"},"content":{"rendered":"<div class=\"at-widget-title-wrapper\">\n<h3 class=\"widget-title\">P\u0130ZZALAR<\/h3>\n<\/div>\n<div class=\"row featured-entries-col featured-entries-logo\">\n<div class=\"single-list col-sm-6 at-price-no-img\">\n<div class=\"at-food-menu-box init-animate zoomIn\">\n<div class=\"at-food-menu-body\">\n<div class=\"at-food-menu-header-wrap\">\n<div class=\"at-food-menu-header\">\n<h3>L\u0130LY P\u0130ZZA<\/h3>\n<p>Domates sos,mozzarella,kabak,patl\u0131can,kapya biber,ye\u015fil biber,dana biftek,kekik,pul biber,soya sosu,fesle\u011fen ve sar\u0131msak<\/p>\n<\/div>\n<div class=\"at-price\">\n<h2>\u20ba360<\/h2>\n<\/div>\n<\/div>\n<\/div>\n<\/div>\n<\/div>\n<div class=\"single-list col-sm-6 at-price-no-img\">\n<div class=\"at-food-menu-box init-animate zoomIn\">\n<div class=\"at-food-menu-body\">\n<div class=\"at-food-menu-header-wrap\">\n<div class=\"at-food-menu-header\">\n<h3>KARI\u015eIK P\u0130ZZA<\/h3>\n<p>Domates sos,mozzarella,sucuk,salam,sosis,mantar,m\u0131s\u0131r<\/p>\n<\/div>\n<div class=\"at-price\">\n<h2>\u20ba360<\/h2>\n<\/div>\n<\/div>\n<\/div>\n<\/div>\n<\/div>\n<div class=\"clearfix\"><\/div>\n<div class=\"single-list col-sm-6 at-price-no-img\">\n<div class=\"at-food-menu-box init-animate zoomIn\">\n<div class=\"at-food-menu-body\">\n<div class=\"at-food-menu-header-wrap\">\n<div class=\"at-food-menu-header\">\n<h3>BARBEK\u00dc SOSLU CHICKEN P\u0130ZZA<\/h3>\n<p>Mozzarella,tavuk g\u00f6\u011f\u00fcs\u00fc,karamelize so\u011fan,kokteyl domates,k\u0131rm\u0131z\u0131 ve ye\u015fil biber,m\u0131s\u0131r,barbek\u00fc sos<\/p>\n<\/div>\n<div class=\"at-price\">\n<h2>\u20ba330<\/h2>\n<\/div>\n<\/div>\n<\/div>\n<\/div>\n<\/div>\n<div class=\"clearfix\"><\/div>\n<div class=\"single-list col-sm-6 at-price-no-img\">\n<div class=\"at-food-menu-box init-animate zoomIn\">\n<div class=\"at-food-menu-body\">\n<div class=\"at-food-menu-header-wrap\">\n<div class=\"at-food-menu-header\">\n<h3>\u00dc\u00c7 PEYN\u0130RL\u0130 P\u0130ZZA<\/h3>\n<p>\u00d6zel pizza sos,mozzarella,ezine peyniri,rokfor peyniri,fesle\u011fen ve sar\u0131msak<\/p>\n<\/div>\n<div class=\"at-price\">\n<h2>\u20ba330<\/h2>\n<\/div>\n<\/div>\n<\/div>\n<\/div>\n<\/div>\n<div class=\"single-list col-sm-6 at-price-no-img\">\n<div class=\"at-food-menu-box init-animate zoomIn\">\n<div class=\"at-food-menu-body\">\n<div class=\"at-food-menu-header-wrap\">\n<div class=\"at-food-menu-header\">\n<h3>MARGAR\u0130TA P\u0130ZZA<\/h3>\n<p>\u00d6zel pizza sos,mozzarella,fesle\u011fen,sar\u0131msak<\/p>\n<\/div>\n<div class=\"at-price\">\n<h2>\u20ba290<\/h2>\n<\/div>\n<\/div>\n<\/div>\n<\/div>\n<\/div>\n<div class=\"clearfix\"><\/div>\n<\/div>\n","protected":false},"excerpt":{"rendered":"<p>P\u0130ZZALAR L\u0130LY P\u0130ZZA Domates sos,mozzarella,kabak,patl\u0131can,kapya biber,ye\u015fil biber,dana biftek,kekik,pul biber,soya sosu,fesle\u011fen ve sar\u0131msak \u20ba360 KARI\u015eIK P\u0130ZZA Domates sos,mozzarella,sucuk,salam,sosis,mantar,m\u0131s\u0131r \u20ba360 BARBEK\u00dc SOSLU CHICKEN P\u0130ZZA Mozzarella,tavuk g\u00f6\u011f\u00fcs\u00fc,karamelize so\u011fan,kokteyl domates,k\u0131rm\u0131z\u0131 ve ye\u015fil biber,m\u0131s\u0131r,barbek\u00fc sos \u20ba330 \u00dc\u00c7 PEYN\u0130RL\u0130 P\u0130ZZA \u00d6zel pizza sos,mozzarella,ezine peyniri,rokfor peyniri,fesle\u011fen ve sar\u0131msak \u20ba330 MARGAR\u0130TA P\u0130ZZA \u00d6zel pizza sos,mozzarella,fesle\u011fen,sar\u0131msak \u20ba290<\/p>\n","protected":false},"author":1,"featured_media":0,"parent":0,"menu_order":0,"comment_status":"closed","ping_status":"closed","template":"","meta":{"footnotes":""},"class_list":["post-1239","page","type-page","status-publish","hentry"],"_links":{"self":[{"href":"https:\/\/www.karekod.org\/lily\/wp-json\/wp\/v2\/pages\/1239","targetHints":{"allow":["GET"]}}],"collection":[{"href":"https:\/\/www.karekod.org\/lily\/wp-json\/wp\/v2\/pages"}],"about":[{"href":"https:\/\/www.karekod.org\/lily\/wp-json\/wp\/v2\/types\/page"}],"author":[{"embeddable":true,"href":"https:\/\/www.karekod.org\/lily\/wp-json\/wp\/v2\/users\/1"}],"replies":[{"embeddable":true,"href":"https:\/\/www.karekod.org\/lily\/wp-json\/wp\/v2\/comments?post=1239"}],"version-history":[{"count":11,"href":"https:\/\/www.karekod.org\/lily\/wp-json\/wp\/v2\/pages\/1239\/revisions"}],"predecessor-version":[{"id":1937,"href":"https:\/\/www.karekod.org\/lily\/wp-json\/wp\/v2\/pages\/1239\/revisions\/1937"}],"wp:attachment":[{"href":"https:\/\/www.karekod.org\/lily\/wp-json\/wp\/v2\/media?parent=1239"}],"curies":[{"name":"wp","href":"https:\/\/api.w.org\/{rel}","templated":true}]}}