{"id":1234,"date":"2022-06-11T15:38:58","date_gmt":"2022-06-11T12:38:58","guid":{"rendered":"https:\/\/www.karekod.org\/lily\/?page_id=1234"},"modified":"2024-04-29T19:33:25","modified_gmt":"2024-04-29T16:33:25","slug":"makarna","status":"publish","type":"page","link":"https:\/\/www.karekod.org\/lily\/makarna\/","title":{"rendered":"Makarnalar"},"content":{"rendered":"<div class=\"single-list col-sm-6\">\n<div class=\"at-food-menu-box init-animate zoomIn\">\n<div class=\"at-food-menu-img-box\"><img loading=\"lazy\" decoding=\"async\" class=\"attachment-thumbnail size-thumbnail wp-post-image\" src=\"https:\/\/www.karekod.org\/lily\/wp-content\/uploads\/2022\/03\/penne-arabiata-1-150x150.jpg\" alt=\"\" width=\"150\" height=\"150\" \/><\/div>\n<div class=\"at-food-menu-body\">\n<div class=\"at-food-menu-header-wrap\">\n<div class=\"at-food-menu-header\">\n<h3>PENNE ARABIATTA<\/h3>\n<p>ac\u0131l\u0131 domates sos ,siyah dilim zeytin,sar\u0131msak ile<\/p>\n<\/div>\n<div class=\"at-price\">\n<h2>\u20ba230<\/h2>\n<\/div>\n<\/div>\n<\/div>\n<\/div>\n<\/div>\n<div class=\"single-list col-sm-6\">\n<div class=\"at-food-menu-box init-animate zoomIn\">\n<div class=\"at-food-menu-img-box\"><img loading=\"lazy\" decoding=\"async\" class=\"attachment-thumbnail size-thumbnail wp-post-image\" src=\"https:\/\/www.karekod.org\/lily\/wp-content\/uploads\/2022\/03\/spgetti-bolonez-1-150x150.jpg\" alt=\"\" width=\"150\" height=\"150\" \/><\/div>\n<div class=\"at-food-menu-body\">\n<div class=\"at-food-menu-header-wrap\">\n<div class=\"at-food-menu-header\">\n<h3>SPAGETTI BOLONEZ<\/h3>\n<p>Bolonez sos ,toz parmesan,sar\u0131msak ile<\/p>\n<\/div>\n<div class=\"at-price\">\n<h2>\u20ba260<\/h2>\n<\/div>\n<\/div>\n<\/div>\n<\/div>\n<\/div>\n<div class=\"clearfix\"><\/div>\n<div class=\"single-list col-sm-6\">\n<div class=\"at-food-menu-box init-animate zoomIn\">\n<div class=\"at-food-menu-img-box\"><img loading=\"lazy\" decoding=\"async\" class=\"attachment-thumbnail size-thumbnail wp-post-image\" src=\"https:\/\/www.karekod.org\/lily\/wp-content\/uploads\/2022\/03\/taglietelle-tarifi-1-150x150.jpg\" alt=\"\" width=\"150\" height=\"150\" \/><\/div>\n<div class=\"at-food-menu-body\">\n<div class=\"at-food-menu-header-wrap\">\n<div class=\"at-food-menu-header\">\n<h3>MANTARLI KREMALI TAGLATELL\u0130<\/h3>\n<p>K\u00fclt\u00fcr mantar\u0131 krema sar\u0131msak ve taze fesle\u011fen e\u015fli\u011finde<\/p>\n<\/div>\n<div class=\"at-price\">\n<h2>\u20ba260<\/h2>\n<\/div>\n<\/div>\n<\/div>\n<\/div>\n<\/div>\n<div class=\"single-list col-sm-6\">\n<div class=\"at-food-menu-box init-animate zoomIn\">\n<div class=\"at-food-menu-img-box\"><img loading=\"lazy\" decoding=\"async\" class=\"attachment-thumbnail size-thumbnail wp-post-image\" src=\"https:\/\/www.karekod.org\/lily\/wp-content\/uploads\/2022\/03\/812x467-595946842797-150x150.jpg\" alt=\"\" width=\"150\" height=\"150\" \/><\/div>\n<div class=\"at-food-menu-body\">\n<div class=\"at-food-menu-header-wrap\">\n<div class=\"at-food-menu-header\">\n<h3>SEBZEL\u0130 KREMALI TAGLATELL\u0130<\/h3>\n<p>Kapya biber mantar ye\u015fil biber havu\u00e7 kabak krema sar\u0131msak toz parmesan ve taze fesle\u011fen e\u015fli\u011finde<\/p>\n<\/div>\n<div class=\"at-price\">\n<h2>\u20ba250<\/h2>\n<\/div>\n<\/div>\n<\/div>\n<\/div>\n<\/div>\n<div class=\"clearfix\"><\/div>\n<div class=\"single-list col-sm-6\">\n<div class=\"at-food-menu-box init-animate zoomIn\">\n<div class=\"at-food-menu-img-box\"><\/div>\n<\/div>\n<\/div>\n<div class=\"single-list col-sm-6\">\n<div class=\"at-food-menu-box init-animate zoomIn\">\n<div class=\"at-food-menu-img-box\"><img loading=\"lazy\" decoding=\"async\" class=\"attachment-thumbnail size-thumbnail wp-post-image\" src=\"https:\/\/www.karekod.org\/lily\/wp-content\/uploads\/2022\/03\/kremali-mantarli-tavuk-tarifi-150x150.webp\" alt=\"\" width=\"150\" height=\"150\" \/><\/div>\n<div class=\"at-food-menu-body\">\n<div class=\"at-food-menu-header-wrap\">\n<div class=\"at-food-menu-header\">\n<h3>TAVUKLU KREMALI MANTARLI<\/h3>\n<p>Izgara tavuk g\u00f6\u011f\u00fcs\u00fc k\u00fclt\u00fcr mantar\u0131 krema toz parmesan sar\u0131msak ve taze fesle\u011fen e\u015fli\u011finde<\/p>\n<\/div>\n<div class=\"at-price\">\n<h2>\u20ba295<\/h2>\n<\/div>\n<\/div>\n<\/div>\n<\/div>\n<\/div>\n<div class=\"clearfix\"><\/div>\n<div class=\"single-list col-sm-6\">\n<div class=\"at-food-menu-box init-animate zoomIn\">\n<div class=\"at-food-menu-img-box\"><img loading=\"lazy\" decoding=\"async\" class=\"attachment-thumbnail size-thumbnail wp-post-image\" src=\"https:\/\/www.karekod.org\/lily\/wp-content\/uploads\/2022\/06\/25_mantar_ve_bezelyeli_uc_peynirli_tortellini-150x150.webp\" alt=\"\" width=\"150\" height=\"150\" \/><\/div>\n<div class=\"at-food-menu-body\">\n<div class=\"at-food-menu-header-wrap\">\n<div class=\"at-food-menu-header\">\n<h3>\u00dc\u00c7 PEYN\u0130RL\u0130 TORTOL\u0130N\u0130<\/h3>\n<p>Pesto soslu kremal\u0131 sar\u0131msakl\u0131<\/p>\n<\/div>\n<div class=\"at-price\">\n<h2>\u20ba260<\/h2>\n<\/div>\n<\/div>\n<\/div>\n<\/div>\n<\/div>\n<div class=\"single-list col-sm-6\">\n<div class=\"at-food-menu-box init-animate zoomIn\">\n<div class=\"at-food-menu-body\">\n<div class=\"at-food-menu-header-wrap\">\n<div class=\"at-price\">\n<h2><\/h2>\n<\/div>\n<\/div>\n<\/div>\n<\/div>\n<\/div>\n","protected":false},"excerpt":{"rendered":"<p>PENNE ARABIATTA ac\u0131l\u0131 domates sos ,siyah dilim zeytin,sar\u0131msak ile \u20ba230 SPAGETTI BOLONEZ Bolonez sos ,toz parmesan,sar\u0131msak ile \u20ba260 MANTARLI KREMALI TAGLATELL\u0130 K\u00fclt\u00fcr mantar\u0131 krema sar\u0131msak ve taze fesle\u011fen e\u015fli\u011finde \u20ba260 SEBZEL\u0130 KREMALI TAGLATELL\u0130 Kapya biber mantar ye\u015fil biber havu\u00e7 kabak krema sar\u0131msak toz parmesan ve taze fesle\u011fen e\u015fli\u011finde \u20ba250 TAVUKLU KREMALI MANTARLI Izgara tavuk g\u00f6\u011f\u00fcs\u00fc [&hellip;]<\/p>\n","protected":false},"author":1,"featured_media":0,"parent":0,"menu_order":0,"comment_status":"closed","ping_status":"closed","template":"","meta":{"footnotes":""},"class_list":["post-1234","page","type-page","status-publish","hentry"],"_links":{"self":[{"href":"https:\/\/www.karekod.org\/lily\/wp-json\/wp\/v2\/pages\/1234","targetHints":{"allow":["GET"]}}],"collection":[{"href":"https:\/\/www.karekod.org\/lily\/wp-json\/wp\/v2\/pages"}],"about":[{"href":"https:\/\/www.karekod.org\/lily\/wp-json\/wp\/v2\/types\/page"}],"author":[{"embeddable":true,"href":"https:\/\/www.karekod.org\/lily\/wp-json\/wp\/v2\/users\/1"}],"replies":[{"embeddable":true,"href":"https:\/\/www.karekod.org\/lily\/wp-json\/wp\/v2\/comments?post=1234"}],"version-history":[{"count":13,"href":"https:\/\/www.karekod.org\/lily\/wp-json\/wp\/v2\/pages\/1234\/revisions"}],"predecessor-version":[{"id":1936,"href":"https:\/\/www.karekod.org\/lily\/wp-json\/wp\/v2\/pages\/1234\/revisions\/1936"}],"wp:attachment":[{"href":"https:\/\/www.karekod.org\/lily\/wp-json\/wp\/v2\/media?parent=1234"}],"curies":[{"name":"wp","href":"https:\/\/api.w.org\/{rel}","templated":true}]}}