{"id":1232,"date":"2022-06-11T15:38:30","date_gmt":"2022-06-11T12:38:30","guid":{"rendered":"https:\/\/www.karekod.org\/lily\/?page_id=1232"},"modified":"2024-04-29T19:32:28","modified_gmt":"2024-04-29T16:32:28","slug":"kirmizi-et","status":"publish","type":"page","link":"https:\/\/www.karekod.org\/lily\/kirmizi-et\/","title":{"rendered":"K\u0131rm\u0131z\u0131 Etler"},"content":{"rendered":"","protected":false},"excerpt":{"rendered":"","protected":false},"author":1,"featured_media":0,"parent":0,"menu_order":0,"comment_status":"closed","ping_status":"closed","template":"","meta":{"footnotes":""},"class_list":["post-1232","page","type-page","status-publish","hentry"],"_links":{"self":[{"href":"https:\/\/www.karekod.org\/lily\/wp-json\/wp\/v2\/pages\/1232","targetHints":{"allow":["GET"]}}],"collection":[{"href":"https:\/\/www.karekod.org\/lily\/wp-json\/wp\/v2\/pages"}],"about":[{"href":"https:\/\/www.karekod.org\/lily\/wp-json\/wp\/v2\/types\/page"}],"author":[{"embeddable":true,"href":"https:\/\/www.karekod.org\/lily\/wp-json\/wp\/v2\/users\/1"}],"replies":[{"embeddable":true,"href":"https:\/\/www.karekod.org\/lily\/wp-json\/wp\/v2\/comments?post=1232"}],"version-history":[{"count":16,"href":"https:\/\/www.karekod.org\/lily\/wp-json\/wp\/v2\/pages\/1232\/revisions"}],"predecessor-version":[{"id":1935,"href":"https:\/\/www.karekod.org\/lily\/wp-json\/wp\/v2\/pages\/1232\/revisions\/1935"}],"wp:attachment":[{"href":"https:\/\/www.karekod.org\/lily\/wp-json\/wp\/v2\/media?parent=1232"}],"curies":[{"name":"wp","href":"https:\/\/api.w.org\/{rel}","templated":true}]}}