{"id":1230,"date":"2022-06-11T15:37:57","date_gmt":"2022-06-11T12:37:57","guid":{"rendered":"https:\/\/www.karekod.org\/lily\/?page_id=1230"},"modified":"2024-04-29T19:31:51","modified_gmt":"2024-04-29T16:31:51","slug":"beyaz-etler","status":"publish","type":"page","link":"https:\/\/www.karekod.org\/lily\/beyaz-etler\/","title":{"rendered":"Beyaz Etler"},"content":{"rendered":"<div id=\"panel-47-0-0-10\" class=\"so-panel widget widget_restaurant_recipe_food_menu\" data-index=\"10\">\n<section id=\"restaurant_recipe_food_menu-3\" class=\"at-widgets at-food-menu-widget \">\n<div class=\"container\">\n<div class=\"row featured-entries-col featured-entries-logo\">\n<div class=\"single-list col-sm-6\">\n<div class=\"at-food-menu-box init-animate zoomIn\">\n<div class=\"at-food-menu-img-box\"><img loading=\"lazy\" decoding=\"async\" class=\"attachment-thumbnail size-thumbnail wp-post-image\" src=\"https:\/\/www.karekod.org\/lily\/wp-content\/uploads\/2022\/03\/kori-soslu-tavuk-1-150x150.jpg\" alt=\"\" width=\"150\" height=\"150\" \/><\/div>\n<div class=\"at-food-menu-body\">\n<div class=\"at-food-menu-header-wrap\">\n<div class=\"at-food-menu-header\">\n<h3>K\u00d6R\u0130 SOSLU TAVUK<\/h3>\n<p>Tereya\u011fl\u0131 pirin\u00e7 pilav\u0131 \u2013 parmak patates -ye\u015fillik<\/p>\n<\/div>\n<div class=\"at-price\">\n<h2>\u20ba250<\/h2>\n<\/div>\n<\/div>\n<\/div>\n<\/div>\n<\/div>\n<div class=\"single-list col-sm-6\">\n<div class=\"at-food-menu-box init-animate zoomIn\">\n<div class=\"at-food-menu-img-box\"><img loading=\"lazy\" decoding=\"async\" class=\"attachment-thumbnail size-thumbnail wp-post-image\" src=\"https:\/\/www.karekod.org\/lily\/wp-content\/uploads\/2022\/03\/sinitzel-150x150.jpg\" alt=\"\" width=\"150\" height=\"150\" \/><\/div>\n<div class=\"at-food-menu-body\">\n<div class=\"at-food-menu-header-wrap\">\n<div class=\"at-food-menu-header\">\n<h3>TAVUK SHINITZEL<\/h3>\n<p>Parmak Patates, Akdeniz Ye\u015filli\u011fi, \u00d6zel Limon Sos \u0130le..<\/p>\n<\/div>\n<div class=\"at-price\">\n<h2>\u20ba250<\/h2>\n<\/div>\n<\/div>\n<\/div>\n<\/div>\n<\/div>\n<div class=\"clearfix\"><\/div>\n<div class=\"single-list col-sm-6\">\n<div class=\"at-food-menu-box init-animate zoomIn\">\n<div class=\"at-food-menu-img-box\"><img loading=\"lazy\" decoding=\"async\" class=\"attachment-thumbnail size-thumbnail wp-post-image\" src=\"https:\/\/www.karekod.org\/lily\/wp-content\/uploads\/2022\/03\/655689_620x360-150x150.jpg\" alt=\"\" width=\"150\" height=\"150\" \/><\/div>\n<div class=\"at-food-menu-body\">\n<div class=\"at-food-menu-header-wrap\">\n<div class=\"at-food-menu-header\">\n<h3>TAVUK SARDUNYA<\/h3>\n<p>Taze ka\u015far peyniri ile f\u0131r\u0131nlanm\u0131\u015f \u0131zgara tavuk ve e\u015fli\u011finde akdeniz ye\u015filli\u011fi kremal\u0131 mantar sos ve parmak patates ile<\/p>\n<\/div>\n<div class=\"at-price\">\n<h2>\u20ba260<\/h2>\n<\/div>\n<\/div>\n<\/div>\n<\/div>\n<\/div>\n<div class=\"single-list col-sm-6\">\n<div class=\"at-food-menu-box init-animate zoomIn\">\n<div class=\"at-food-menu-img-box\"><img loading=\"lazy\" decoding=\"async\" class=\"attachment-thumbnail size-thumbnail wp-post-image\" src=\"https:\/\/www.karekod.org\/lily\/wp-content\/uploads\/2022\/03\/izgara-tavuk-1-150x150.jpg\" alt=\"\" width=\"150\" height=\"150\" \/><\/div>\n<div class=\"at-food-menu-body\">\n<div class=\"at-food-menu-header-wrap\">\n<div class=\"at-food-menu-header\">\n<h3>IZGARA TAVUK<\/h3>\n<p>Tavuk g\u00f6\u011f\u00fcs\u00fcn\u00fcn taze baharatlar ile tatland\u0131r\u0131lmas\u0131,parmak patates ,akdeniz ye\u015filli\u011fi, sweetchli sos e\u015fli\u011finde<\/p>\n<\/div>\n<div class=\"at-price\">\n<h2>\u20ba240<\/h2>\n<\/div>\n<\/div>\n<\/div>\n<\/div>\n<\/div>\n<div class=\"clearfix\"><\/div>\n<div class=\"single-list col-sm-6 at-price-no-img\">\n<div class=\"at-food-menu-box init-animate zoomIn\">\n<div class=\"at-food-menu-body\">\n<div class=\"at-food-menu-header-wrap\">\n<div class=\"at-food-menu-header\"><\/div>\n<div class=\"at-price\">\n<h2><\/h2>\n<\/div>\n<\/div>\n<\/div>\n<\/div>\n<\/div>\n<div class=\"single-list col-sm-6 at-price-no-img\">\n<div class=\"at-food-menu-box init-animate zoomIn\">\n<div class=\"at-food-menu-body\">\n<div class=\"at-food-menu-header-wrap\">\n<div class=\"at-food-menu-header\">\n<h3>P\u00dcRE YATA\u011eINDA KAVRULMU\u015e TAVUK<\/h3>\n<p>Patates p\u00fcresi yata\u011f\u0131nda tavuk kal\u00e7a mantar sar\u0131msak cheedar ka\u015far peyniri krema ve soya sosu mayonez ince k\u0131y\u0131m e\u015fli\u011finde<\/p>\n<\/div>\n<div class=\"at-price\">\n<h2>\u20ba280<\/h2>\n<\/div>\n<\/div>\n<\/div>\n<\/div>\n<\/div>\n<div class=\"clearfix\"><\/div>\n<div class=\"single-list col-sm-6 at-price-no-img\">\n<div class=\"at-food-menu-box init-animate zoomIn\">\n<div class=\"at-food-menu-body\">\n<div class=\"at-food-menu-header-wrap\">\n<div class=\"at-food-menu-header\">\n<h3>CAFE DE PAR\u0130S SOSLU TAVUK K\u00dcLBASTI<\/h3>\n<p>Izgara tavuk g\u00f6\u011f\u00fcs\u00fc sote sebze ve parmak patates e\u015fli\u011finde<\/p>\n<\/div>\n<div class=\"at-price\">\n<h2>\u20ba290<\/h2>\n<\/div>\n<\/div>\n<\/div>\n<\/div>\n<\/div>\n<div class=\"single-list col-sm-6\">\n<div class=\"at-food-menu-box init-animate zoomIn\">\n<div class=\"at-food-menu-img-box\"><img loading=\"lazy\" decoding=\"async\" class=\"attachment-thumbnail size-thumbnail wp-post-image\" src=\"https:\/\/www.karekod.org\/lily\/wp-content\/uploads\/2022\/03\/619789b986b24a1a448d32bf-1-150x150.jpg\" alt=\"\" width=\"150\" height=\"150\" \/><\/div>\n<div class=\"at-food-menu-body\">\n<div class=\"at-food-menu-header-wrap\">\n<div class=\"at-food-menu-header\">\n<h3>\u0130LAVE PATATES<\/h3>\n<h6><\/h6>\n<\/div>\n<div class=\"at-price\">\n<h2>\u20ba40<\/h2>\n<\/div>\n<\/div>\n<\/div>\n<\/div>\n<\/div>\n<div class=\"clearfix\"><\/div>\n<div class=\"single-list col-sm-6\">\n<div class=\"at-food-menu-box init-animate zoomIn\">\n<div class=\"at-food-menu-img-box\"><\/div>\n<div class=\"at-food-menu-body\">\n<div class=\"at-food-menu-header-wrap\">\n<div class=\"at-food-menu-header\">\n<h3><\/h3>\n<\/div>\n<div class=\"at-price\">\n<h2><\/h2>\n<\/div>\n<\/div>\n<\/div>\n<\/div>\n<\/div>\n<div class=\"single-list col-sm-6\">\n<div class=\"at-food-menu-box init-animate zoomIn\">\n<div class=\"at-food-menu-img-box\"><img loading=\"lazy\" decoding=\"async\" class=\"attachment-thumbnail size-thumbnail wp-post-image\" src=\"https:\/\/www.karekod.org\/lily\/wp-content\/uploads\/2022\/06\/barbeku-soslu-tavuk-kanat-8-150x150.webp\" alt=\"\" width=\"150\" height=\"150\" \/><\/div>\n<div class=\"at-food-menu-body\">\n<div class=\"at-food-menu-header-wrap\">\n<div class=\"at-food-menu-header\">\n<h3>BARBEK\u00dc SOSLU TAVUK<\/h3>\n<p>Patates tava \u2013 mantar- kapya biber \u2013 ye\u015fillik<\/p>\n<\/div>\n<div class=\"at-price\">\n<h2>\u20ba260<\/h2>\n<\/div>\n<\/div>\n<\/div>\n<\/div>\n<\/div>\n<div class=\"clearfix\"><\/div>\n<div class=\"single-list col-sm-6\">\n<div class=\"at-food-menu-box init-animate zoomIn\">\n<div class=\"at-food-menu-body\">\n<div class=\"at-food-menu-header-wrap\">\n<div class=\"at-price\">\n<h2><\/h2>\n<\/div>\n<\/div>\n<\/div>\n<\/div>\n<\/div>\n<\/div>\n<\/div>\n<\/section>\n<\/div>\n<div id=\"panel-47-0-0-11\" class=\"so-panel widget widget_restaurant_recipe_food_menu\" data-index=\"11\">\n<section id=\"restaurant_recipe_food_menu-3\" class=\"at-widgets at-food-menu-widget \">\n<div class=\"container\">\n<div class=\"at-widget-title-wrapper\"><\/div>\n<\/div>\n<\/section>\n<\/div>\n","protected":false},"excerpt":{"rendered":"<p>K\u00d6R\u0130 SOSLU TAVUK Tereya\u011fl\u0131 pirin\u00e7 pilav\u0131 \u2013 parmak patates -ye\u015fillik \u20ba250 TAVUK SHINITZEL Parmak Patates, Akdeniz Ye\u015filli\u011fi, \u00d6zel Limon Sos \u0130le.. \u20ba250 TAVUK SARDUNYA Taze ka\u015far peyniri ile f\u0131r\u0131nlanm\u0131\u015f \u0131zgara tavuk ve e\u015fli\u011finde akdeniz ye\u015filli\u011fi kremal\u0131 mantar sos ve parmak patates ile \u20ba260 IZGARA TAVUK Tavuk g\u00f6\u011f\u00fcs\u00fcn\u00fcn taze baharatlar ile tatland\u0131r\u0131lmas\u0131,parmak patates ,akdeniz ye\u015filli\u011fi, sweetchli [&hellip;]<\/p>\n","protected":false},"author":1,"featured_media":0,"parent":0,"menu_order":0,"comment_status":"closed","ping_status":"closed","template":"","meta":{"footnotes":""},"class_list":["post-1230","page","type-page","status-publish","hentry"],"_links":{"self":[{"href":"https:\/\/www.karekod.org\/lily\/wp-json\/wp\/v2\/pages\/1230","targetHints":{"allow":["GET"]}}],"collection":[{"href":"https:\/\/www.karekod.org\/lily\/wp-json\/wp\/v2\/pages"}],"about":[{"href":"https:\/\/www.karekod.org\/lily\/wp-json\/wp\/v2\/types\/page"}],"author":[{"embeddable":true,"href":"https:\/\/www.karekod.org\/lily\/wp-json\/wp\/v2\/users\/1"}],"replies":[{"embeddable":true,"href":"https:\/\/www.karekod.org\/lily\/wp-json\/wp\/v2\/comments?post=1230"}],"version-history":[{"count":17,"href":"https:\/\/www.karekod.org\/lily\/wp-json\/wp\/v2\/pages\/1230\/revisions"}],"predecessor-version":[{"id":1934,"href":"https:\/\/www.karekod.org\/lily\/wp-json\/wp\/v2\/pages\/1230\/revisions\/1934"}],"wp:attachment":[{"href":"https:\/\/www.karekod.org\/lily\/wp-json\/wp\/v2\/media?parent=1230"}],"curies":[{"name":"wp","href":"https:\/\/api.w.org\/{rel}","templated":true}]}}