{"id":1226,"date":"2022-06-11T15:36:57","date_gmt":"2022-06-11T12:36:57","guid":{"rendered":"https:\/\/www.karekod.org\/lily\/?page_id=1226"},"modified":"2024-04-29T19:29:06","modified_gmt":"2024-04-29T16:29:06","slug":"wrap-2","status":"publish","type":"page","link":"https:\/\/www.karekod.org\/lily\/wrap-2\/","title":{"rendered":"Wrap"},"content":{"rendered":"<div class=\"at-widget-title-wrapper\">\n<h3 class=\"widget-title\">WRAP<\/h3>\n<\/div>\n<div class=\"row featured-entries-col featured-entries-logo\">\n<div class=\"single-list col-sm-6\">\n<div class=\"at-food-menu-box init-animate zoomIn\">\n<div class=\"at-food-menu-img-box\"><img loading=\"lazy\" decoding=\"async\" class=\"attachment-thumbnail size-thumbnail wp-post-image\" src=\"https:\/\/www.karekod.org\/lily\/wp-content\/uploads\/2022\/03\/etliwrap-min-1-150x150.jpg\" alt=\"\" width=\"150\" height=\"150\" \/><\/div>\n<div class=\"at-food-menu-body\">\n<div class=\"at-food-menu-header-wrap\">\n<div class=\"at-food-menu-header\">\n<h3>ETL\u0130 WRAP<\/h3>\n<p>Kapya biber,k\u00f6ybiberi, mantar,so\u011fan,ka\u015far, kekik,pul biber,tuz,tortilla ekme\u011fine sar\u0131l\u0131 akdeniz ye\u015fillikleri ve parmak patates e\u015fli\u011finde<\/p>\n<\/div>\n<div class=\"at-price\">\n<h2>\u20ba295<\/h2>\n<\/div>\n<\/div>\n<\/div>\n<\/div>\n<\/div>\n<div class=\"single-list col-sm-6\">\n<div class=\"at-food-menu-box init-animate zoomIn\">\n<div class=\"at-food-menu-img-box\"><img loading=\"lazy\" decoding=\"async\" class=\"attachment-thumbnail size-thumbnail wp-post-image\" src=\"https:\/\/www.karekod.org\/lily\/wp-content\/uploads\/2022\/03\/tavuklu-wrap-2-150x150.jpg\" alt=\"\" width=\"150\" height=\"150\" \/><\/div>\n<div class=\"at-food-menu-body\">\n<div class=\"at-food-menu-header-wrap\">\n<div class=\"at-food-menu-header\">\n<h3>TAVUKLU WRAP<\/h3>\n<p>Kapya biber,k\u00f6ybiberi, mantar,so\u011fan,ka\u015far, kekik,pul biber,tuz,tortilla ekme\u011fine sar\u0131l\u0131 akdeniz ye\u015fillikleri ve parmak patates e\u015fli\u011finde<\/p>\n<\/div>\n<div class=\"at-price\">\n<h2>\u20ba260<\/h2>\n<\/div>\n<\/div>\n<\/div>\n<\/div>\n<\/div>\n<div class=\"clearfix\"><\/div>\n<div class=\"single-list col-sm-6\">\n<div class=\"at-food-menu-box init-animate zoomIn\">\n<div class=\"at-food-menu-img-box\"><img loading=\"lazy\" decoding=\"async\" class=\"attachment-thumbnail size-thumbnail wp-post-image\" src=\"https:\/\/www.karekod.org\/lily\/wp-content\/uploads\/2022\/03\/caciki-soslu-sebzeli-wrap-tarifi-1-150x150.jpg\" alt=\"\" width=\"150\" height=\"150\" \/><\/div>\n<div class=\"at-food-menu-body\">\n<div class=\"at-food-menu-header-wrap\">\n<div class=\"at-food-menu-header\">\n<h3>SEBZEL\u0130 WRAP<\/h3>\n<p>Kabak,havu\u00e7,mantar,kapya biberi,k\u00f6y biberi,hellim peyniri,ka\u015far peyniri, akdeniz ye\u015fillikleri ve parmak patates e\u015fli\u011finde<\/p>\n<\/div>\n<div class=\"at-price\">\n<h2>\u20ba230<\/h2>\n<\/div>\n<\/div>\n<\/div>\n<\/div>\n<\/div>\n<div class=\"single-list col-sm-6\">\n<div class=\"at-food-menu-box init-animate zoomIn\">\n<div class=\"at-food-menu-img-box\"><img loading=\"lazy\" decoding=\"async\" class=\"attachment-thumbnail size-thumbnail wp-post-image\" src=\"https:\/\/www.karekod.org\/lily\/wp-content\/uploads\/2022\/03\/619789b986b24a1a448d32bf-1-150x150.jpg\" alt=\"\" width=\"150\" height=\"150\" \/><\/div>\n<div class=\"at-food-menu-body\">\n<div class=\"at-food-menu-header-wrap\">\n<div class=\"at-food-menu-header\">\n<h3>\u0130LAVE PATATES<\/h3>\n<h6><\/h6>\n<\/div>\n<div class=\"at-price\">\n<h2>\u20ba40<\/h2>\n<\/div>\n<\/div>\n<\/div>\n<\/div>\n<\/div>\n<\/div>\n","protected":false},"excerpt":{"rendered":"<p>WRAP ETL\u0130 WRAP Kapya biber,k\u00f6ybiberi, mantar,so\u011fan,ka\u015far, kekik,pul biber,tuz,tortilla ekme\u011fine sar\u0131l\u0131 akdeniz ye\u015fillikleri ve parmak patates e\u015fli\u011finde \u20ba295 TAVUKLU WRAP Kapya biber,k\u00f6ybiberi, mantar,so\u011fan,ka\u015far, kekik,pul biber,tuz,tortilla ekme\u011fine sar\u0131l\u0131 akdeniz ye\u015fillikleri ve parmak patates e\u015fli\u011finde \u20ba260 SEBZEL\u0130 WRAP Kabak,havu\u00e7,mantar,kapya biberi,k\u00f6y biberi,hellim peyniri,ka\u015far peyniri, akdeniz ye\u015fillikleri ve parmak patates e\u015fli\u011finde \u20ba230 \u0130LAVE PATATES \u20ba40<\/p>\n","protected":false},"author":1,"featured_media":0,"parent":0,"menu_order":0,"comment_status":"closed","ping_status":"closed","template":"","meta":{"footnotes":""},"class_list":["post-1226","page","type-page","status-publish","hentry"],"_links":{"self":[{"href":"https:\/\/www.karekod.org\/lily\/wp-json\/wp\/v2\/pages\/1226","targetHints":{"allow":["GET"]}}],"collection":[{"href":"https:\/\/www.karekod.org\/lily\/wp-json\/wp\/v2\/pages"}],"about":[{"href":"https:\/\/www.karekod.org\/lily\/wp-json\/wp\/v2\/types\/page"}],"author":[{"embeddable":true,"href":"https:\/\/www.karekod.org\/lily\/wp-json\/wp\/v2\/users\/1"}],"replies":[{"embeddable":true,"href":"https:\/\/www.karekod.org\/lily\/wp-json\/wp\/v2\/comments?post=1226"}],"version-history":[{"count":9,"href":"https:\/\/www.karekod.org\/lily\/wp-json\/wp\/v2\/pages\/1226\/revisions"}],"predecessor-version":[{"id":1930,"href":"https:\/\/www.karekod.org\/lily\/wp-json\/wp\/v2\/pages\/1226\/revisions\/1930"}],"wp:attachment":[{"href":"https:\/\/www.karekod.org\/lily\/wp-json\/wp\/v2\/media?parent=1226"}],"curies":[{"name":"wp","href":"https:\/\/api.w.org\/{rel}","templated":true}]}}