{"id":1215,"date":"2022-06-11T15:34:13","date_gmt":"2022-06-11T12:34:13","guid":{"rendered":"https:\/\/www.karekod.org\/lily\/?page_id=1215"},"modified":"2024-04-29T19:25:44","modified_gmt":"2024-04-29T16:25:44","slug":"soguk-sandvic-2","status":"publish","type":"page","link":"https:\/\/www.karekod.org\/lily\/soguk-sandvic-2\/","title":{"rendered":"So\u011fuk Sandvi\u00e7"},"content":{"rendered":"<div class=\"at-widget-title-wrapper\">\n<h3 class=\"widget-title\">SO\u011eUK SANDV\u0130\u00c7<\/h3>\n<\/div>\n<div class=\"row featured-entries-col featured-entries-logo\">\n<div class=\"single-list col-sm-6\">\n<div class=\"at-food-menu-box init-animate zoomIn\">\n<div class=\"at-food-menu-img-box\"><img loading=\"lazy\" decoding=\"async\" class=\"attachment-thumbnail size-thumbnail wp-post-image\" src=\"https:\/\/www.karekod.org\/lily\/wp-content\/uploads\/2022\/03\/undano-ton-balikli-sandvic-tarifi-1-150x150.jpg\" alt=\"\" width=\"150\" height=\"150\" \/><\/div>\n<div class=\"at-food-menu-body\">\n<div class=\"at-food-menu-header-wrap\">\n<div class=\"at-food-menu-header\">\n<h3>TON BALIKLI SANDV\u0130\u00c7<\/h3>\n<p>Baget ekme\u011fi e\u015fli\u011finde akdeniz ye\u015fillikleri,roka ince k\u0131y\u0131m ile e\u015fli\u011finde<\/p>\n<\/div>\n<div class=\"at-price\">\n<h2>\u20ba230<\/h2>\n<\/div>\n<\/div>\n<\/div>\n<\/div>\n<\/div>\n<div class=\"clearfix\"><\/div>\n<div class=\"single-list col-sm-6\">\n<div class=\"at-food-menu-box init-animate zoomIn\">\n<div class=\"at-food-menu-img-box\"><img loading=\"lazy\" decoding=\"async\" class=\"attachment-thumbnail size-thumbnail wp-post-image\" src=\"https:\/\/www.karekod.org\/lily\/wp-content\/uploads\/2022\/03\/800x533-1458891536076-150x150.jpg\" alt=\"\" width=\"150\" height=\"150\" \/><\/div>\n<div class=\"at-food-menu-body\">\n<div class=\"at-food-menu-header-wrap\">\n<div class=\"at-food-menu-header\">\n<h3>DANA JAMBONLU SANDV\u0130\u00c7<\/h3>\n<p>Dana jambonlu ,ka\u015far peyniri,domates,salatal\u0131k ile cips patates e\u015fli\u011finde<\/p>\n<\/div>\n<div class=\"at-price\">\n<h2>\u20ba250<\/h2>\n<\/div>\n<\/div>\n<\/div>\n<\/div>\n<\/div>\n<div class=\"single-list col-sm-6\">\n<div class=\"at-food-menu-box init-animate zoomIn\">\n<div class=\"at-food-menu-img-box\"><img loading=\"lazy\" decoding=\"async\" class=\"attachment-thumbnail size-thumbnail wp-post-image\" src=\"https:\/\/www.karekod.org\/lily\/wp-content\/uploads\/2022\/03\/hindi-fumeli-sandvic-1-150x150.jpg\" sizes=\"auto, (max-width: 150px) 100vw, 150px\" srcset=\"https:\/\/www.karekod.org\/lily\/wp-content\/uploads\/2022\/03\/hindi-fumeli-sandvic-1-150x150.jpg 150w, https:\/\/www.karekod.org\/lily\/wp-content\/uploads\/2022\/03\/hindi-fumeli-sandvic-1-300x300.jpg 300w, https:\/\/www.karekod.org\/lily\/wp-content\/uploads\/2022\/03\/hindi-fumeli-sandvic-1.jpg 500w\" alt=\"\" width=\"150\" height=\"150\" \/><\/div>\n<div class=\"at-food-menu-body\">\n<div class=\"at-food-menu-header-wrap\">\n<div class=\"at-food-menu-header\">\n<h3>H\u0130ND\u0130 F\u00dcMEL\u0130 SANDV\u0130\u00c7<\/h3>\n<p>Hindi f\u00fcmeli ,ka\u015far peyniri,domates,salatal\u0131k ile cips patates e\u015fli\u011finde<\/p>\n<\/div>\n<\/div>\n<\/div>\n<\/div>\n<\/div>\n<div class=\"single-list col-sm-6\">\n<div class=\"at-food-menu-box init-animate zoomIn\">\n<div class=\"at-food-menu-body\">\n<div class=\"at-food-menu-header-wrap\">\n<div class=\"at-price\">\n<h2>\u20ba210<\/h2>\n<\/div>\n<\/div>\n<\/div>\n<\/div>\n<\/div>\n<div class=\"single-list col-sm-6\">\n<div class=\"at-food-menu-box init-animate zoomIn\">\n<div class=\"at-food-menu-img-box\"><img loading=\"lazy\" decoding=\"async\" class=\"attachment-thumbnail size-thumbnail wp-post-image\" src=\"https:\/\/www.karekod.org\/lily\/wp-content\/uploads\/2022\/03\/indir-2-2-150x150.jpg\" alt=\"\" width=\"150\" height=\"150\" \/><\/div>\n<div class=\"at-food-menu-body\">\n<div class=\"at-food-menu-header-wrap\">\n<div class=\"at-food-menu-header\">\n<h3>KARI\u015eIK SANDV\u0130\u00c7<\/h3>\n<p>Hindi f\u00fcmeli ve dana jambonlu,ka\u015far peyniri,domates,salatal\u0131k ile cips patates e\u015fli\u011finde<\/p>\n<\/div>\n<div class=\"at-price\">\n<h2>\u20ba260<\/h2>\n<\/div>\n<\/div>\n<\/div>\n<\/div>\n<\/div>\n<div class=\"clearfix\"><\/div>\n<div class=\"single-list col-sm-6\">\n<div class=\"at-food-menu-box init-animate zoomIn\">\n<div class=\"at-food-menu-img-box\"><img loading=\"lazy\" decoding=\"async\" class=\"attachment-thumbnail size-thumbnail wp-post-image\" src=\"https:\/\/www.karekod.org\/lily\/wp-content\/uploads\/2022\/03\/619789b986b24a1a448d32bf-1-150x150.jpg\" alt=\"\" width=\"150\" height=\"150\" \/><\/div>\n<div class=\"at-food-menu-body\">\n<div class=\"at-food-menu-header-wrap\">\n<div class=\"at-food-menu-header\">\n<h3>\u0130LAVE PATATES<\/h3>\n<h6><\/h6>\n<\/div>\n<div class=\"at-price\">\n<h2>\u20ba40<\/h2>\n<\/div>\n<\/div>\n<\/div>\n<\/div>\n<\/div>\n<div class=\"single-list col-sm-6\">\n<div class=\"at-food-menu-box init-animate zoomIn\">\n<div class=\"at-food-menu-img-box\"><img loading=\"lazy\" decoding=\"async\" class=\"attachment-thumbnail size-thumbnail wp-post-image\" src=\"https:\/\/www.karekod.org\/lily\/wp-content\/uploads\/2022\/03\/chedar-1-150x150.jpg\" sizes=\"auto, (max-width: 150px) 100vw, 150px\" srcset=\"https:\/\/www.karekod.org\/lily\/wp-content\/uploads\/2022\/03\/chedar-1-150x150.jpg 150w, https:\/\/www.karekod.org\/lily\/wp-content\/uploads\/2022\/03\/chedar-1-300x300.jpg 300w, https:\/\/www.karekod.org\/lily\/wp-content\/uploads\/2022\/03\/chedar-1.jpg 420w\" alt=\"\" width=\"150\" height=\"150\" \/><\/div>\n<div class=\"at-food-menu-body\">\n<div class=\"at-food-menu-header-wrap\">\n<div class=\"at-food-menu-header\">\n<h3>CHEDDAR SOS<\/h3>\n<h6><\/h6>\n<\/div>\n<div class=\"at-price\">\n<h2>\u20ba30<\/h2>\n<\/div>\n<\/div>\n<\/div>\n<\/div>\n<\/div>\n<div class=\"clearfix\"><\/div>\n<div class=\"single-list col-sm-6\">\n<div class=\"at-food-menu-box init-animate zoomIn\">\n<div class=\"at-food-menu-img-box\"><\/div>\n<\/div>\n<\/div>\n<\/div>\n","protected":false},"excerpt":{"rendered":"<p>SO\u011eUK SANDV\u0130\u00c7 TON BALIKLI SANDV\u0130\u00c7 Baget ekme\u011fi e\u015fli\u011finde akdeniz ye\u015fillikleri,roka ince k\u0131y\u0131m ile e\u015fli\u011finde \u20ba230 DANA JAMBONLU SANDV\u0130\u00c7 Dana jambonlu ,ka\u015far peyniri,domates,salatal\u0131k ile cips patates e\u015fli\u011finde \u20ba250 H\u0130ND\u0130 F\u00dcMEL\u0130 SANDV\u0130\u00c7 Hindi f\u00fcmeli ,ka\u015far peyniri,domates,salatal\u0131k ile cips patates e\u015fli\u011finde \u20ba210 KARI\u015eIK SANDV\u0130\u00c7 Hindi f\u00fcmeli ve dana jambonlu,ka\u015far peyniri,domates,salatal\u0131k ile cips patates e\u015fli\u011finde \u20ba260 \u0130LAVE PATATES \u20ba40 [&hellip;]<\/p>\n","protected":false},"author":1,"featured_media":0,"parent":0,"menu_order":0,"comment_status":"closed","ping_status":"closed","template":"","meta":{"footnotes":""},"class_list":["post-1215","page","type-page","status-publish","hentry"],"_links":{"self":[{"href":"https:\/\/www.karekod.org\/lily\/wp-json\/wp\/v2\/pages\/1215","targetHints":{"allow":["GET"]}}],"collection":[{"href":"https:\/\/www.karekod.org\/lily\/wp-json\/wp\/v2\/pages"}],"about":[{"href":"https:\/\/www.karekod.org\/lily\/wp-json\/wp\/v2\/types\/page"}],"author":[{"embeddable":true,"href":"https:\/\/www.karekod.org\/lily\/wp-json\/wp\/v2\/users\/1"}],"replies":[{"embeddable":true,"href":"https:\/\/www.karekod.org\/lily\/wp-json\/wp\/v2\/comments?post=1215"}],"version-history":[{"count":15,"href":"https:\/\/www.karekod.org\/lily\/wp-json\/wp\/v2\/pages\/1215\/revisions"}],"predecessor-version":[{"id":1925,"href":"https:\/\/www.karekod.org\/lily\/wp-json\/wp\/v2\/pages\/1215\/revisions\/1925"}],"wp:attachment":[{"href":"https:\/\/www.karekod.org\/lily\/wp-json\/wp\/v2\/media?parent=1215"}],"curies":[{"name":"wp","href":"https:\/\/api.w.org\/{rel}","templated":true}]}}