{"id":1206,"date":"2022-06-11T15:31:08","date_gmt":"2022-06-11T12:31:08","guid":{"rendered":"https:\/\/www.karekod.org\/lily\/?page_id=1206"},"modified":"2024-04-29T19:20:00","modified_gmt":"2024-04-29T16:20:00","slug":"kahvalti","status":"publish","type":"page","link":"https:\/\/www.karekod.org\/lily\/kahvalti\/","title":{"rendered":"Kahvalt\u0131"},"content":{"rendered":"<div class=\"at-widget-title-wrapper\">\n<h3 class=\"widget-title\">KAHVALTI<\/h3>\n<\/div>\n<div class=\"row featured-entries-col featured-entries-logo\">\n<div class=\"single-list col-sm-6\">\n<div class=\"at-food-menu-box init-animate zoomIn\">\n<div class=\"at-food-menu-img-box\"><img loading=\"lazy\" decoding=\"async\" class=\"attachment-thumbnail size-thumbnail wp-post-image\" src=\"https:\/\/www.karekod.org\/lily\/wp-content\/uploads\/2022\/03\/kahvalti-tabagi-150x150.jpg\" alt=\"\" width=\"150\" height=\"150\" \/><\/div>\n<div class=\"at-food-menu-body\">\n<div class=\"at-food-menu-header-wrap\">\n<div class=\"at-food-menu-header\">\n<h3>KAHVALTI TABA\u011eI<\/h3>\n<p>Taze ka\u015far peyniri,ezine peyniri,\u00e7e\u00e7il peyniri,ye\u015fil zeytin, siyah zeytin,domates, salatal\u0131k, k\u0131lbiber, maydanoz,bal-kaymak, tereya\u011f, nutella, dana salam, dana jambon, hindi f\u00fcme, ha\u015flanm\u0131\u015f yumurta<\/p>\n<\/div>\n<div class=\"at-price\">\n<h2>\u20ba330<\/h2>\n<\/div>\n<\/div>\n<\/div>\n<\/div>\n<\/div>\n<div class=\"single-list col-sm-6 at-price-no-img\">\n<div class=\"at-food-menu-box init-animate zoomIn\">\n<div class=\"at-food-menu-body\">\n<div class=\"at-food-menu-header-wrap\">\n<div class=\"at-food-menu-header\">\n<h3>PEYN\u0130R<\/h3>\n<h6><\/h6>\n<\/div>\n<div class=\"at-price\">\n<h2>\u20ba30<\/h2>\n<\/div>\n<\/div>\n<\/div>\n<\/div>\n<\/div>\n<div class=\"clearfix\"><\/div>\n<div class=\"single-list col-sm-6 at-price-no-img\">\n<div class=\"at-food-menu-box init-animate zoomIn\">\n<div class=\"at-food-menu-body\">\n<div class=\"at-food-menu-header-wrap\">\n<div class=\"at-food-menu-header\">\n<h3>TAZE KA\u015eAR<\/h3>\n<h6><\/h6>\n<\/div>\n<div class=\"at-price\">\n<h2>\u20ba30<\/h2>\n<\/div>\n<\/div>\n<\/div>\n<\/div>\n<\/div>\n<div class=\"single-list col-sm-6 at-price-no-img\">\n<div class=\"at-food-menu-box init-animate zoomIn\">\n<div class=\"at-food-menu-body\">\n<div class=\"at-food-menu-header-wrap\">\n<div class=\"at-food-menu-header\"><\/div>\n<div class=\"at-price\">\n<h2><\/h2>\n<\/div>\n<\/div>\n<\/div>\n<\/div>\n<\/div>\n<div class=\"clearfix\"><\/div>\n<div class=\"single-list col-sm-6 at-price-no-img\">\n<div class=\"at-food-menu-box init-animate zoomIn\">\n<div class=\"at-food-menu-body\">\n<div class=\"at-food-menu-header-wrap\">\n<div class=\"at-food-menu-header\">\n<h3>MOZZARELLA PEYN\u0130R\u0130<\/h3>\n<h6><\/h6>\n<\/div>\n<div class=\"at-price\">\n<h2>\u20ba30<\/h2>\n<\/div>\n<\/div>\n<\/div>\n<\/div>\n<\/div>\n<div class=\"single-list col-sm-6 at-price-no-img\">\n<div class=\"at-food-menu-box init-animate zoomIn\">\n<div class=\"at-food-menu-body\">\n<div class=\"at-food-menu-header-wrap\">\n<div class=\"at-food-menu-header\">\n<h3>ZEYT\u0130N<\/h3>\n<h6><\/h6>\n<\/div>\n<div class=\"at-price\">\n<h2>\u20ba30<\/h2>\n<\/div>\n<\/div>\n<\/div>\n<\/div>\n<\/div>\n<div class=\"clearfix\"><\/div>\n<div class=\"single-list col-sm-6 at-price-no-img\">\n<div class=\"at-food-menu-box init-animate zoomIn\">\n<div class=\"at-food-menu-body\">\n<div class=\"at-food-menu-header-wrap\">\n<div class=\"at-food-menu-header\">\n<h3>YUMURTA<\/h3>\n<h6><\/h6>\n<\/div>\n<div class=\"at-price\">\n<h2>\u20ba30<\/h2>\n<\/div>\n<\/div>\n<\/div>\n<\/div>\n<\/div>\n<div class=\"single-list col-sm-6 at-price-no-img\">\n<div class=\"at-food-menu-box init-animate zoomIn\">\n<div class=\"at-food-menu-body\">\n<div class=\"at-food-menu-header-wrap\">\n<div class=\"at-food-menu-header\">\n<h3>DOMATES<\/h3>\n<h6><\/h6>\n<\/div>\n<div class=\"at-price\">\n<h2>\u20ba30<\/h2>\n<\/div>\n<\/div>\n<\/div>\n<\/div>\n<\/div>\n<div class=\"clearfix\"><\/div>\n<div class=\"single-list col-sm-6 at-price-no-img\">\n<div class=\"at-food-menu-box init-animate zoomIn\">\n<div class=\"at-food-menu-body\">\n<div class=\"at-food-menu-header-wrap\">\n<div class=\"at-food-menu-header\">\n<h3>SALATALIK<\/h3>\n<h6><\/h6>\n<\/div>\n<div class=\"at-price\">\n<h2>\u20ba30<\/h2>\n<\/div>\n<\/div>\n<\/div>\n<\/div>\n<\/div>\n<div class=\"single-list col-sm-6 at-price-no-img\">\n<div class=\"at-food-menu-box init-animate zoomIn\">\n<div class=\"at-food-menu-body\">\n<div class=\"at-food-menu-header-wrap\">\n<div class=\"at-food-menu-header\">\n<h3>RE\u00c7EL<\/h3>\n<h6><\/h6>\n<\/div>\n<div class=\"at-price\">\n<h2>\u20ba30<\/h2>\n<\/div>\n<\/div>\n<\/div>\n<\/div>\n<\/div>\n<div class=\"clearfix\"><\/div>\n<div class=\"single-list col-sm-6 at-price-no-img\">\n<div class=\"at-food-menu-box init-animate zoomIn\">\n<div class=\"at-food-menu-body\">\n<div class=\"at-food-menu-header-wrap\">\n<div class=\"at-food-menu-header\">\n<h3>BAL<\/h3>\n<h6><\/h6>\n<\/div>\n<div class=\"at-price\">\n<h2>\u20ba30<\/h2>\n<\/div>\n<\/div>\n<\/div>\n<\/div>\n<\/div>\n<div class=\"single-list col-sm-6 at-price-no-img\">\n<div class=\"at-food-menu-box init-animate zoomIn\">\n<div class=\"at-food-menu-body\">\n<div class=\"at-food-menu-header-wrap\">\n<div class=\"at-food-menu-header\">\n<h3>NUTELLA<\/h3>\n<h6><\/h6>\n<\/div>\n<div class=\"at-price\">\n<h2>\u20ba30<\/h2>\n<\/div>\n<\/div>\n<\/div>\n<\/div>\n<\/div>\n<div class=\"clearfix\"><\/div>\n<div class=\"single-list col-sm-6 at-price-no-img\">\n<div class=\"at-food-menu-box init-animate zoomIn\">\n<div class=\"at-food-menu-body\">\n<div class=\"at-food-menu-header-wrap\">\n<div class=\"at-food-menu-header\">\n<h3>KAYMAK<\/h3>\n<h6><\/h6>\n<\/div>\n<div class=\"at-price\">\n<h2>\u20ba30<\/h2>\n<\/div>\n<\/div>\n<\/div>\n<\/div>\n<\/div>\n<div class=\"single-list col-sm-6 at-price-no-img\">\n<div class=\"at-food-menu-box init-animate zoomIn\">\n<div class=\"at-food-menu-body\">\n<div class=\"at-food-menu-header-wrap\">\n<div class=\"at-food-menu-header\">\n<h3>TEREYA\u011eI<\/h3>\n<\/div>\n<h6><\/h6>\n<div class=\"at-price\">\n<h2>\u20ba30<\/h2>\n<\/div>\n<\/div>\n<\/div>\n<\/div>\n<\/div>\n<div class=\"clearfix\"><\/div>\n<div class=\"single-list col-sm-6 at-price-no-img\">\n<div class=\"at-food-menu-box init-animate zoomIn\">\n<div class=\"at-food-menu-body\">\n<div class=\"at-food-menu-header-wrap\">\n<div class=\"at-food-menu-header\">\n<h3>DANA JAMBON<\/h3>\n<h6><\/h6>\n<\/div>\n<div class=\"at-price\">\n<h2>\u20ba30<\/h2>\n<\/div>\n<\/div>\n<\/div>\n<\/div>\n<\/div>\n<div class=\"single-list col-sm-6 at-price-no-img\">\n<div class=\"at-food-menu-box init-animate zoomIn\">\n<div class=\"at-food-menu-body\">\n<div class=\"at-food-menu-header-wrap\">\n<div class=\"at-food-menu-header\">\n<h3>H\u0130ND\u0130 F\u00dcME<\/h3>\n<h6><\/h6>\n<\/div>\n<div class=\"at-price\">\n<h2>\u20ba30<\/h2>\n<\/div>\n<\/div>\n<\/div>\n<\/div>\n<\/div>\n<div class=\"clearfix\"><\/div>\n<div class=\"single-list col-sm-6 at-price-no-img\">\n<div class=\"at-food-menu-box init-animate zoomIn\">\n<div class=\"at-food-menu-body\">\n<div class=\"at-food-menu-header-wrap\">\n<div class=\"at-food-menu-header\">\n<h3>SALAM<\/h3>\n<h6><\/h6>\n<\/div>\n<div class=\"at-price\">\n<h2>\u20ba30<\/h2>\n<\/div>\n<\/div>\n<\/div>\n<\/div>\n<\/div>\n<\/div>\n","protected":false},"excerpt":{"rendered":"<p>KAHVALTI KAHVALTI TABA\u011eI Taze ka\u015far peyniri,ezine peyniri,\u00e7e\u00e7il peyniri,ye\u015fil zeytin, siyah zeytin,domates, salatal\u0131k, k\u0131lbiber, maydanoz,bal-kaymak, tereya\u011f, nutella, dana salam, dana jambon, hindi f\u00fcme, ha\u015flanm\u0131\u015f yumurta \u20ba330 PEYN\u0130R \u20ba30 TAZE KA\u015eAR \u20ba30 MOZZARELLA PEYN\u0130R\u0130 \u20ba30 ZEYT\u0130N \u20ba30 YUMURTA \u20ba30 DOMATES \u20ba30 SALATALIK \u20ba30 RE\u00c7EL \u20ba30 BAL \u20ba30 NUTELLA \u20ba30 KAYMAK \u20ba30 TEREYA\u011eI \u20ba30 DANA JAMBON \u20ba30 H\u0130ND\u0130 [&hellip;]<\/p>\n","protected":false},"author":1,"featured_media":0,"parent":0,"menu_order":0,"comment_status":"closed","ping_status":"closed","template":"","meta":{"footnotes":""},"class_list":["post-1206","page","type-page","status-publish","hentry"],"_links":{"self":[{"href":"https:\/\/www.karekod.org\/lily\/wp-json\/wp\/v2\/pages\/1206","targetHints":{"allow":["GET"]}}],"collection":[{"href":"https:\/\/www.karekod.org\/lily\/wp-json\/wp\/v2\/pages"}],"about":[{"href":"https:\/\/www.karekod.org\/lily\/wp-json\/wp\/v2\/types\/page"}],"author":[{"embeddable":true,"href":"https:\/\/www.karekod.org\/lily\/wp-json\/wp\/v2\/users\/1"}],"replies":[{"embeddable":true,"href":"https:\/\/www.karekod.org\/lily\/wp-json\/wp\/v2\/comments?post=1206"}],"version-history":[{"count":16,"href":"https:\/\/www.karekod.org\/lily\/wp-json\/wp\/v2\/pages\/1206\/revisions"}],"predecessor-version":[{"id":1920,"href":"https:\/\/www.karekod.org\/lily\/wp-json\/wp\/v2\/pages\/1206\/revisions\/1920"}],"wp:attachment":[{"href":"https:\/\/www.karekod.org\/lily\/wp-json\/wp\/v2\/media?parent=1206"}],"curies":[{"name":"wp","href":"https:\/\/api.w.org\/{rel}","templated":true}]}}