{"id":58,"date":"2018-11-15T12:07:59","date_gmt":"2018-11-15T12:07:59","guid":{"rendered":"http:\/\/demo.acmethemes.com\/restaurant-recipe\/?page_id=133"},"modified":"2021-09-30T21:36:17","modified_gmt":"2021-09-30T21:36:17","slug":"ray-lee","status":"publish","type":"page","link":"https:\/\/www.karekod.org\/kabar\/ray-lee\/","title":{"rendered":"\u00e7a\u011fatay ayta\u015f"},"content":{"rendered":"<p>Bursa&#8217;da a\u00e7\u0131ld\u0131\u011f\u0131 g\u00fcnden beri yakla\u015f\u0131k 13 y\u0131ld\u0131r rengini de\u011fi\u015ftirmeyen tek mekan. Bursa&#8217;ya y\u0131llar sonrada gelseniz i\u0307llaki eski bir arkada\u015f bu mekandad\u0131r :)))<\/p>\n","protected":false},"excerpt":{"rendered":"<p>Bursa&#8217;da a\u00e7\u0131ld\u0131\u011f\u0131 g\u00fcnden beri yakla\u015f\u0131k 13 y\u0131ld\u0131r rengini de\u011fi\u015ftirmeyen tek mekan. Bursa&#8217;ya y\u0131llar sonrada gelseniz i\u0307llaki eski bir arkada\u015f bu mekandad\u0131r :)))<\/p>\n","protected":false},"author":1,"featured_media":287,"parent":0,"menu_order":0,"comment_status":"closed","ping_status":"closed","template":"","meta":{"footnotes":""},"class_list":["post-58","page","type-page","status-publish","has-post-thumbnail","hentry"],"_links":{"self":[{"href":"https:\/\/www.karekod.org\/kabar\/wp-json\/wp\/v2\/pages\/58","targetHints":{"allow":["GET"]}}],"collection":[{"href":"https:\/\/www.karekod.org\/kabar\/wp-json\/wp\/v2\/pages"}],"about":[{"href":"https:\/\/www.karekod.org\/kabar\/wp-json\/wp\/v2\/types\/page"}],"author":[{"embeddable":true,"href":"https:\/\/www.karekod.org\/kabar\/wp-json\/wp\/v2\/users\/1"}],"replies":[{"embeddable":true,"href":"https:\/\/www.karekod.org\/kabar\/wp-json\/wp\/v2\/comments?post=58"}],"version-history":[{"count":5,"href":"https:\/\/www.karekod.org\/kabar\/wp-json\/wp\/v2\/pages\/58\/revisions"}],"predecessor-version":[{"id":232,"href":"https:\/\/www.karekod.org\/kabar\/wp-json\/wp\/v2\/pages\/58\/revisions\/232"}],"wp:featuredmedia":[{"embeddable":true,"href":"https:\/\/www.karekod.org\/kabar\/wp-json\/wp\/v2\/media\/287"}],"wp:attachment":[{"href":"https:\/\/www.karekod.org\/kabar\/wp-json\/wp\/v2\/media?parent=58"}],"curies":[{"name":"wp","href":"https:\/\/api.w.org\/{rel}","templated":true}]}}