{"id":52,"date":"2018-11-15T12:09:02","date_gmt":"2018-11-15T12:09:02","guid":{"rendered":"http:\/\/demo.acmethemes.com\/restaurant-recipe\/?page_id=139"},"modified":"2021-09-30T21:22:41","modified_gmt":"2021-09-30T21:22:41","slug":"jhon-sharpe","status":"publish","type":"page","link":"https:\/\/www.karekod.org\/kabar\/jhon-sharpe\/","title":{"rendered":"kenangraffitti"},"content":{"rendered":"<p>de\u011fi\u015fen i\u015fletmesi ile beraber ve mekan i\u00e7inde yap\u0131lan de\u011fi\u015fikliklerle bursa&#8217;da ad\u0131ndan s\u0131k\u00e7a s\u00f6z ettirmeye ba\u015flayan mekan. \u00f6zellikle hafta sonlar\u0131 sahnelerinde yapt\u0131klar\u0131 canl\u0131 performanslar izlenilesi. bursa&#8217;ya yolu d\u00fc\u015fenlerin ve bursa&#8217;da ya\u015fayanlar\u0131 gidip g\u00f6rmesini d\u00fc\u015f\u00fcn\u00fcd\u00fc\u011f\u00fcm bar<\/p>\n","protected":false},"excerpt":{"rendered":"<p>de\u011fi\u015fen i\u015fletmesi ile beraber ve mekan i\u00e7inde yap\u0131lan de\u011fi\u015fikliklerle bursa&#8217;da ad\u0131ndan s\u0131k\u00e7a s\u00f6z ettirmeye ba\u015flayan mekan. \u00f6zellikle hafta sonlar\u0131 sahnelerinde yapt\u0131klar\u0131 canl\u0131 performanslar izlenilesi. bursa&#8217;ya yolu d\u00fc\u015fenlerin ve bursa&#8217;da ya\u015fayanlar\u0131 gidip g\u00f6rmesini d\u00fc\u015f\u00fcn\u00fcd\u00fc\u011f\u00fcm bar<\/p>\n","protected":false},"author":1,"featured_media":283,"parent":0,"menu_order":0,"comment_status":"closed","ping_status":"closed","template":"","meta":{"footnotes":""},"class_list":["post-52","page","type-page","status-publish","has-post-thumbnail","hentry"],"_links":{"self":[{"href":"https:\/\/www.karekod.org\/kabar\/wp-json\/wp\/v2\/pages\/52","targetHints":{"allow":["GET"]}}],"collection":[{"href":"https:\/\/www.karekod.org\/kabar\/wp-json\/wp\/v2\/pages"}],"about":[{"href":"https:\/\/www.karekod.org\/kabar\/wp-json\/wp\/v2\/types\/page"}],"author":[{"embeddable":true,"href":"https:\/\/www.karekod.org\/kabar\/wp-json\/wp\/v2\/users\/1"}],"replies":[{"embeddable":true,"href":"https:\/\/www.karekod.org\/kabar\/wp-json\/wp\/v2\/comments?post=52"}],"version-history":[{"count":3,"href":"https:\/\/www.karekod.org\/kabar\/wp-json\/wp\/v2\/pages\/52\/revisions"}],"predecessor-version":[{"id":228,"href":"https:\/\/www.karekod.org\/kabar\/wp-json\/wp\/v2\/pages\/52\/revisions\/228"}],"wp:featuredmedia":[{"embeddable":true,"href":"https:\/\/www.karekod.org\/kabar\/wp-json\/wp\/v2\/media\/283"}],"wp:attachment":[{"href":"https:\/\/www.karekod.org\/kabar\/wp-json\/wp\/v2\/media?parent=52"}],"curies":[{"name":"wp","href":"https:\/\/api.w.org\/{rel}","templated":true}]}}