{"id":108,"date":"2018-11-15T11:17:32","date_gmt":"2018-11-15T11:17:32","guid":{"rendered":"http:\/\/demo.acmethemes.com\/restaurant-recipe\/?page_id=46"},"modified":"2021-09-29T20:31:45","modified_gmt":"2021-09-29T20:31:45","slug":"free-parking","status":"publish","type":"page","link":"https:\/\/www.karekod.org\/kabar\/free-parking\/","title":{"rendered":"\u00dccretsiz Park Yeri"},"content":{"rendered":"","protected":false},"excerpt":{"rendered":"<p>K\u0131sa ve uzun s\u00fcreli olarak ara\u00e7lar\u0131n\u0131z\u0131 g\u00fcvenle park edebilece\u011finiz \u00fccretsiz otopark alan\u0131m\u0131z mevcuttur.<\/p>\n","protected":false},"author":1,"featured_media":0,"parent":0,"menu_order":0,"comment_status":"closed","ping_status":"closed","template":"","meta":{"footnotes":""},"class_list":["post-108","page","type-page","status-publish","hentry"],"_links":{"self":[{"href":"https:\/\/www.karekod.org\/kabar\/wp-json\/wp\/v2\/pages\/108","targetHints":{"allow":["GET"]}}],"collection":[{"href":"https:\/\/www.karekod.org\/kabar\/wp-json\/wp\/v2\/pages"}],"about":[{"href":"https:\/\/www.karekod.org\/kabar\/wp-json\/wp\/v2\/types\/page"}],"author":[{"embeddable":true,"href":"https:\/\/www.karekod.org\/kabar\/wp-json\/wp\/v2\/users\/1"}],"replies":[{"embeddable":true,"href":"https:\/\/www.karekod.org\/kabar\/wp-json\/wp\/v2\/comments?post=108"}],"version-history":[{"count":2,"href":"https:\/\/www.karekod.org\/kabar\/wp-json\/wp\/v2\/pages\/108\/revisions"}],"predecessor-version":[{"id":156,"href":"https:\/\/www.karekod.org\/kabar\/wp-json\/wp\/v2\/pages\/108\/revisions\/156"}],"wp:attachment":[{"href":"https:\/\/www.karekod.org\/kabar\/wp-json\/wp\/v2\/media?parent=108"}],"curies":[{"name":"wp","href":"https:\/\/api.w.org\/{rel}","templated":true}]}}