{"id":102,"date":"2018-11-15T11:19:04","date_gmt":"2018-11-15T11:19:04","guid":{"rendered":"http:\/\/demo.acmethemes.com\/restaurant-recipe\/?page_id=52"},"modified":"2021-09-29T20:37:43","modified_gmt":"2021-09-29T20:37:43","slug":"home-delivery","status":"publish","type":"page","link":"https:\/\/www.karekod.org\/kabar\/home-delivery\/","title":{"rendered":"A\u00e7\u0131k Alan Bah\u00e7e"},"content":{"rendered":"<p>yaz bah\u00e7esi<\/p>\n","protected":false},"excerpt":{"rendered":"<p>Yaz bah\u00e7emizde keyifli sohbetler e\u015fli\u011finde biran\u0131z\u0131 yudumlarken canl\u0131 m\u00fczik dinleyebilirsiniz.<\/p>\n","protected":false},"author":1,"featured_media":0,"parent":0,"menu_order":0,"comment_status":"closed","ping_status":"closed","template":"","meta":{"footnotes":""},"class_list":["post-102","page","type-page","status-publish","hentry"],"_links":{"self":[{"href":"https:\/\/www.karekod.org\/kabar\/wp-json\/wp\/v2\/pages\/102","targetHints":{"allow":["GET"]}}],"collection":[{"href":"https:\/\/www.karekod.org\/kabar\/wp-json\/wp\/v2\/pages"}],"about":[{"href":"https:\/\/www.karekod.org\/kabar\/wp-json\/wp\/v2\/types\/page"}],"author":[{"embeddable":true,"href":"https:\/\/www.karekod.org\/kabar\/wp-json\/wp\/v2\/users\/1"}],"replies":[{"embeddable":true,"href":"https:\/\/www.karekod.org\/kabar\/wp-json\/wp\/v2\/comments?post=102"}],"version-history":[{"count":2,"href":"https:\/\/www.karekod.org\/kabar\/wp-json\/wp\/v2\/pages\/102\/revisions"}],"predecessor-version":[{"id":160,"href":"https:\/\/www.karekod.org\/kabar\/wp-json\/wp\/v2\/pages\/102\/revisions\/160"}],"wp:attachment":[{"href":"https:\/\/www.karekod.org\/kabar\/wp-json\/wp\/v2\/media?parent=102"}],"curies":[{"name":"wp","href":"https:\/\/api.w.org\/{rel}","templated":true}]}}