{"id":6965,"date":"2022-05-27T19:21:26","date_gmt":"2022-05-27T16:21:26","guid":{"rendered":"https:\/\/www.karekod.org\/blog\/?page_id=6965"},"modified":"2026-03-09T23:51:03","modified_gmt":"2026-03-09T20:51:03","slug":"sorumluluk-reddi","status":"publish","type":"page","link":"https:\/\/www.karekod.org\/blog\/sorumluluk-reddi\/","title":{"rendered":"Sorumluluk Reddi"},"content":{"rendered":"\n<p>Karekod Blog\u2019da yay\u0131mlanan t\u00fcm i\u00e7erikler yaln\u0131zca bilgilendirme amac\u0131 ta\u015f\u0131maktad\u0131r. Sitede yer alan fiyat, kampanya, \u00fcr\u00fcn ve hizmet bilgileri d\u00fczenli olarak kontrol edilmekle birlikte; b\u00f6lgesel farkl\u0131l\u0131klar, bayi uygulamalar\u0131, tedarik zinciri de\u011fi\u015fiklikleri veya ani fiyat g\u00fcncellemeleri nedeniyle farkl\u0131l\u0131k g\u00f6sterebilir.<\/p><div id=\"ez-toc-container\" class=\"ez-toc-v2_0_82_2 counter-hierarchy ez-toc-counter ez-toc-grey ez-toc-container-direction\">\n<div class=\"ez-toc-title-container\">\n<p class=\"ez-toc-title\" style=\"cursor:inherit\">\u0130\u00e7indekiler<\/p>\n<span class=\"ez-toc-title-toggle\"><a href=\"#\" class=\"ez-toc-pull-right ez-toc-btn ez-toc-btn-xs ez-toc-btn-default ez-toc-toggle\" aria-label=\"\u0130\u00e7indekiler Tablosunu A\u00e7\/Kapat\"><span class=\"ez-toc-js-icon-con\"><span class=\"\"><span class=\"eztoc-hide\" style=\"display:none;\">Toggle<\/span><span class=\"ez-toc-icon-toggle-span\"><svg style=\"fill: #999;color:#999\" xmlns=\"http:\/\/www.w3.org\/2000\/svg\" class=\"list-377408\" width=\"20px\" height=\"20px\" viewBox=\"0 0 24 24\" fill=\"none\"><path d=\"M6 6H4v2h2V6zm14 0H8v2h12V6zM4 11h2v2H4v-2zm16 0H8v2h12v-2zM4 16h2v2H4v-2zm16 0H8v2h12v-2z\" fill=\"currentColor\"><\/path><\/svg><svg style=\"fill: #999;color:#999\" class=\"arrow-unsorted-368013\" xmlns=\"http:\/\/www.w3.org\/2000\/svg\" width=\"10px\" height=\"10px\" viewBox=\"0 0 24 24\" version=\"1.2\" baseProfile=\"tiny\"><path d=\"M18.2 9.3l-6.2-6.3-6.2 6.3c-.2.2-.3.4-.3.7s.1.5.3.7c.2.2.4.3.7.3h11c.3 0 .5-.1.7-.3.2-.2.3-.5.3-.7s-.1-.5-.3-.7zM5.8 14.7l6.2 6.3 6.2-6.3c.2-.2.3-.5.3-.7s-.1-.5-.3-.7c-.2-.2-.4-.3-.7-.3h-11c-.3 0-.5.1-.7.3-.2.2-.3.5-.3.7s.1.5.3.7z\"\/><\/svg><\/span><\/span><\/span><\/a><\/span><\/div>\n<nav><ul class='ez-toc-list ez-toc-list-level-1 ' ><li class='ez-toc-page-1 ez-toc-heading-level-2'><a class=\"ez-toc-link ez-toc-heading-1\" href=\"https:\/\/www.karekod.org\/blog\/sorumluluk-reddi\/#Fiyat_ve_Guncelleme_Politikasi\" >Fiyat ve G\u00fcncelleme Politikas\u0131<\/a><\/li><li class='ez-toc-page-1 ez-toc-heading-level-2'><a class=\"ez-toc-link ez-toc-heading-2\" href=\"https:\/\/www.karekod.org\/blog\/sorumluluk-reddi\/#Reklam_ve_Sponsor_Icerikler\" >Reklam ve Sponsor \u0130\u00e7erikler<\/a><\/li><li class='ez-toc-page-1 ez-toc-heading-level-2'><a class=\"ez-toc-link ez-toc-heading-3\" href=\"https:\/\/www.karekod.org\/blog\/sorumluluk-reddi\/#Ucuncu_Taraf_Baglantilar\" >\u00dc\u00e7\u00fcnc\u00fc Taraf Ba\u011flant\u0131lar<\/a><\/li><li class='ez-toc-page-1 ez-toc-heading-level-2'><a class=\"ez-toc-link ez-toc-heading-4\" href=\"https:\/\/www.karekod.org\/blog\/sorumluluk-reddi\/#Yatirim_ve_Tavsiye_Niteligi\" >Yat\u0131r\u0131m ve Tavsiye Niteli\u011fi<\/a><\/li><li class='ez-toc-page-1 ez-toc-heading-level-2'><a class=\"ez-toc-link ez-toc-heading-5\" href=\"https:\/\/www.karekod.org\/blog\/sorumluluk-reddi\/#Fikri_Mulkiyet_Haklari\" >Fikri M\u00fclkiyet Haklar\u0131<\/a><\/li><li class='ez-toc-page-1 ez-toc-heading-level-2'><a class=\"ez-toc-link ez-toc-heading-6\" href=\"https:\/\/www.karekod.org\/blog\/sorumluluk-reddi\/#Hukuki_Dayanak\" >Hukuki Dayanak<\/a><\/li><\/ul><\/nav><\/div>\n\n\n\n\n<p>Ziyaret\u00e7ilerin en g\u00fcncel ve kesin bilgiler i\u00e7in ilgili resmi kurumlara, yetkili bayilere veya sat\u0131c\u0131lara ba\u015fvurmalar\u0131 \u00f6nerilir.<\/p>\n\n\n\n<p>Karekod Blog\u2019da yer alan i\u00e7eriklere dayan\u0131larak al\u0131nan kararlar sonucunda olu\u015fabilecek do\u011frudan veya dolayl\u0131 zararlardan site y\u00f6netimi sorumlu tutulamaz.<\/p>\n\n\n\n<h2 class=\"wp-block-heading\"><span class=\"ez-toc-section\" id=\"Fiyat_ve_Guncelleme_Politikasi\"><\/span>Fiyat ve G\u00fcncelleme Politikas\u0131<span class=\"ez-toc-section-end\"><\/span><\/h2>\n\n\n\n<p>Fiyat i\u00e7erikleri d\u00fczenli aral\u0131klarla kontrol edilmekte ve g\u00fcncellenmektedir. \u00d6nemli de\u011fi\u015fikliklerde i\u00e7erik i\u00e7inde g\u00fcncelleme tarihi belirtilir. Ancak ani fiyat de\u011fi\u015fimleri nedeniyle i\u00e7erikte ge\u00e7ici farkl\u0131l\u0131klar olu\u015fabilir.<\/p>\n\n\n\n<h2 class=\"wp-block-heading\"><span class=\"ez-toc-section\" id=\"Reklam_ve_Sponsor_Icerikler\"><\/span>Reklam ve Sponsor \u0130\u00e7erikler<span class=\"ez-toc-section-end\"><\/span><\/h2>\n\n\n\n<p>Karekod Blog\u2019da zaman zaman reklam, sponsorlu i\u00e7erik veya i\u015f birli\u011fi kapsam\u0131nda haz\u0131rlanm\u0131\u015f yay\u0131nlar yer alabilir. Bu t\u00fcr i\u00e7erikler a\u00e7\u0131k \u015fekilde belirtilir.<\/p>\n\n\n\n<p>Sitede bulunan baz\u0131 ba\u011flant\u0131lar y\u00f6nlendirme (affiliate) ba\u011flant\u0131lar\u0131 olabilir. Bu durum, i\u00e7eriklerin tarafs\u0131zl\u0131\u011f\u0131na etki etmez.<\/p>\n\n\n\n<h2 class=\"wp-block-heading\"><span class=\"ez-toc-section\" id=\"Ucuncu_Taraf_Baglantilar\"><\/span>\u00dc\u00e7\u00fcnc\u00fc Taraf Ba\u011flant\u0131lar<span class=\"ez-toc-section-end\"><\/span><\/h2>\n\n\n\n<p>Sitede yer alan ba\u011flant\u0131lar \u00fc\u00e7\u00fcnc\u00fc taraf web sitelerine y\u00f6nlendirebilir. Bu sitelerin i\u00e7erikleri, gizlilik politikalar\u0131 veya uygulamalar\u0131ndan Karekod Blog sorumlu de\u011fildir.<\/p>\n\n\n\n<h2 class=\"wp-block-heading\"><span class=\"ez-toc-section\" id=\"Yatirim_ve_Tavsiye_Niteligi\"><\/span>Yat\u0131r\u0131m ve Tavsiye Niteli\u011fi<span class=\"ez-toc-section-end\"><\/span><\/h2>\n\n\n\n<p>Karekod Blog\u2019da yer alan i\u00e7erikler yat\u0131r\u0131m, hukuki veya ticari dan\u0131\u015fmanl\u0131k niteli\u011fi ta\u015f\u0131maz. \u0130\u00e7erikler genel bilgilendirme amac\u0131yla sunulmaktad\u0131r.<\/p>\n\n\n\n<h2 class=\"wp-block-heading\"><span class=\"ez-toc-section\" id=\"Fikri_Mulkiyet_Haklari\"><\/span>Fikri M\u00fclkiyet Haklar\u0131<span class=\"ez-toc-section-end\"><\/span><\/h2>\n\n\n\n<p>Sitede yer alan t\u00fcm metin, g\u00f6rsel ve di\u011fer i\u00e7erikler telif hakk\u0131 kapsam\u0131nda korunmaktad\u0131r. \u0130zinsiz kopyalanamaz, \u00e7o\u011falt\u0131lamaz, yeniden yay\u0131mlanamaz veya ticari ama\u00e7la kullan\u0131lamaz.<\/p>\n\n\n\n<h2 class=\"wp-block-heading\"><span class=\"ez-toc-section\" id=\"Hukuki_Dayanak\"><\/span>Hukuki Dayanak<span class=\"ez-toc-section-end\"><\/span><\/h2>\n\n\n\n<p>Bu siteyi ziyaret eden kullan\u0131c\u0131lar yukar\u0131daki \u015fartlar\u0131 kabul etmi\u015f say\u0131l\u0131r.<\/p>\n","protected":false},"excerpt":{"rendered":"<p>Karekod Blog\u2019da yay\u0131mlanan t\u00fcm i\u00e7erikler yaln\u0131zca bilgilendirme amac\u0131 ta\u015f\u0131maktad\u0131r. Sitede yer alan fiyat, kampanya, \u00fcr\u00fcn ve hizmet bilgileri d\u00fczenli olarak [&hellip;]<\/p>\n","protected":false},"author":1,"featured_media":0,"parent":0,"menu_order":0,"comment_status":"closed","ping_status":"closed","template":"","meta":{"footnotes":""},"class_list":["post-6965","page","type-page","status-publish","hentry"],"yoast_head":"<!-- This site is optimized with the Yoast SEO plugin v27.3 - https:\/\/yoast.com\/product\/yoast-seo-wordpress\/ -->\n<title>Sorumluluk Reddi - Karekod Blog<\/title>\n<meta name=\"description\" content=\"Sorumluluk Reddi: Bu web sitesindeki metinler, g\u00f6rseller, grafikler, ses dosyalar\u0131, \u00e7izgi animasyon dosyalar\u0131, video dosyalar\u0131 ve bunlar\u0131n\" \/>\n<meta name=\"robots\" content=\"index, follow, max-snippet:-1, max-image-preview:large, max-video-preview:-1\" \/>\n<link rel=\"canonical\" href=\"https:\/\/www.karekod.org\/blog\/sorumluluk-reddi\/\" \/>\n<meta property=\"og:locale\" content=\"tr_TR\" \/>\n<meta property=\"og:type\" content=\"article\" \/>\n<meta property=\"og:title\" content=\"Sorumluluk Reddi - Karekod Blog\" \/>\n<meta property=\"og:description\" content=\"Sorumluluk Reddi: Bu web sitesindeki metinler, g\u00f6rseller, grafikler, ses dosyalar\u0131, \u00e7izgi animasyon dosyalar\u0131, video dosyalar\u0131 ve bunlar\u0131n\" \/>\n<meta property=\"og:url\" content=\"https:\/\/www.karekod.org\/blog\/sorumluluk-reddi\/\" \/>\n<meta property=\"og:site_name\" content=\"Karekod Blog\" \/>\n<meta property=\"article:publisher\" content=\"https:\/\/www.facebook.com\/QarMenu\/\" \/>\n<meta property=\"article:modified_time\" content=\"2026-03-09T20:51:03+00:00\" \/>\n<meta property=\"og:image\" content=\"https:\/\/www.karekod.org\/blog\/wp-content\/uploads\/2025\/01\/logo.webp\" \/>\n\t<meta property=\"og:image:width\" content=\"512\" \/>\n\t<meta property=\"og:image:height\" content=\"512\" \/>\n\t<meta property=\"og:image:type\" content=\"image\/webp\" \/>\n<meta name=\"twitter:card\" content=\"summary_large_image\" \/>\n<meta name=\"twitter:site\" content=\"@temassizmenu\" \/>\n<meta name=\"twitter:label1\" content=\"Tahmini okuma s\u00fcresi\" \/>\n\t<meta name=\"twitter:data1\" content=\"2 dakika\" \/>\n<script type=\"application\/ld+json\" class=\"yoast-schema-graph\">{\"@context\":\"https:\\\/\\\/schema.org\",\"@graph\":[{\"@type\":[\"Article\",\"BlogPosting\"],\"@id\":\"https:\\\/\\\/www.karekod.org\\\/blog\\\/sorumluluk-reddi\\\/#article\",\"isPartOf\":{\"@id\":\"https:\\\/\\\/www.karekod.org\\\/blog\\\/sorumluluk-reddi\\\/\"},\"author\":{\"@type\":\"Person\",\"@id\":\"https:\\\/\\\/www.karekod.org\\\/blog\\\/yazar\\\/muharrem-eminoglu\\\/\",\"name\":\"Muharrem Emino\u011flu\",\"url\":\"https:\\\/\\\/www.karekod.org\\\/blog\\\/yazar\\\/muharrem-eminoglu\\\/\",\"image\":{\"@type\":\"ImageObject\",\"url\":\"https:\\\/\\\/www.karekod.org\\\/blog\\\/wp-content\\\/uploads\\\/2026\\\/04\\\/muharrememinoglu-1.webp\"},\"description\":\"SEO, veri analizi ve dijital i\u00e7erik stratejisi alan\u0131nda uzman yazar. Karekod Blog \u00fczerinde g\u00fcncel analizler ve rehber i\u00e7erikler \u00fcretir.\",\"jobTitle\":\"SEO Uzman\u0131 ve Dijital \u0130\u00e7erik \u00dcreticisi\",\"sameAs\":[\"https:\\\/\\\/www.facebook.com\\\/mentor.perplexed\\\/\",\"https:\\\/\\\/www.linkedin.com\\\/in\\\/eminoglu\\\/\",\"https:\\\/\\\/x.com\\\/MentorPerplexed\",\"https:\\\/\\\/www.instagram.com\\\/mentorperplexed\\\/\"]},\"headline\":\"Sorumluluk Reddi\",\"datePublished\":\"2022-05-27T16:21:26+00:00\",\"dateModified\":\"2026-03-09T20:51:03+00:00\",\"mainEntityOfPage\":{\"@id\":\"https:\\\/\\\/www.karekod.org\\\/blog\\\/sorumluluk-reddi\\\/\"},\"wordCount\":324,\"publisher\":{\"@id\":\"https:\\\/\\\/www.karekod.org\\\/blog\\\/#organization\"},\"inLanguage\":\"tr\"},{\"@type\":\"WebPage\",\"@id\":\"https:\\\/\\\/www.karekod.org\\\/blog\\\/sorumluluk-reddi\\\/\",\"url\":\"https:\\\/\\\/www.karekod.org\\\/blog\\\/sorumluluk-reddi\\\/\",\"name\":\"Sorumluluk Reddi - Karekod Blog\",\"isPartOf\":{\"@id\":\"https:\\\/\\\/www.karekod.org\\\/blog\\\/#website\"},\"datePublished\":\"2022-05-27T16:21:26+00:00\",\"dateModified\":\"2026-03-09T20:51:03+00:00\",\"description\":\"Sorumluluk Reddi: Bu web sitesindeki metinler, g\u00f6rseller, grafikler, ses dosyalar\u0131, \u00e7izgi animasyon dosyalar\u0131, video dosyalar\u0131 ve bunlar\u0131n\",\"breadcrumb\":{\"@id\":\"https:\\\/\\\/www.karekod.org\\\/blog\\\/sorumluluk-reddi\\\/#breadcrumb\"},\"inLanguage\":\"tr\",\"potentialAction\":[{\"@type\":\"ReadAction\",\"target\":[\"https:\\\/\\\/www.karekod.org\\\/blog\\\/sorumluluk-reddi\\\/\"]}]},{\"@type\":\"BreadcrumbList\",\"@id\":\"https:\\\/\\\/www.karekod.org\\\/blog\\\/sorumluluk-reddi\\\/#breadcrumb\",\"itemListElement\":[{\"@type\":\"ListItem\",\"position\":1,\"name\":\"Ana sayfa\",\"item\":\"https:\\\/\\\/www.karekod.org\\\/blog\\\/\"},{\"@type\":\"ListItem\",\"position\":2,\"name\":\"Sorumluluk Reddi\"}]},{\"@type\":\"WebSite\",\"@id\":\"https:\\\/\\\/www.karekod.org\\\/blog\\\/#website\",\"url\":\"https:\\\/\\\/www.karekod.org\\\/blog\\\/\",\"name\":\"Karekod Blog\",\"description\":\"2026 G\u00fcncel Alkol Fiyatlar\u0131 ve Piyasa Rehberi\",\"publisher\":{\"@id\":\"https:\\\/\\\/www.karekod.org\\\/blog\\\/#organization\"},\"alternateName\":\"Karekod Haber\",\"potentialAction\":[{\"@type\":\"SearchAction\",\"target\":{\"@type\":\"EntryPoint\",\"urlTemplate\":\"https:\\\/\\\/www.karekod.org\\\/blog\\\/?s={search_term_string}\"},\"query-input\":{\"@type\":\"PropertyValueSpecification\",\"valueRequired\":true,\"valueName\":\"search_term_string\"}}],\"inLanguage\":\"tr\"},{\"@type\":\"Organization\",\"@id\":\"https:\\\/\\\/www.karekod.org\\\/blog\\\/#organization\",\"name\":\"Karekod Blog\",\"alternateName\":\"Karekod Haber\",\"url\":\"https:\\\/\\\/www.karekod.org\\\/blog\\\/\",\"logo\":{\"@type\":\"ImageObject\",\"inLanguage\":\"tr\",\"@id\":\"https:\\\/\\\/www.karekod.org\\\/blog\\\/#\\\/schema\\\/logo\\\/image\\\/\",\"url\":\"https:\\\/\\\/www.karekod.org\\\/blog\\\/wp-content\\\/uploads\\\/2025\\\/01\\\/cropped-logo.webp\",\"contentUrl\":\"https:\\\/\\\/www.karekod.org\\\/blog\\\/wp-content\\\/uploads\\\/2025\\\/01\\\/cropped-logo.webp\",\"width\":512,\"height\":384,\"caption\":\"Karekod Blog\"},\"image\":{\"@id\":\"https:\\\/\\\/www.karekod.org\\\/blog\\\/#\\\/schema\\\/logo\\\/image\\\/\"},\"sameAs\":[\"https:\\\/\\\/www.facebook.com\\\/QarMenu\\\/\",\"https:\\\/\\\/x.com\\\/temassizmenu\",\"https:\\\/\\\/www.instagram.com\\\/qarmenu\\\/\",\"https:\\\/\\\/www.linkedin.com\\\/company\\\/karekod\\\/\",\"https:\\\/\\\/tr.pinterest.com\\\/dijitalmenu\\\/\",\"https:\\\/\\\/www.youtube.com\\\/@qrmenu\",\"https:\\\/\\\/karekodmenu.tumblr.com\\\/\",\"https:\\\/\\\/karekod.medium.com\\\/\",\"https:\\\/\\\/www.diigo.com\\\/user\\\/karekod\",\"https:\\\/\\\/mastodon.social\\\/@karekod\",\"https:\\\/\\\/vk.com\\\/karekod\",\"https:\\\/\\\/flipboard.com\\\/@karekod\",\"https:\\\/\\\/www.quora.com\\\/profile\\\/Karekod-Haber\",\"https:\\\/\\\/note.com\\\/karekod\"]},{\"@type\":\"Person\",\"@id\":\"https:\\\/\\\/www.karekod.org\\\/blog\\\/#\\\/schema\\\/person\\\/8c87c879aca1c63c7438bf937a5da8bd\",\"name\":\"Muharrem Emino\u011flu\",\"pronouns\":\"he\\\/him\",\"description\":\"Veri analizi ve dijital raporlama s\u00fcre\u00e7lerinde yenilik\u00e7i yakla\u015f\u0131mlar benimseyerek s\u00fcrd\u00fcr\u00fclebilir i\u015f modelleri \u00fczerine \u00e7al\u0131\u015fmalar yap\u0131yorum. Teknoloji, ekonomi ve dijital pazarlama alanlar\u0131nda g\u00fcncel ve g\u00fcvenilir i\u00e7erikler \u00fcretiyorum.\",\"sameAs\":[\"https:\\\/\\\/www.karekod.org\",\"https:\\\/\\\/www.facebook.com\\\/mentor.perplexed\\\/\",\"https:\\\/\\\/www.instagram.com\\\/mentorperplexed\\\/\",\"https:\\\/\\\/www.linkedin.com\\\/in\\\/eminoglu\\\/\",\"https:\\\/\\\/www.pinterest.de\\\/dijitalmenu\\\/\",\"https:\\\/\\\/x.com\\\/temassizmenu\",\"https:\\\/\\\/www.youtube.com\\\/channel\\\/UC_vI-xTP9NegNfIqSGoesGg\",\"https:\\\/\\\/qrmenu.tumblr.com\\\/\"],\"url\":\"https:\\\/\\\/www.karekod.org\\\/blog\\\/yazar\\\/muharrem-eminoglu\\\/\"}]}<\/script>\n<!-- \/ Yoast SEO plugin. -->","yoast_head_json":{"title":"Sorumluluk Reddi - Karekod Blog","description":"Sorumluluk Reddi: Bu web sitesindeki metinler, g\u00f6rseller, grafikler, ses dosyalar\u0131, \u00e7izgi animasyon dosyalar\u0131, video dosyalar\u0131 ve bunlar\u0131n","robots":{"index":"index","follow":"follow","max-snippet":"max-snippet:-1","max-image-preview":"max-image-preview:large","max-video-preview":"max-video-preview:-1"},"canonical":"https:\/\/www.karekod.org\/blog\/sorumluluk-reddi\/","og_locale":"tr_TR","og_type":"article","og_title":"Sorumluluk Reddi - Karekod Blog","og_description":"Sorumluluk Reddi: Bu web sitesindeki metinler, g\u00f6rseller, grafikler, ses dosyalar\u0131, \u00e7izgi animasyon dosyalar\u0131, video dosyalar\u0131 ve bunlar\u0131n","og_url":"https:\/\/www.karekod.org\/blog\/sorumluluk-reddi\/","og_site_name":"Karekod Blog","article_publisher":"https:\/\/www.facebook.com\/QarMenu\/","article_modified_time":"2026-03-09T20:51:03+00:00","og_image":[{"width":512,"height":512,"url":"https:\/\/www.karekod.org\/blog\/wp-content\/uploads\/2025\/01\/logo.webp","type":"image\/webp"}],"twitter_card":"summary_large_image","twitter_site":"@temassizmenu","twitter_misc":{"Tahmini okuma s\u00fcresi":"2 dakika"},"schema":{"@context":"https:\/\/schema.org","@graph":[{"@type":["Article","BlogPosting"],"@id":"https:\/\/www.karekod.org\/blog\/sorumluluk-reddi\/#article","isPartOf":{"@id":"https:\/\/www.karekod.org\/blog\/sorumluluk-reddi\/"},"author":{"@type":"Person","@id":"https:\/\/www.karekod.org\/blog\/yazar\/muharrem-eminoglu\/","name":"Muharrem Emino\u011flu","url":"https:\/\/www.karekod.org\/blog\/yazar\/muharrem-eminoglu\/","image":{"@type":"ImageObject","url":"https:\/\/www.karekod.org\/blog\/wp-content\/uploads\/2026\/04\/muharrememinoglu-1.webp"},"description":"SEO, veri analizi ve dijital i\u00e7erik stratejisi alan\u0131nda uzman yazar. Karekod Blog \u00fczerinde g\u00fcncel analizler ve rehber i\u00e7erikler \u00fcretir.","jobTitle":"SEO Uzman\u0131 ve Dijital \u0130\u00e7erik \u00dcreticisi","sameAs":["https:\/\/www.facebook.com\/mentor.perplexed\/","https:\/\/www.linkedin.com\/in\/eminoglu\/","https:\/\/x.com\/MentorPerplexed","https:\/\/www.instagram.com\/mentorperplexed\/"]},"headline":"Sorumluluk Reddi","datePublished":"2022-05-27T16:21:26+00:00","dateModified":"2026-03-09T20:51:03+00:00","mainEntityOfPage":{"@id":"https:\/\/www.karekod.org\/blog\/sorumluluk-reddi\/"},"wordCount":324,"publisher":{"@id":"https:\/\/www.karekod.org\/blog\/#organization"},"inLanguage":"tr"},{"@type":"WebPage","@id":"https:\/\/www.karekod.org\/blog\/sorumluluk-reddi\/","url":"https:\/\/www.karekod.org\/blog\/sorumluluk-reddi\/","name":"Sorumluluk Reddi - Karekod Blog","isPartOf":{"@id":"https:\/\/www.karekod.org\/blog\/#website"},"datePublished":"2022-05-27T16:21:26+00:00","dateModified":"2026-03-09T20:51:03+00:00","description":"Sorumluluk Reddi: Bu web sitesindeki metinler, g\u00f6rseller, grafikler, ses dosyalar\u0131, \u00e7izgi animasyon dosyalar\u0131, video dosyalar\u0131 ve bunlar\u0131n","breadcrumb":{"@id":"https:\/\/www.karekod.org\/blog\/sorumluluk-reddi\/#breadcrumb"},"inLanguage":"tr","potentialAction":[{"@type":"ReadAction","target":["https:\/\/www.karekod.org\/blog\/sorumluluk-reddi\/"]}]},{"@type":"BreadcrumbList","@id":"https:\/\/www.karekod.org\/blog\/sorumluluk-reddi\/#breadcrumb","itemListElement":[{"@type":"ListItem","position":1,"name":"Ana sayfa","item":"https:\/\/www.karekod.org\/blog\/"},{"@type":"ListItem","position":2,"name":"Sorumluluk Reddi"}]},{"@type":"WebSite","@id":"https:\/\/www.karekod.org\/blog\/#website","url":"https:\/\/www.karekod.org\/blog\/","name":"Karekod Blog","description":"2026 G\u00fcncel Alkol Fiyatlar\u0131 ve Piyasa Rehberi","publisher":{"@id":"https:\/\/www.karekod.org\/blog\/#organization"},"alternateName":"Karekod Haber","potentialAction":[{"@type":"SearchAction","target":{"@type":"EntryPoint","urlTemplate":"https:\/\/www.karekod.org\/blog\/?s={search_term_string}"},"query-input":{"@type":"PropertyValueSpecification","valueRequired":true,"valueName":"search_term_string"}}],"inLanguage":"tr"},{"@type":"Organization","@id":"https:\/\/www.karekod.org\/blog\/#organization","name":"Karekod Blog","alternateName":"Karekod Haber","url":"https:\/\/www.karekod.org\/blog\/","logo":{"@type":"ImageObject","inLanguage":"tr","@id":"https:\/\/www.karekod.org\/blog\/#\/schema\/logo\/image\/","url":"https:\/\/www.karekod.org\/blog\/wp-content\/uploads\/2025\/01\/cropped-logo.webp","contentUrl":"https:\/\/www.karekod.org\/blog\/wp-content\/uploads\/2025\/01\/cropped-logo.webp","width":512,"height":384,"caption":"Karekod Blog"},"image":{"@id":"https:\/\/www.karekod.org\/blog\/#\/schema\/logo\/image\/"},"sameAs":["https:\/\/www.facebook.com\/QarMenu\/","https:\/\/x.com\/temassizmenu","https:\/\/www.instagram.com\/qarmenu\/","https:\/\/www.linkedin.com\/company\/karekod\/","https:\/\/tr.pinterest.com\/dijitalmenu\/","https:\/\/www.youtube.com\/@qrmenu","https:\/\/karekodmenu.tumblr.com\/","https:\/\/karekod.medium.com\/","https:\/\/www.diigo.com\/user\/karekod","https:\/\/mastodon.social\/@karekod","https:\/\/vk.com\/karekod","https:\/\/flipboard.com\/@karekod","https:\/\/www.quora.com\/profile\/Karekod-Haber","https:\/\/note.com\/karekod"]},{"@type":"Person","@id":"https:\/\/www.karekod.org\/blog\/#\/schema\/person\/8c87c879aca1c63c7438bf937a5da8bd","name":"Muharrem Emino\u011flu","pronouns":"he\/him","description":"Veri analizi ve dijital raporlama s\u00fcre\u00e7lerinde yenilik\u00e7i yakla\u015f\u0131mlar benimseyerek s\u00fcrd\u00fcr\u00fclebilir i\u015f modelleri \u00fczerine \u00e7al\u0131\u015fmalar yap\u0131yorum. Teknoloji, ekonomi ve dijital pazarlama alanlar\u0131nda g\u00fcncel ve g\u00fcvenilir i\u00e7erikler \u00fcretiyorum.","sameAs":["https:\/\/www.karekod.org","https:\/\/www.facebook.com\/mentor.perplexed\/","https:\/\/www.instagram.com\/mentorperplexed\/","https:\/\/www.linkedin.com\/in\/eminoglu\/","https:\/\/www.pinterest.de\/dijitalmenu\/","https:\/\/x.com\/temassizmenu","https:\/\/www.youtube.com\/channel\/UC_vI-xTP9NegNfIqSGoesGg","https:\/\/qrmenu.tumblr.com\/"],"url":"https:\/\/www.karekod.org\/blog\/yazar\/muharrem-eminoglu\/"}]}},"_links":{"self":[{"href":"https:\/\/www.karekod.org\/blog\/wp-json\/wp\/v2\/pages\/6965","targetHints":{"allow":["GET"]}}],"collection":[{"href":"https:\/\/www.karekod.org\/blog\/wp-json\/wp\/v2\/pages"}],"about":[{"href":"https:\/\/www.karekod.org\/blog\/wp-json\/wp\/v2\/types\/page"}],"author":[{"embeddable":true,"href":"https:\/\/www.karekod.org\/blog\/wp-json\/wp\/v2\/users\/1"}],"replies":[{"embeddable":true,"href":"https:\/\/www.karekod.org\/blog\/wp-json\/wp\/v2\/comments?post=6965"}],"version-history":[{"count":0,"href":"https:\/\/www.karekod.org\/blog\/wp-json\/wp\/v2\/pages\/6965\/revisions"}],"wp:attachment":[{"href":"https:\/\/www.karekod.org\/blog\/wp-json\/wp\/v2\/media?parent=6965"}],"curies":[{"name":"wp","href":"https:\/\/api.w.org\/{rel}","templated":true}]}}