{"id":54329,"date":"2026-02-20T00:59:20","date_gmt":"2026-02-19T21:59:20","guid":{"rendered":"https:\/\/www.karekod.org\/blog\/?page_id=54329"},"modified":"2026-02-20T00:59:21","modified_gmt":"2026-02-19T21:59:21","slug":"gizlilik-politikasi","status":"publish","type":"page","link":"https:\/\/www.karekod.org\/blog\/gizlilik-politikasi\/","title":{"rendered":"Gizlilik Politikas\u0131"},"content":{"rendered":"\n<h2 class=\"wp-block-heading\"><span class=\"ez-toc-section\" id=\"1_Genel_Bilgilendirme\"><\/span>1. Genel Bilgilendirme<span class=\"ez-toc-section-end\"><\/span><\/h2>\n\n\n\n<p>Bu gizlilik politikas\u0131, karekod.org\/blog adresinde faaliyet g\u00f6steren Karekod Blog\u2019un kullan\u0131c\u0131 verilerini nas\u0131l toplad\u0131\u011f\u0131n\u0131, i\u015fledi\u011fini ve korudu\u011funu a\u00e7\u0131klamaktad\u0131r.<\/p><div id=\"ez-toc-container\" class=\"ez-toc-v2_0_82_2 counter-hierarchy ez-toc-counter ez-toc-grey ez-toc-container-direction\">\n<div class=\"ez-toc-title-container\">\n<p class=\"ez-toc-title\" style=\"cursor:inherit\">\u0130\u00e7indekiler<\/p>\n<span class=\"ez-toc-title-toggle\"><a href=\"#\" class=\"ez-toc-pull-right ez-toc-btn ez-toc-btn-xs ez-toc-btn-default ez-toc-toggle\" aria-label=\"\u0130\u00e7indekiler Tablosunu A\u00e7\/Kapat\"><span class=\"ez-toc-js-icon-con\"><span class=\"\"><span class=\"eztoc-hide\" style=\"display:none;\">Toggle<\/span><span class=\"ez-toc-icon-toggle-span\"><svg style=\"fill: #999;color:#999\" xmlns=\"http:\/\/www.w3.org\/2000\/svg\" class=\"list-377408\" width=\"20px\" height=\"20px\" viewBox=\"0 0 24 24\" fill=\"none\"><path d=\"M6 6H4v2h2V6zm14 0H8v2h12V6zM4 11h2v2H4v-2zm16 0H8v2h12v-2zM4 16h2v2H4v-2zm16 0H8v2h12v-2z\" fill=\"currentColor\"><\/path><\/svg><svg style=\"fill: #999;color:#999\" class=\"arrow-unsorted-368013\" xmlns=\"http:\/\/www.w3.org\/2000\/svg\" width=\"10px\" height=\"10px\" viewBox=\"0 0 24 24\" version=\"1.2\" baseProfile=\"tiny\"><path d=\"M18.2 9.3l-6.2-6.3-6.2 6.3c-.2.2-.3.4-.3.7s.1.5.3.7c.2.2.4.3.7.3h11c.3 0 .5-.1.7-.3.2-.2.3-.5.3-.7s-.1-.5-.3-.7zM5.8 14.7l6.2 6.3 6.2-6.3c.2-.2.3-.5.3-.7s-.1-.5-.3-.7c-.2-.2-.4-.3-.7-.3h-11c-.3 0-.5.1-.7.3-.2.2-.3.5-.3.7s.1.5.3.7z\"\/><\/svg><\/span><\/span><\/span><\/a><\/span><\/div>\n<nav><ul class='ez-toc-list ez-toc-list-level-1 ' ><li class='ez-toc-page-1 ez-toc-heading-level-2'><a class=\"ez-toc-link ez-toc-heading-1\" href=\"https:\/\/www.karekod.org\/blog\/gizlilik-politikasi\/#1_Genel_Bilgilendirme\" >1. Genel Bilgilendirme<\/a><\/li><li class='ez-toc-page-1 ez-toc-heading-level-2'><a class=\"ez-toc-link ez-toc-heading-2\" href=\"https:\/\/www.karekod.org\/blog\/gizlilik-politikasi\/#2_Toplanan_Veriler\" >2. Toplanan Veriler<\/a><\/li><li class='ez-toc-page-1 ez-toc-heading-level-2'><a class=\"ez-toc-link ez-toc-heading-3\" href=\"https:\/\/www.karekod.org\/blog\/gizlilik-politikasi\/#3_Cerez_Cookie_Kullanimi\" >3. \u00c7erez (Cookie) Kullan\u0131m\u0131<\/a><\/li><li class='ez-toc-page-1 ez-toc-heading-level-2'><a class=\"ez-toc-link ez-toc-heading-4\" href=\"https:\/\/www.karekod.org\/blog\/gizlilik-politikasi\/#4_Ucuncu_Taraf_Hizmetler\" >4. \u00dc\u00e7\u00fcnc\u00fc Taraf Hizmetler<\/a><\/li><li class='ez-toc-page-1 ez-toc-heading-level-2'><a class=\"ez-toc-link ez-toc-heading-5\" href=\"https:\/\/www.karekod.org\/blog\/gizlilik-politikasi\/#5_Reklam_Politikasi\" >5. Reklam Politikas\u0131<\/a><\/li><li class='ez-toc-page-1 ez-toc-heading-level-2'><a class=\"ez-toc-link ez-toc-heading-6\" href=\"https:\/\/www.karekod.org\/blog\/gizlilik-politikasi\/#6_Veri_Guvenligi\" >6. Veri G\u00fcvenli\u011fi<\/a><\/li><li class='ez-toc-page-1 ez-toc-heading-level-2'><a class=\"ez-toc-link ez-toc-heading-7\" href=\"https:\/\/www.karekod.org\/blog\/gizlilik-politikasi\/#7_KVKK_Kapsaminda_Haklar\" >7. KVKK Kapsam\u0131nda Haklar<\/a><\/li><li class='ez-toc-page-1 ez-toc-heading-level-2'><a class=\"ez-toc-link ez-toc-heading-8\" href=\"https:\/\/www.karekod.org\/blog\/gizlilik-politikasi\/#8_Politika_Guncellemeleri\" >8. Politika G\u00fcncellemeleri<\/a><\/li><\/ul><\/nav><\/div>\n\n\n\n\n<p>Siteyi ziyaret eden t\u00fcm kullan\u0131c\u0131lar bu politikay\u0131 kabul etmi\u015f say\u0131l\u0131r.<\/p>\n\n\n\n<hr class=\"wp-block-separator has-alpha-channel-opacity\"\/>\n\n\n\n<h2 class=\"wp-block-heading\"><span class=\"ez-toc-section\" id=\"2_Toplanan_Veriler\"><\/span>2. Toplanan Veriler<span class=\"ez-toc-section-end\"><\/span><\/h2>\n\n\n\n<p>Karekod Blog, kullan\u0131c\u0131 deneyimini geli\u015ftirmek amac\u0131yla a\u015fa\u011f\u0131daki anonim verileri toplayabilir:<\/p>\n\n\n\n<ul class=\"wp-block-list\">\n<li>IP adresi (anonimle\u015ftirilmi\u015f)<\/li>\n\n\n\n<li>Taray\u0131c\u0131 ve cihaz bilgileri<\/li>\n\n\n\n<li>Ziyaret s\u00fcresi<\/li>\n\n\n\n<li>G\u00f6r\u00fcnt\u00fclenen sayfalar<\/li>\n\n\n\n<li>T\u0131klama ve trafik verileri<\/li>\n<\/ul>\n\n\n\n<p>Bu veriler ki\u015fisel kimlik belirleme amac\u0131yla kullan\u0131lmaz.<\/p>\n\n\n\n<hr class=\"wp-block-separator has-alpha-channel-opacity\"\/>\n\n\n\n<h2 class=\"wp-block-heading\"><span class=\"ez-toc-section\" id=\"3_Cerez_Cookie_Kullanimi\"><\/span>3. \u00c7erez (Cookie) Kullan\u0131m\u0131<span class=\"ez-toc-section-end\"><\/span><\/h2>\n\n\n\n<p>Karekod Blog, site performans\u0131n\u0131 art\u0131rmak ve kullan\u0131c\u0131 deneyimini geli\u015ftirmek amac\u0131yla \u00e7erez teknolojisi kullanabilir.<\/p>\n\n\n\n<p>\u00c7erezler:<\/p>\n\n\n\n<ul class=\"wp-block-list\">\n<li>Site analizlerini yapmak<\/li>\n\n\n\n<li>Trafik \u00f6l\u00e7\u00fcmlemek<\/li>\n\n\n\n<li>Kullan\u0131c\u0131 deneyimini iyile\u015ftirmek<\/li>\n<\/ul>\n\n\n\n<p>amac\u0131yla kullan\u0131lmaktad\u0131r.<\/p>\n\n\n\n<p>Kullan\u0131c\u0131lar taray\u0131c\u0131 ayarlar\u0131ndan \u00e7erezleri devre d\u0131\u015f\u0131 b\u0131rakabilir.<\/p>\n\n\n\n<hr class=\"wp-block-separator has-alpha-channel-opacity\"\/>\n\n\n\n<h2 class=\"wp-block-heading\"><span class=\"ez-toc-section\" id=\"4_Ucuncu_Taraf_Hizmetler\"><\/span>4. \u00dc\u00e7\u00fcnc\u00fc Taraf Hizmetler<span class=\"ez-toc-section-end\"><\/span><\/h2>\n\n\n\n<p>Sitede a\u015fa\u011f\u0131daki \u00fc\u00e7\u00fcnc\u00fc taraf hizmetler kullan\u0131labilir:<\/p>\n\n\n\n<ul class=\"wp-block-list\">\n<li>Google Analytics (trafik analizi)<\/li>\n\n\n\n<li>Google Ads veya di\u011fer reklam a\u011flar\u0131<\/li>\n\n\n\n<li>Sosyal medya entegrasyonlar\u0131<\/li>\n<\/ul>\n\n\n\n<p>Bu hizmetler kendi gizlilik politikalar\u0131na tabidir.<\/p>\n\n\n\n<hr class=\"wp-block-separator has-alpha-channel-opacity\"\/>\n\n\n\n<h2 class=\"wp-block-heading\"><span class=\"ez-toc-section\" id=\"5_Reklam_Politikasi\"><\/span>5. Reklam Politikas\u0131<span class=\"ez-toc-section-end\"><\/span><\/h2>\n\n\n\n<p>Sitede yer alan reklam i\u00e7erikleri \u00fc\u00e7\u00fcnc\u00fc taraf reklam sa\u011flay\u0131c\u0131lar\u0131 arac\u0131l\u0131\u011f\u0131yla sunulabilir. Bu sa\u011flay\u0131c\u0131lar \u00e7erez kullanabilir.<\/p>\n\n\n\n<p>Karekod Blog, reklam sa\u011flay\u0131c\u0131lar\u0131n\u0131n veri kullan\u0131m\u0131ndan sorumlu de\u011fildir.<\/p>\n\n\n\n<hr class=\"wp-block-separator has-alpha-channel-opacity\"\/>\n\n\n\n<h2 class=\"wp-block-heading\"><span class=\"ez-toc-section\" id=\"6_Veri_Guvenligi\"><\/span>6. Veri G\u00fcvenli\u011fi<span class=\"ez-toc-section-end\"><\/span><\/h2>\n\n\n\n<p>Toplanan veriler g\u00fcvenli sunucularda saklan\u0131r ve yetkisiz eri\u015fime kar\u015f\u0131 korunur.<\/p>\n\n\n\n<p>Kullan\u0131c\u0131 verileri a\u00e7\u0131k r\u0131za olmaks\u0131z\u0131n \u00fc\u00e7\u00fcnc\u00fc ki\u015filerle payla\u015f\u0131lmaz.<\/p>\n\n\n\n<hr class=\"wp-block-separator has-alpha-channel-opacity\"\/>\n\n\n\n<h2 class=\"wp-block-heading\"><span class=\"ez-toc-section\" id=\"7_KVKK_Kapsaminda_Haklar\"><\/span>7. KVKK Kapsam\u0131nda Haklar<span class=\"ez-toc-section-end\"><\/span><\/h2>\n\n\n\n<p>6698 say\u0131l\u0131 Ki\u015fisel Verilerin Korunmas\u0131 Kanunu kapsam\u0131nda kullan\u0131c\u0131lar:<\/p>\n\n\n\n<ul class=\"wp-block-list\">\n<li>Veri i\u015flenip i\u015flenmedi\u011fini \u00f6\u011frenme<\/li>\n\n\n\n<li>\u0130\u015flenen verilere ili\u015fkin bilgi talep etme<\/li>\n\n\n\n<li>Verilerin d\u00fczeltilmesini talep etme<\/li>\n\n\n\n<li>Verilerin silinmesini talep etme<\/li>\n<\/ul>\n\n\n\n<p>haklar\u0131na sahiptir.<\/p>\n\n\n\n<p>Talepler i\u00e7in:<br>\ud83d\udce7 <a>info@karekod.org<\/a><\/p>\n\n\n\n<hr class=\"wp-block-separator has-alpha-channel-opacity\"\/>\n\n\n\n<h2 class=\"wp-block-heading\"><span class=\"ez-toc-section\" id=\"8_Politika_Guncellemeleri\"><\/span>8. Politika G\u00fcncellemeleri<span class=\"ez-toc-section-end\"><\/span><\/h2>\n\n\n\n<p>Karekod Blog, gizlilik politikas\u0131nda de\u011fi\u015fiklik yapma hakk\u0131n\u0131 sakl\u0131 tutar. G\u00fcncel s\u00fcr\u00fcm her zaman bu sayfada yay\u0131nlan\u0131r.<\/p>\n","protected":false},"excerpt":{"rendered":"<p>1. Genel Bilgilendirme Bu gizlilik politikas\u0131, karekod.org\/blog adresinde faaliyet g\u00f6steren Karekod Blog\u2019un kullan\u0131c\u0131 verilerini nas\u0131l toplad\u0131\u011f\u0131n\u0131, i\u015fledi\u011fini ve korudu\u011funu a\u00e7\u0131klamaktad\u0131r. [&hellip;]<\/p>\n","protected":false},"author":1,"featured_media":0,"parent":0,"menu_order":0,"comment_status":"closed","ping_status":"closed","template":"","meta":{"footnotes":""},"class_list":["post-54329","page","type-page","status-publish","hentry"],"yoast_head":"<!-- This site is optimized with the Yoast SEO plugin v27.4 - https:\/\/yoast.com\/product\/yoast-seo-wordpress\/ -->\n<title>Gizlilik Politikas\u0131 - Karekod Blog<\/title>\n<meta name=\"description\" content=\"Bu gizlilik politikas\u0131, karekod.org\/blog adresinde faaliyet g\u00f6steren Karekod Blog\u2019un kullan\u0131c\u0131 verilerini nas\u0131l toplad\u0131\u011f\u0131n\u0131, i\u015fledi\u011fini..\" \/>\n<meta name=\"robots\" content=\"index, follow, max-snippet:-1, max-image-preview:large, max-video-preview:-1\" \/>\n<link rel=\"canonical\" href=\"https:\/\/www.karekod.org\/blog\/gizlilik-politikasi\/\" \/>\n<meta property=\"og:locale\" content=\"tr_TR\" \/>\n<meta property=\"og:type\" content=\"article\" \/>\n<meta property=\"og:title\" content=\"Gizlilik Politikas\u0131 - Karekod Blog\" \/>\n<meta property=\"og:description\" content=\"Bu gizlilik politikas\u0131, karekod.org\/blog adresinde faaliyet g\u00f6steren Karekod Blog\u2019un kullan\u0131c\u0131 verilerini nas\u0131l toplad\u0131\u011f\u0131n\u0131, i\u015fledi\u011fini..\" \/>\n<meta property=\"og:url\" content=\"https:\/\/www.karekod.org\/blog\/gizlilik-politikasi\/\" \/>\n<meta property=\"og:site_name\" content=\"Karekod Blog\" \/>\n<meta property=\"article:publisher\" content=\"https:\/\/www.facebook.com\/QarMenu\/\" \/>\n<meta property=\"article:modified_time\" content=\"2026-02-19T21:59:21+00:00\" \/>\n<meta property=\"og:image\" content=\"https:\/\/www.karekod.org\/blog\/wp-content\/uploads\/2025\/01\/logo.webp\" \/>\n\t<meta property=\"og:image:width\" content=\"512\" \/>\n\t<meta property=\"og:image:height\" content=\"512\" \/>\n\t<meta property=\"og:image:type\" content=\"image\/webp\" \/>\n<meta name=\"twitter:card\" content=\"summary_large_image\" \/>\n<meta name=\"twitter:site\" content=\"@temassizmenu\" \/>\n<meta name=\"twitter:label1\" content=\"Tahmini okuma s\u00fcresi\" \/>\n\t<meta name=\"twitter:data1\" content=\"2 dakika\" \/>\n<script type=\"application\/ld+json\" class=\"yoast-schema-graph\">{\"@context\":\"https:\\\/\\\/schema.org\",\"@graph\":[{\"@type\":[\"Article\",\"BlogPosting\"],\"@id\":\"https:\\\/\\\/www.karekod.org\\\/blog\\\/gizlilik-politikasi\\\/#article\",\"isPartOf\":{\"@id\":\"https:\\\/\\\/www.karekod.org\\\/blog\\\/gizlilik-politikasi\\\/\"},\"author\":{\"@type\":\"Person\",\"@id\":\"https:\\\/\\\/www.karekod.org\\\/blog\\\/yazar\\\/muharrem-eminoglu\\\/\",\"name\":\"Muharrem Emino\u011flu\",\"url\":\"https:\\\/\\\/www.karekod.org\\\/blog\\\/yazar\\\/muharrem-eminoglu\\\/\",\"image\":{\"@type\":\"ImageObject\",\"url\":\"https:\\\/\\\/www.karekod.org\\\/blog\\\/wp-content\\\/uploads\\\/2026\\\/04\\\/muharrememinoglu-1.webp\"},\"description\":\"SEO, veri analizi ve dijital i\u00e7erik stratejisi alan\u0131nda uzman yazar. Karekod Blog \u00fczerinde g\u00fcncel analizler ve rehber i\u00e7erikler \u00fcretir.\",\"jobTitle\":\"SEO Uzman\u0131 ve Dijital \u0130\u00e7erik \u00dcreticisi\",\"sameAs\":[\"https:\\\/\\\/www.facebook.com\\\/mentor.perplexed\\\/\",\"https:\\\/\\\/www.linkedin.com\\\/in\\\/eminoglu\\\/\",\"https:\\\/\\\/x.com\\\/MentorPerplexed\",\"https:\\\/\\\/www.instagram.com\\\/mentorperplexed\\\/\"]},\"headline\":\"Gizlilik Politikas\u0131\",\"datePublished\":\"2026-02-19T21:59:20+00:00\",\"dateModified\":\"2026-02-19T21:59:21+00:00\",\"mainEntityOfPage\":{\"@id\":\"https:\\\/\\\/www.karekod.org\\\/blog\\\/gizlilik-politikasi\\\/\"},\"wordCount\":332,\"publisher\":{\"@id\":\"https:\\\/\\\/www.karekod.org\\\/blog\\\/#organization\"},\"inLanguage\":\"tr\"},{\"@type\":\"WebPage\",\"@id\":\"https:\\\/\\\/www.karekod.org\\\/blog\\\/gizlilik-politikasi\\\/\",\"url\":\"https:\\\/\\\/www.karekod.org\\\/blog\\\/gizlilik-politikasi\\\/\",\"name\":\"Gizlilik Politikas\u0131 - Karekod Blog\",\"isPartOf\":{\"@id\":\"https:\\\/\\\/www.karekod.org\\\/blog\\\/#website\"},\"datePublished\":\"2026-02-19T21:59:20+00:00\",\"dateModified\":\"2026-02-19T21:59:21+00:00\",\"description\":\"Bu gizlilik politikas\u0131, karekod.org\\\/blog adresinde faaliyet g\u00f6steren Karekod Blog\u2019un kullan\u0131c\u0131 verilerini nas\u0131l toplad\u0131\u011f\u0131n\u0131, i\u015fledi\u011fini..\",\"breadcrumb\":{\"@id\":\"https:\\\/\\\/www.karekod.org\\\/blog\\\/gizlilik-politikasi\\\/#breadcrumb\"},\"inLanguage\":\"tr\",\"potentialAction\":[{\"@type\":\"ReadAction\",\"target\":[\"https:\\\/\\\/www.karekod.org\\\/blog\\\/gizlilik-politikasi\\\/\"]}]},{\"@type\":\"BreadcrumbList\",\"@id\":\"https:\\\/\\\/www.karekod.org\\\/blog\\\/gizlilik-politikasi\\\/#breadcrumb\",\"itemListElement\":[{\"@type\":\"ListItem\",\"position\":1,\"name\":\"Ana sayfa\",\"item\":\"https:\\\/\\\/www.karekod.org\\\/blog\\\/\"},{\"@type\":\"ListItem\",\"position\":2,\"name\":\"Gizlilik Politikas\u0131\"}]},{\"@type\":\"WebSite\",\"@id\":\"https:\\\/\\\/www.karekod.org\\\/blog\\\/#website\",\"url\":\"https:\\\/\\\/www.karekod.org\\\/blog\\\/\",\"name\":\"Karekod Blog\",\"description\":\"2026 G\u00fcncel Alkol Fiyatlar\u0131 ve Piyasa Rehberi\",\"publisher\":{\"@id\":\"https:\\\/\\\/www.karekod.org\\\/blog\\\/#organization\"},\"alternateName\":\"Karekod Haber\",\"potentialAction\":[{\"@type\":\"SearchAction\",\"target\":{\"@type\":\"EntryPoint\",\"urlTemplate\":\"https:\\\/\\\/www.karekod.org\\\/blog\\\/?s={search_term_string}\"},\"query-input\":{\"@type\":\"PropertyValueSpecification\",\"valueRequired\":true,\"valueName\":\"search_term_string\"}}],\"inLanguage\":\"tr\"},{\"@type\":\"Organization\",\"@id\":\"https:\\\/\\\/www.karekod.org\\\/blog\\\/#organization\",\"name\":\"Karekod Blog\",\"alternateName\":\"Karekod Haber\",\"url\":\"https:\\\/\\\/www.karekod.org\\\/blog\\\/\",\"logo\":{\"@type\":\"ImageObject\",\"inLanguage\":\"tr\",\"@id\":\"https:\\\/\\\/www.karekod.org\\\/blog\\\/#\\\/schema\\\/logo\\\/image\\\/\",\"url\":\"https:\\\/\\\/www.karekod.org\\\/blog\\\/wp-content\\\/uploads\\\/2025\\\/01\\\/cropped-logo.webp\",\"contentUrl\":\"https:\\\/\\\/www.karekod.org\\\/blog\\\/wp-content\\\/uploads\\\/2025\\\/01\\\/cropped-logo.webp\",\"width\":512,\"height\":384,\"caption\":\"Karekod Blog\"},\"image\":{\"@id\":\"https:\\\/\\\/www.karekod.org\\\/blog\\\/#\\\/schema\\\/logo\\\/image\\\/\"},\"sameAs\":[\"https:\\\/\\\/www.facebook.com\\\/QarMenu\\\/\",\"https:\\\/\\\/x.com\\\/temassizmenu\",\"https:\\\/\\\/www.instagram.com\\\/qarmenu\\\/\",\"https:\\\/\\\/www.linkedin.com\\\/company\\\/karekod\\\/\",\"https:\\\/\\\/tr.pinterest.com\\\/dijitalmenu\\\/\",\"https:\\\/\\\/www.youtube.com\\\/@qrmenu\",\"https:\\\/\\\/karekodmenu.tumblr.com\\\/\",\"https:\\\/\\\/karekod.medium.com\\\/\",\"https:\\\/\\\/www.diigo.com\\\/user\\\/karekod\",\"https:\\\/\\\/mastodon.social\\\/@karekod\",\"https:\\\/\\\/vk.com\\\/karekod\",\"https:\\\/\\\/flipboard.com\\\/@karekod\",\"https:\\\/\\\/www.quora.com\\\/profile\\\/Karekod-Haber\",\"https:\\\/\\\/note.com\\\/karekod\"]},{\"@type\":\"Person\",\"@id\":\"https:\\\/\\\/www.karekod.org\\\/blog\\\/#\\\/schema\\\/person\\\/8c87c879aca1c63c7438bf937a5da8bd\",\"name\":\"Muharrem Emino\u011flu\",\"pronouns\":\"he\\\/him\",\"description\":\"Veri analizi ve dijital raporlama s\u00fcre\u00e7lerinde yenilik\u00e7i yakla\u015f\u0131mlar benimseyerek s\u00fcrd\u00fcr\u00fclebilir i\u015f modelleri \u00fczerine \u00e7al\u0131\u015fmalar yap\u0131yorum. Teknoloji, ekonomi ve dijital pazarlama alanlar\u0131nda g\u00fcncel ve g\u00fcvenilir i\u00e7erikler \u00fcretiyorum.\",\"sameAs\":[\"https:\\\/\\\/www.karekod.org\",\"https:\\\/\\\/www.facebook.com\\\/mentor.perplexed\\\/\",\"https:\\\/\\\/www.instagram.com\\\/mentorperplexed\\\/\",\"https:\\\/\\\/www.linkedin.com\\\/in\\\/eminoglu\\\/\",\"https:\\\/\\\/www.pinterest.de\\\/dijitalmenu\\\/\",\"https:\\\/\\\/x.com\\\/temassizmenu\",\"https:\\\/\\\/www.youtube.com\\\/channel\\\/UC_vI-xTP9NegNfIqSGoesGg\",\"https:\\\/\\\/qrmenu.tumblr.com\\\/\"],\"url\":\"https:\\\/\\\/www.karekod.org\\\/blog\\\/yazar\\\/muharrem-eminoglu\\\/\"}]}<\/script>\n<!-- \/ Yoast SEO plugin. -->","yoast_head_json":{"title":"Gizlilik Politikas\u0131 - Karekod Blog","description":"Bu gizlilik politikas\u0131, karekod.org\/blog adresinde faaliyet g\u00f6steren Karekod Blog\u2019un kullan\u0131c\u0131 verilerini nas\u0131l toplad\u0131\u011f\u0131n\u0131, i\u015fledi\u011fini..","robots":{"index":"index","follow":"follow","max-snippet":"max-snippet:-1","max-image-preview":"max-image-preview:large","max-video-preview":"max-video-preview:-1"},"canonical":"https:\/\/www.karekod.org\/blog\/gizlilik-politikasi\/","og_locale":"tr_TR","og_type":"article","og_title":"Gizlilik Politikas\u0131 - Karekod Blog","og_description":"Bu gizlilik politikas\u0131, karekod.org\/blog adresinde faaliyet g\u00f6steren Karekod Blog\u2019un kullan\u0131c\u0131 verilerini nas\u0131l toplad\u0131\u011f\u0131n\u0131, i\u015fledi\u011fini..","og_url":"https:\/\/www.karekod.org\/blog\/gizlilik-politikasi\/","og_site_name":"Karekod Blog","article_publisher":"https:\/\/www.facebook.com\/QarMenu\/","article_modified_time":"2026-02-19T21:59:21+00:00","og_image":[{"width":512,"height":512,"url":"https:\/\/www.karekod.org\/blog\/wp-content\/uploads\/2025\/01\/logo.webp","type":"image\/webp"}],"twitter_card":"summary_large_image","twitter_site":"@temassizmenu","twitter_misc":{"Tahmini okuma s\u00fcresi":"2 dakika"},"schema":{"@context":"https:\/\/schema.org","@graph":[{"@type":["Article","BlogPosting"],"@id":"https:\/\/www.karekod.org\/blog\/gizlilik-politikasi\/#article","isPartOf":{"@id":"https:\/\/www.karekod.org\/blog\/gizlilik-politikasi\/"},"author":{"@type":"Person","@id":"https:\/\/www.karekod.org\/blog\/yazar\/muharrem-eminoglu\/","name":"Muharrem Emino\u011flu","url":"https:\/\/www.karekod.org\/blog\/yazar\/muharrem-eminoglu\/","image":{"@type":"ImageObject","url":"https:\/\/www.karekod.org\/blog\/wp-content\/uploads\/2026\/04\/muharrememinoglu-1.webp"},"description":"SEO, veri analizi ve dijital i\u00e7erik stratejisi alan\u0131nda uzman yazar. Karekod Blog \u00fczerinde g\u00fcncel analizler ve rehber i\u00e7erikler \u00fcretir.","jobTitle":"SEO Uzman\u0131 ve Dijital \u0130\u00e7erik \u00dcreticisi","sameAs":["https:\/\/www.facebook.com\/mentor.perplexed\/","https:\/\/www.linkedin.com\/in\/eminoglu\/","https:\/\/x.com\/MentorPerplexed","https:\/\/www.instagram.com\/mentorperplexed\/"]},"headline":"Gizlilik Politikas\u0131","datePublished":"2026-02-19T21:59:20+00:00","dateModified":"2026-02-19T21:59:21+00:00","mainEntityOfPage":{"@id":"https:\/\/www.karekod.org\/blog\/gizlilik-politikasi\/"},"wordCount":332,"publisher":{"@id":"https:\/\/www.karekod.org\/blog\/#organization"},"inLanguage":"tr"},{"@type":"WebPage","@id":"https:\/\/www.karekod.org\/blog\/gizlilik-politikasi\/","url":"https:\/\/www.karekod.org\/blog\/gizlilik-politikasi\/","name":"Gizlilik Politikas\u0131 - Karekod Blog","isPartOf":{"@id":"https:\/\/www.karekod.org\/blog\/#website"},"datePublished":"2026-02-19T21:59:20+00:00","dateModified":"2026-02-19T21:59:21+00:00","description":"Bu gizlilik politikas\u0131, karekod.org\/blog adresinde faaliyet g\u00f6steren Karekod Blog\u2019un kullan\u0131c\u0131 verilerini nas\u0131l toplad\u0131\u011f\u0131n\u0131, i\u015fledi\u011fini..","breadcrumb":{"@id":"https:\/\/www.karekod.org\/blog\/gizlilik-politikasi\/#breadcrumb"},"inLanguage":"tr","potentialAction":[{"@type":"ReadAction","target":["https:\/\/www.karekod.org\/blog\/gizlilik-politikasi\/"]}]},{"@type":"BreadcrumbList","@id":"https:\/\/www.karekod.org\/blog\/gizlilik-politikasi\/#breadcrumb","itemListElement":[{"@type":"ListItem","position":1,"name":"Ana sayfa","item":"https:\/\/www.karekod.org\/blog\/"},{"@type":"ListItem","position":2,"name":"Gizlilik Politikas\u0131"}]},{"@type":"WebSite","@id":"https:\/\/www.karekod.org\/blog\/#website","url":"https:\/\/www.karekod.org\/blog\/","name":"Karekod Blog","description":"2026 G\u00fcncel Alkol Fiyatlar\u0131 ve Piyasa Rehberi","publisher":{"@id":"https:\/\/www.karekod.org\/blog\/#organization"},"alternateName":"Karekod Haber","potentialAction":[{"@type":"SearchAction","target":{"@type":"EntryPoint","urlTemplate":"https:\/\/www.karekod.org\/blog\/?s={search_term_string}"},"query-input":{"@type":"PropertyValueSpecification","valueRequired":true,"valueName":"search_term_string"}}],"inLanguage":"tr"},{"@type":"Organization","@id":"https:\/\/www.karekod.org\/blog\/#organization","name":"Karekod Blog","alternateName":"Karekod Haber","url":"https:\/\/www.karekod.org\/blog\/","logo":{"@type":"ImageObject","inLanguage":"tr","@id":"https:\/\/www.karekod.org\/blog\/#\/schema\/logo\/image\/","url":"https:\/\/www.karekod.org\/blog\/wp-content\/uploads\/2025\/01\/cropped-logo.webp","contentUrl":"https:\/\/www.karekod.org\/blog\/wp-content\/uploads\/2025\/01\/cropped-logo.webp","width":512,"height":384,"caption":"Karekod Blog"},"image":{"@id":"https:\/\/www.karekod.org\/blog\/#\/schema\/logo\/image\/"},"sameAs":["https:\/\/www.facebook.com\/QarMenu\/","https:\/\/x.com\/temassizmenu","https:\/\/www.instagram.com\/qarmenu\/","https:\/\/www.linkedin.com\/company\/karekod\/","https:\/\/tr.pinterest.com\/dijitalmenu\/","https:\/\/www.youtube.com\/@qrmenu","https:\/\/karekodmenu.tumblr.com\/","https:\/\/karekod.medium.com\/","https:\/\/www.diigo.com\/user\/karekod","https:\/\/mastodon.social\/@karekod","https:\/\/vk.com\/karekod","https:\/\/flipboard.com\/@karekod","https:\/\/www.quora.com\/profile\/Karekod-Haber","https:\/\/note.com\/karekod"]},{"@type":"Person","@id":"https:\/\/www.karekod.org\/blog\/#\/schema\/person\/8c87c879aca1c63c7438bf937a5da8bd","name":"Muharrem Emino\u011flu","pronouns":"he\/him","description":"Veri analizi ve dijital raporlama s\u00fcre\u00e7lerinde yenilik\u00e7i yakla\u015f\u0131mlar benimseyerek s\u00fcrd\u00fcr\u00fclebilir i\u015f modelleri \u00fczerine \u00e7al\u0131\u015fmalar yap\u0131yorum. Teknoloji, ekonomi ve dijital pazarlama alanlar\u0131nda g\u00fcncel ve g\u00fcvenilir i\u00e7erikler \u00fcretiyorum.","sameAs":["https:\/\/www.karekod.org","https:\/\/www.facebook.com\/mentor.perplexed\/","https:\/\/www.instagram.com\/mentorperplexed\/","https:\/\/www.linkedin.com\/in\/eminoglu\/","https:\/\/www.pinterest.de\/dijitalmenu\/","https:\/\/x.com\/temassizmenu","https:\/\/www.youtube.com\/channel\/UC_vI-xTP9NegNfIqSGoesGg","https:\/\/qrmenu.tumblr.com\/"],"url":"https:\/\/www.karekod.org\/blog\/yazar\/muharrem-eminoglu\/"}]}},"_links":{"self":[{"href":"https:\/\/www.karekod.org\/blog\/wp-json\/wp\/v2\/pages\/54329","targetHints":{"allow":["GET"]}}],"collection":[{"href":"https:\/\/www.karekod.org\/blog\/wp-json\/wp\/v2\/pages"}],"about":[{"href":"https:\/\/www.karekod.org\/blog\/wp-json\/wp\/v2\/types\/page"}],"author":[{"embeddable":true,"href":"https:\/\/www.karekod.org\/blog\/wp-json\/wp\/v2\/users\/1"}],"replies":[{"embeddable":true,"href":"https:\/\/www.karekod.org\/blog\/wp-json\/wp\/v2\/comments?post=54329"}],"version-history":[{"count":0,"href":"https:\/\/www.karekod.org\/blog\/wp-json\/wp\/v2\/pages\/54329\/revisions"}],"wp:attachment":[{"href":"https:\/\/www.karekod.org\/blog\/wp-json\/wp\/v2\/media?parent=54329"}],"curies":[{"name":"wp","href":"https:\/\/api.w.org\/{rel}","templated":true}]}}