{"id":16278,"date":"2023-03-07T23:11:01","date_gmt":"2023-03-07T20:11:01","guid":{"rendered":"https:\/\/www.karekod.org\/blog\/?page_id=16278"},"modified":"2025-08-14T17:54:12","modified_gmt":"2025-08-14T14:54:12","slug":"compliance-statement","status":"publish","type":"page","link":"https:\/\/www.karekod.org\/blog\/compliance-statement\/","title":{"rendered":"Compliance Statement"},"content":{"rendered":"\n<h3 class=\"wp-block-heading\">QAR Ak\u0131ll\u0131 Menu Copyright Infringement Takedown Policy and instructions<\/h3>\n\n\n\n<p>The following statement with compliance details has been selected as QAR Ak\u0131ll\u0131 Menu option for handling copyright or content ownership infringements. This policy statement does not constitute or replace QAR Ak\u0131ll\u0131 Menu Terms of Use, Terms of Service, Terms and Conditions, Acceptable Use Agreement or any other terms referenced or published on this website or others owned by QAR Ak\u0131ll\u0131 Menu. Nor does this policy act as a replacement of the stipulations, condition and the site owner&#8217;s obligations under the copyright laws of the country in which the QAR Ak\u0131ll\u0131 Menu is registered.<br>Below is an edited version for brevity and ease of finding specific action instructions related to processing Copyright Infringement (DMCA) Takedowns for this specific website.<\/p>\n\n\n\n<ol class=\"wp-block-list\">\n<li>QAR Ak\u0131ll\u0131 Menu follows the process prescribed below to remove claimed content copyright infringement. Upon receipt of notice as prescribed below, QAR Ak\u0131ll\u0131 Menu will remove or request that a third party remove Content from the QAR Ak\u0131ll\u0131 Menu website that infringes the copyright of others and to the extent we are able to do so we will disable access to our Service by anyone who repeatedly infringes the intellectual property rights of others. QAR Ak\u0131ll\u0131 Menu processes claims of copyright infringement in accordance to the laws of the jurisdiction of the corporation related to QAR Ak\u0131ll\u0131 Menu as detailed within terms of use, terms of service, Acceptable Use Agreement or any other terms referenced or published on this website.<br>QAR Ak\u0131ll\u0131 Menu will also process claims of copyright infringement upon receipt of written notification provided in the manner prescribed below or through the approved online application below. QAR Ak\u0131ll\u0131 Menu will:\n<ol class=\"wp-block-list\">\n<li>Act expeditiously to remove, or disable access to, the Content that is claimed to be infringing or to be the subject of infringing activity; Forward the written notification to the alleged infringing party (defendant); and<\/li>\n\n\n\n<li>Take reasonable steps to promptly notify the Content provider that QAR Ak\u0131ll\u0131 Menu have removed or disabled access to the allegedly infringing Content.<\/li>\n<\/ol>\n<\/li>\n\n\n\n<li>If you believe that your work has been copied, adapted, reproduced, or exhibited on this website in a way that constitutes copyright infringement, or if you believe that your work has been rebroadcast, redistributed, re-streamed, encoded or transcoded or otherwise reproduced in a way that violates your intellectual property rights, and you would like QAR Ak\u0131ll\u0131 Menu to remove the allegedly infringing Content from the QAR Ak\u0131ll\u0131 Menu website you must provide written notice of the claimed infringing activity or complete the approved online application below. Your notice must include substantially the following information:<ol><li>An electronic or physical signature of the owner or of the person authorized to act on behalf of the owner of the copyright interest;Identification of the copyrighted work (or works) that you claim has been infringed;A description of the material that you claim is infringing, and the location where the original or an authorized copy of the copyrighted work exists (for example, the URL of the page of the web site where it is lawfully posted; the name, edition and pages of a book from which an excerpt was copied, etc.);A clear description of where the infringing material is located on the web site and \/ or QAR Ak\u0131ll\u0131 Menu network, including as applicable its URL, so that QAR Ak\u0131ll\u0131 Menu can locate the material;Your nameYour addressYour telephone numberYour e-mail address;A statement that you have a good-faith belief that the disputed use is not authorized by the copyright owner, its agent, or the law; andA statement by you, made under penalty of perjury, that the above information in your notice is accurate and that you are the copyright owner or authorized to act on the copyright owner&#8217;s behalf.<\/li><\/ol>NOTE: THE FOLLOWING INFORMATION IS PROVIDED SOLELY FOR NOTIFYING QAR Ak\u0131ll\u0131 Menu, OUR DESIGNATED CONTACT OR AGENT THAT YOUR COPYRIGHTED MATERIAL MAY HAVE BEEN INFRINGED. DO NOT SEND ANY INQUIRIES UNRELATED TO COPYRIGHT INFRINGEMENT (E.G., REQUESTS FOR TECHNICAL ASSISTANCE OR CUSTOMER SERVICE, REPORTS OR E-MAIL ABUSE, ETC.) TO THE CONTACT LISTED BELOW. YOU WILL NOT RECEIVE A RESPONSE IF SENT TO THAT CONTACT. WE CAUTION YOU THAT UNDER FEDERAL LAW, IF YOU KNOWINGLY MISREPRESENT THAT ONLINE MATERIAL IS INFRINGING, YOU MAY BE SUBJECT TO HEAVY CIVIL PENALTIES. THESE INCLUDE MONETARY DAMAGES, COURT COSTS, AND ATTORNEYS FEES INCURRED BY US, BY ANY COPYRIGHT OWNER, OR BY ANY COPYRIGHT OWNER&#8217;S LICENSEE THAT IS INJURED AS A RESULT OF OUR RELYING UPON YOUR MISREPRESENTATION. YOU MAY ALSO BE SUBJECT TO CRIMINAL PROSECUTION FOR PERJURY.<br>QAR Ak\u0131ll\u0131 Menu, or QAR Ak\u0131ll\u0131 Menu&#8217;s designated agent to receive notification of claimed infringement is:<br>siparis@karekod.org Veysel Karani, Vaha Sokak No:4, Osmangazi \/ Bursa 05314683052<br>Attn: Legal Department<\/li>\n\n\n\n<li><strong>Counter Notification<\/strong><br>If you are a customer or QAR Ak\u0131ll\u0131 Menu website user who has received notice from us that your material has been removed following our receipt of a notice of claimed copyright infringement, and you are the owner of the allegedly infringing material or are otherwise authorized to use such material (including &#8216;fair use&#8217;), you may provide written counter notification to our designated agent listed above. Your counter notification must include substantially the following information:<ol><li>Your physical or electronic signature;Identification of the allegedly infringing material including the location at which the material appeared before it was removed or access to it was disabled;A statement, under penalty of perjury, that you have a good faith belief that the material was removed or disabled as a result of mistake or mis-identification;Your nameYour addressYour telephone numberYour e-mail address;A statement that you consent to the jurisdiction of the judicial district in which you are located, or of any judicial district in which QAR Ak\u0131ll\u0131 Menu does business, and that you will accept service of process from the complaining party or its agent.<\/li><\/ol>Upon receipt of written counter notification provided in the manner above, QAR Ak\u0131ll\u0131 Menu will:<ol><li>Promptly provide the person who provided the notification with a copy of the counter notification, and inform that person that the QAR Ak\u0131ll\u0131 Menu will replace the removed material or cease disabling access to it in 10 business days; andReplace the removed material and cease disabling access to it not less than 10, nor more than 14, business days following receipt of the counter notification, unless the QAR Ak\u0131ll\u0131 Menu designated agent first receives notice from the person who submitted the notification that such person has filed an action seeking a court order to restrain the Customer from engaging in infringing activity relating to the material on QAR Ak\u0131ll\u0131 Menu&#8217;s system or network.<\/li><\/ol>Please note: QAR Ak\u0131ll\u0131 Menu cannot and do not judge the merits of your claim (or counterclaim).<br>Accordingly, QAR Ak\u0131ll\u0131 Menu will not remove, or disable access to, any allegedly infringing material, nor restore any material that has been so removed, except according to the procedure set forth herein.<br>QAR Ak\u0131ll\u0131 Menu, or QAR Ak\u0131ll\u0131 Menu&#8217;s designated agent to receive notification of Counter claim Notification is:<br>siparis@karekod.org Veysel Karani, Vaha Sokak No:4, Osmangazi \/ Bursa 05314683052<br>Attn: Legal Department<\/li>\n<\/ol>\n\n\n\n<p>The statement last updated 03\/15\/2019<\/p>\n\n\n\n<hr class=\"wp-block-separator has-alpha-channel-opacity\"\/>\n\n\n\n<p>This statement of copyright infringing takedown process also known as DMCA Takedown has been provided to QAR Ak\u0131ll\u0131 Menu by Digital Millennium Copyright Services ltd (DMCA.com) as a convenience service.<\/p>\n\n\n\n<p>It has been edited for brevity and ease of finding specific action instructions related to processing Copyright Infringement (DMCA) Takedown Notices specifically for this website.<\/p>\n\n\n\n<p>This policy statement does not constitute law or legal practice nor does it replace QAR Ak\u0131ll\u0131 Menu Terms of Use, Terms of Service, Terms and Conditions, Acceptable Use Agreement or any other terms referenced or published on this website or others owned by site owner. Nor does this policy act as a replacement of the stipulations, condition and the site owner&#8217;s obligations under the copyright laws of the country in which the QAR Ak\u0131ll\u0131 Menu is registered.<\/p>\n\n\n\n<p>DMCA.com has provided this statement purely for the convenience of the website owner and the site users.<br>DMCA.com makes no statement of claim regarding the content contained and published the website on which this statement has been placed.<br>DMCA.com makes no statement of claim regarding the content contained on the website on which this statement has been placed.<br><a href=\"https:\/\/www.dmca.com\/Protection\/Status.aspx?ID=67ca4b05-34bc-4da9-8f9f-1980f1ca29ec&amp;refurl=https:\/\/www.karekod.org\/index.html\" target=\"_blank\" rel=\"noreferrer noopener\">DMCA.com<\/a> makes no statement of claim the site owner will follow the above detailed copyright infringement removal process as detailed.<\/p>\n\n\n\n<p>If you find this statement has being abused and used in violation with DMCA.com Terms of Service or Terms of Use, please contact compliance_abuse@dmca.com<\/p>\n\n\n\n<p><strong>Copyright infringement claims completed as prescribed above will be processed through: siparis@karekod.org<\/strong><\/p>\n","protected":false},"excerpt":{"rendered":"<p>QAR Ak\u0131ll\u0131 Menu Copyright Infringement Takedown Policy and instructions The following statement with compliance details has been selected as QAR [&hellip;]<\/p>\n","protected":false},"author":1,"featured_media":16279,"parent":0,"menu_order":0,"comment_status":"closed","ping_status":"closed","template":"","meta":{"footnotes":""},"class_list":["post-16278","page","type-page","status-publish","has-post-thumbnail","hentry"],"yoast_head":"<!-- This site is optimized with the Yoast SEO plugin v27.3 - https:\/\/yoast.com\/product\/yoast-seo-wordpress\/ -->\n<title>Compliance Statement - Karekod Blog<\/title>\n<meta name=\"description\" content=\"Compliance Statement: The following statement with compliance details has been selected as QAR Ak\u0131ll\u0131 Menu option for handling copyright..\" \/>\n<meta name=\"robots\" content=\"index, follow, max-snippet:-1, max-image-preview:large, max-video-preview:-1\" \/>\n<link rel=\"canonical\" href=\"https:\/\/www.karekod.org\/blog\/compliance-statement\/\" \/>\n<meta property=\"og:locale\" content=\"tr_TR\" \/>\n<meta property=\"og:type\" content=\"article\" \/>\n<meta property=\"og:title\" content=\"Compliance Statement - Karekod Blog\" \/>\n<meta property=\"og:description\" content=\"Compliance Statement: The following statement with compliance details has been selected as QAR Ak\u0131ll\u0131 Menu option for handling copyright..\" \/>\n<meta property=\"og:url\" content=\"https:\/\/www.karekod.org\/blog\/compliance-statement\/\" \/>\n<meta property=\"og:site_name\" content=\"Karekod Blog\" \/>\n<meta property=\"article:publisher\" content=\"https:\/\/www.facebook.com\/QarMenu\/\" \/>\n<meta property=\"article:modified_time\" content=\"2025-08-14T14:54:12+00:00\" \/>\n<meta property=\"og:image\" content=\"https:\/\/www.karekod.org\/blog\/wp-content\/uploads\/2023\/03\/Ekran-Resmi-2023-03-07-23.08.14.png\" \/>\n\t<meta property=\"og:image:width\" content=\"2504\" \/>\n\t<meta property=\"og:image:height\" content=\"1192\" \/>\n\t<meta property=\"og:image:type\" content=\"image\/png\" \/>\n<meta name=\"twitter:card\" content=\"summary_large_image\" \/>\n<meta name=\"twitter:site\" content=\"@temassizmenu\" \/>\n<meta name=\"twitter:label1\" content=\"Tahmini okuma s\u00fcresi\" \/>\n\t<meta name=\"twitter:data1\" content=\"9 dakika\" \/>\n<script type=\"application\/ld+json\" class=\"yoast-schema-graph\">{\"@context\":\"https:\\\/\\\/schema.org\",\"@graph\":[{\"@type\":[\"Article\",\"BlogPosting\"],\"@id\":\"https:\\\/\\\/www.karekod.org\\\/blog\\\/compliance-statement\\\/#article\",\"isPartOf\":{\"@id\":\"https:\\\/\\\/www.karekod.org\\\/blog\\\/compliance-statement\\\/\"},\"author\":{\"@type\":\"Person\",\"@id\":\"https:\\\/\\\/www.karekod.org\\\/blog\\\/yazar\\\/muharrem-eminoglu\\\/\",\"name\":\"Muharrem Emino\u011flu\",\"url\":\"https:\\\/\\\/www.karekod.org\\\/blog\\\/yazar\\\/muharrem-eminoglu\\\/\",\"image\":{\"@type\":\"ImageObject\",\"url\":\"https:\\\/\\\/www.karekod.org\\\/blog\\\/wp-content\\\/uploads\\\/2026\\\/04\\\/muharrememinoglu-1.webp\"},\"description\":\"SEO, veri analizi ve dijital i\u00e7erik stratejisi alan\u0131nda uzman yazar. Karekod Blog \u00fczerinde g\u00fcncel analizler ve rehber i\u00e7erikler \u00fcretir.\",\"jobTitle\":\"SEO Uzman\u0131 ve Dijital \u0130\u00e7erik \u00dcreticisi\",\"sameAs\":[\"https:\\\/\\\/www.facebook.com\\\/mentor.perplexed\\\/\",\"https:\\\/\\\/www.linkedin.com\\\/in\\\/eminoglu\\\/\",\"https:\\\/\\\/x.com\\\/MentorPerplexed\",\"https:\\\/\\\/www.instagram.com\\\/mentorperplexed\\\/\"]},\"headline\":\"Compliance Statement\",\"datePublished\":\"2023-03-07T20:11:01+00:00\",\"dateModified\":\"2025-08-14T14:54:12+00:00\",\"mainEntityOfPage\":{\"@id\":\"https:\\\/\\\/www.karekod.org\\\/blog\\\/compliance-statement\\\/\"},\"wordCount\":1475,\"publisher\":{\"@id\":\"https:\\\/\\\/www.karekod.org\\\/blog\\\/#organization\"},\"image\":{\"@id\":\"https:\\\/\\\/www.karekod.org\\\/blog\\\/compliance-statement\\\/#primaryimage\"},\"thumbnailUrl\":\"https:\\\/\\\/www.karekod.org\\\/blog\\\/wp-content\\\/uploads\\\/2023\\\/03\\\/Ekran-Resmi-2023-03-07-23.08.14.png\",\"inLanguage\":\"tr\"},{\"@type\":\"WebPage\",\"@id\":\"https:\\\/\\\/www.karekod.org\\\/blog\\\/compliance-statement\\\/\",\"url\":\"https:\\\/\\\/www.karekod.org\\\/blog\\\/compliance-statement\\\/\",\"name\":\"Compliance Statement - Karekod Blog\",\"isPartOf\":{\"@id\":\"https:\\\/\\\/www.karekod.org\\\/blog\\\/#website\"},\"primaryImageOfPage\":{\"@id\":\"https:\\\/\\\/www.karekod.org\\\/blog\\\/compliance-statement\\\/#primaryimage\"},\"image\":{\"@id\":\"https:\\\/\\\/www.karekod.org\\\/blog\\\/compliance-statement\\\/#primaryimage\"},\"thumbnailUrl\":\"https:\\\/\\\/www.karekod.org\\\/blog\\\/wp-content\\\/uploads\\\/2023\\\/03\\\/Ekran-Resmi-2023-03-07-23.08.14.png\",\"datePublished\":\"2023-03-07T20:11:01+00:00\",\"dateModified\":\"2025-08-14T14:54:12+00:00\",\"description\":\"Compliance Statement: The following statement with compliance details has been selected as QAR Ak\u0131ll\u0131 Menu option for handling copyright..\",\"breadcrumb\":{\"@id\":\"https:\\\/\\\/www.karekod.org\\\/blog\\\/compliance-statement\\\/#breadcrumb\"},\"inLanguage\":\"tr\",\"potentialAction\":[{\"@type\":\"ReadAction\",\"target\":[\"https:\\\/\\\/www.karekod.org\\\/blog\\\/compliance-statement\\\/\"]}]},{\"@type\":\"ImageObject\",\"inLanguage\":\"tr\",\"@id\":\"https:\\\/\\\/www.karekod.org\\\/blog\\\/compliance-statement\\\/#primaryimage\",\"url\":\"https:\\\/\\\/www.karekod.org\\\/blog\\\/wp-content\\\/uploads\\\/2023\\\/03\\\/Ekran-Resmi-2023-03-07-23.08.14.png\",\"contentUrl\":\"https:\\\/\\\/www.karekod.org\\\/blog\\\/wp-content\\\/uploads\\\/2023\\\/03\\\/Ekran-Resmi-2023-03-07-23.08.14.png\",\"width\":2504,\"height\":1192,\"caption\":\"DMCA\"},{\"@type\":\"BreadcrumbList\",\"@id\":\"https:\\\/\\\/www.karekod.org\\\/blog\\\/compliance-statement\\\/#breadcrumb\",\"itemListElement\":[{\"@type\":\"ListItem\",\"position\":1,\"name\":\"Ana sayfa\",\"item\":\"https:\\\/\\\/www.karekod.org\\\/blog\\\/\"},{\"@type\":\"ListItem\",\"position\":2,\"name\":\"Compliance Statement\"}]},{\"@type\":\"WebSite\",\"@id\":\"https:\\\/\\\/www.karekod.org\\\/blog\\\/#website\",\"url\":\"https:\\\/\\\/www.karekod.org\\\/blog\\\/\",\"name\":\"Karekod Blog\",\"description\":\"2026 G\u00fcncel Alkol Fiyatlar\u0131 ve Piyasa Rehberi\",\"publisher\":{\"@id\":\"https:\\\/\\\/www.karekod.org\\\/blog\\\/#organization\"},\"alternateName\":\"Karekod Haber\",\"potentialAction\":[{\"@type\":\"SearchAction\",\"target\":{\"@type\":\"EntryPoint\",\"urlTemplate\":\"https:\\\/\\\/www.karekod.org\\\/blog\\\/?s={search_term_string}\"},\"query-input\":{\"@type\":\"PropertyValueSpecification\",\"valueRequired\":true,\"valueName\":\"search_term_string\"}}],\"inLanguage\":\"tr\"},{\"@type\":\"Organization\",\"@id\":\"https:\\\/\\\/www.karekod.org\\\/blog\\\/#organization\",\"name\":\"Karekod Blog\",\"alternateName\":\"Karekod Haber\",\"url\":\"https:\\\/\\\/www.karekod.org\\\/blog\\\/\",\"logo\":{\"@type\":\"ImageObject\",\"inLanguage\":\"tr\",\"@id\":\"https:\\\/\\\/www.karekod.org\\\/blog\\\/#\\\/schema\\\/logo\\\/image\\\/\",\"url\":\"https:\\\/\\\/www.karekod.org\\\/blog\\\/wp-content\\\/uploads\\\/2025\\\/01\\\/cropped-logo.webp\",\"contentUrl\":\"https:\\\/\\\/www.karekod.org\\\/blog\\\/wp-content\\\/uploads\\\/2025\\\/01\\\/cropped-logo.webp\",\"width\":512,\"height\":384,\"caption\":\"Karekod Blog\"},\"image\":{\"@id\":\"https:\\\/\\\/www.karekod.org\\\/blog\\\/#\\\/schema\\\/logo\\\/image\\\/\"},\"sameAs\":[\"https:\\\/\\\/www.facebook.com\\\/QarMenu\\\/\",\"https:\\\/\\\/x.com\\\/temassizmenu\",\"https:\\\/\\\/www.instagram.com\\\/qarmenu\\\/\",\"https:\\\/\\\/www.linkedin.com\\\/company\\\/karekod\\\/\",\"https:\\\/\\\/tr.pinterest.com\\\/dijitalmenu\\\/\",\"https:\\\/\\\/www.youtube.com\\\/@qrmenu\",\"https:\\\/\\\/karekodmenu.tumblr.com\\\/\",\"https:\\\/\\\/karekod.medium.com\\\/\",\"https:\\\/\\\/www.diigo.com\\\/user\\\/karekod\",\"https:\\\/\\\/mastodon.social\\\/@karekod\",\"https:\\\/\\\/vk.com\\\/karekod\",\"https:\\\/\\\/flipboard.com\\\/@karekod\",\"https:\\\/\\\/www.quora.com\\\/profile\\\/Karekod-Haber\",\"https:\\\/\\\/note.com\\\/karekod\"]},{\"@type\":\"Person\",\"@id\":\"https:\\\/\\\/www.karekod.org\\\/blog\\\/#\\\/schema\\\/person\\\/8c87c879aca1c63c7438bf937a5da8bd\",\"name\":\"Muharrem Emino\u011flu\",\"pronouns\":\"he\\\/him\",\"description\":\"Veri analizi ve dijital raporlama s\u00fcre\u00e7lerinde yenilik\u00e7i yakla\u015f\u0131mlar benimseyerek s\u00fcrd\u00fcr\u00fclebilir i\u015f modelleri \u00fczerine \u00e7al\u0131\u015fmalar yap\u0131yorum. Teknoloji, ekonomi ve dijital pazarlama alanlar\u0131nda g\u00fcncel ve g\u00fcvenilir i\u00e7erikler \u00fcretiyorum.\",\"sameAs\":[\"https:\\\/\\\/www.karekod.org\",\"https:\\\/\\\/www.facebook.com\\\/mentor.perplexed\\\/\",\"https:\\\/\\\/www.instagram.com\\\/mentorperplexed\\\/\",\"https:\\\/\\\/www.linkedin.com\\\/in\\\/eminoglu\\\/\",\"https:\\\/\\\/www.pinterest.de\\\/dijitalmenu\\\/\",\"https:\\\/\\\/x.com\\\/temassizmenu\",\"https:\\\/\\\/www.youtube.com\\\/channel\\\/UC_vI-xTP9NegNfIqSGoesGg\",\"https:\\\/\\\/qrmenu.tumblr.com\\\/\"],\"url\":\"https:\\\/\\\/www.karekod.org\\\/blog\\\/yazar\\\/muharrem-eminoglu\\\/\"}]}<\/script>\n<!-- \/ Yoast SEO plugin. -->","yoast_head_json":{"title":"Compliance Statement - Karekod Blog","description":"Compliance Statement: The following statement with compliance details has been selected as QAR Ak\u0131ll\u0131 Menu option for handling copyright..","robots":{"index":"index","follow":"follow","max-snippet":"max-snippet:-1","max-image-preview":"max-image-preview:large","max-video-preview":"max-video-preview:-1"},"canonical":"https:\/\/www.karekod.org\/blog\/compliance-statement\/","og_locale":"tr_TR","og_type":"article","og_title":"Compliance Statement - Karekod Blog","og_description":"Compliance Statement: The following statement with compliance details has been selected as QAR Ak\u0131ll\u0131 Menu option for handling copyright..","og_url":"https:\/\/www.karekod.org\/blog\/compliance-statement\/","og_site_name":"Karekod Blog","article_publisher":"https:\/\/www.facebook.com\/QarMenu\/","article_modified_time":"2025-08-14T14:54:12+00:00","og_image":[{"width":2504,"height":1192,"url":"https:\/\/www.karekod.org\/blog\/wp-content\/uploads\/2023\/03\/Ekran-Resmi-2023-03-07-23.08.14.png","type":"image\/png"}],"twitter_card":"summary_large_image","twitter_site":"@temassizmenu","twitter_misc":{"Tahmini okuma s\u00fcresi":"9 dakika"},"schema":{"@context":"https:\/\/schema.org","@graph":[{"@type":["Article","BlogPosting"],"@id":"https:\/\/www.karekod.org\/blog\/compliance-statement\/#article","isPartOf":{"@id":"https:\/\/www.karekod.org\/blog\/compliance-statement\/"},"author":{"@type":"Person","@id":"https:\/\/www.karekod.org\/blog\/yazar\/muharrem-eminoglu\/","name":"Muharrem Emino\u011flu","url":"https:\/\/www.karekod.org\/blog\/yazar\/muharrem-eminoglu\/","image":{"@type":"ImageObject","url":"https:\/\/www.karekod.org\/blog\/wp-content\/uploads\/2026\/04\/muharrememinoglu-1.webp"},"description":"SEO, veri analizi ve dijital i\u00e7erik stratejisi alan\u0131nda uzman yazar. Karekod Blog \u00fczerinde g\u00fcncel analizler ve rehber i\u00e7erikler \u00fcretir.","jobTitle":"SEO Uzman\u0131 ve Dijital \u0130\u00e7erik \u00dcreticisi","sameAs":["https:\/\/www.facebook.com\/mentor.perplexed\/","https:\/\/www.linkedin.com\/in\/eminoglu\/","https:\/\/x.com\/MentorPerplexed","https:\/\/www.instagram.com\/mentorperplexed\/"]},"headline":"Compliance Statement","datePublished":"2023-03-07T20:11:01+00:00","dateModified":"2025-08-14T14:54:12+00:00","mainEntityOfPage":{"@id":"https:\/\/www.karekod.org\/blog\/compliance-statement\/"},"wordCount":1475,"publisher":{"@id":"https:\/\/www.karekod.org\/blog\/#organization"},"image":{"@id":"https:\/\/www.karekod.org\/blog\/compliance-statement\/#primaryimage"},"thumbnailUrl":"https:\/\/www.karekod.org\/blog\/wp-content\/uploads\/2023\/03\/Ekran-Resmi-2023-03-07-23.08.14.png","inLanguage":"tr"},{"@type":"WebPage","@id":"https:\/\/www.karekod.org\/blog\/compliance-statement\/","url":"https:\/\/www.karekod.org\/blog\/compliance-statement\/","name":"Compliance Statement - Karekod Blog","isPartOf":{"@id":"https:\/\/www.karekod.org\/blog\/#website"},"primaryImageOfPage":{"@id":"https:\/\/www.karekod.org\/blog\/compliance-statement\/#primaryimage"},"image":{"@id":"https:\/\/www.karekod.org\/blog\/compliance-statement\/#primaryimage"},"thumbnailUrl":"https:\/\/www.karekod.org\/blog\/wp-content\/uploads\/2023\/03\/Ekran-Resmi-2023-03-07-23.08.14.png","datePublished":"2023-03-07T20:11:01+00:00","dateModified":"2025-08-14T14:54:12+00:00","description":"Compliance Statement: The following statement with compliance details has been selected as QAR Ak\u0131ll\u0131 Menu option for handling copyright..","breadcrumb":{"@id":"https:\/\/www.karekod.org\/blog\/compliance-statement\/#breadcrumb"},"inLanguage":"tr","potentialAction":[{"@type":"ReadAction","target":["https:\/\/www.karekod.org\/blog\/compliance-statement\/"]}]},{"@type":"ImageObject","inLanguage":"tr","@id":"https:\/\/www.karekod.org\/blog\/compliance-statement\/#primaryimage","url":"https:\/\/www.karekod.org\/blog\/wp-content\/uploads\/2023\/03\/Ekran-Resmi-2023-03-07-23.08.14.png","contentUrl":"https:\/\/www.karekod.org\/blog\/wp-content\/uploads\/2023\/03\/Ekran-Resmi-2023-03-07-23.08.14.png","width":2504,"height":1192,"caption":"DMCA"},{"@type":"BreadcrumbList","@id":"https:\/\/www.karekod.org\/blog\/compliance-statement\/#breadcrumb","itemListElement":[{"@type":"ListItem","position":1,"name":"Ana sayfa","item":"https:\/\/www.karekod.org\/blog\/"},{"@type":"ListItem","position":2,"name":"Compliance Statement"}]},{"@type":"WebSite","@id":"https:\/\/www.karekod.org\/blog\/#website","url":"https:\/\/www.karekod.org\/blog\/","name":"Karekod Blog","description":"2026 G\u00fcncel Alkol Fiyatlar\u0131 ve Piyasa Rehberi","publisher":{"@id":"https:\/\/www.karekod.org\/blog\/#organization"},"alternateName":"Karekod Haber","potentialAction":[{"@type":"SearchAction","target":{"@type":"EntryPoint","urlTemplate":"https:\/\/www.karekod.org\/blog\/?s={search_term_string}"},"query-input":{"@type":"PropertyValueSpecification","valueRequired":true,"valueName":"search_term_string"}}],"inLanguage":"tr"},{"@type":"Organization","@id":"https:\/\/www.karekod.org\/blog\/#organization","name":"Karekod Blog","alternateName":"Karekod Haber","url":"https:\/\/www.karekod.org\/blog\/","logo":{"@type":"ImageObject","inLanguage":"tr","@id":"https:\/\/www.karekod.org\/blog\/#\/schema\/logo\/image\/","url":"https:\/\/www.karekod.org\/blog\/wp-content\/uploads\/2025\/01\/cropped-logo.webp","contentUrl":"https:\/\/www.karekod.org\/blog\/wp-content\/uploads\/2025\/01\/cropped-logo.webp","width":512,"height":384,"caption":"Karekod Blog"},"image":{"@id":"https:\/\/www.karekod.org\/blog\/#\/schema\/logo\/image\/"},"sameAs":["https:\/\/www.facebook.com\/QarMenu\/","https:\/\/x.com\/temassizmenu","https:\/\/www.instagram.com\/qarmenu\/","https:\/\/www.linkedin.com\/company\/karekod\/","https:\/\/tr.pinterest.com\/dijitalmenu\/","https:\/\/www.youtube.com\/@qrmenu","https:\/\/karekodmenu.tumblr.com\/","https:\/\/karekod.medium.com\/","https:\/\/www.diigo.com\/user\/karekod","https:\/\/mastodon.social\/@karekod","https:\/\/vk.com\/karekod","https:\/\/flipboard.com\/@karekod","https:\/\/www.quora.com\/profile\/Karekod-Haber","https:\/\/note.com\/karekod"]},{"@type":"Person","@id":"https:\/\/www.karekod.org\/blog\/#\/schema\/person\/8c87c879aca1c63c7438bf937a5da8bd","name":"Muharrem Emino\u011flu","pronouns":"he\/him","description":"Veri analizi ve dijital raporlama s\u00fcre\u00e7lerinde yenilik\u00e7i yakla\u015f\u0131mlar benimseyerek s\u00fcrd\u00fcr\u00fclebilir i\u015f modelleri \u00fczerine \u00e7al\u0131\u015fmalar yap\u0131yorum. Teknoloji, ekonomi ve dijital pazarlama alanlar\u0131nda g\u00fcncel ve g\u00fcvenilir i\u00e7erikler \u00fcretiyorum.","sameAs":["https:\/\/www.karekod.org","https:\/\/www.facebook.com\/mentor.perplexed\/","https:\/\/www.instagram.com\/mentorperplexed\/","https:\/\/www.linkedin.com\/in\/eminoglu\/","https:\/\/www.pinterest.de\/dijitalmenu\/","https:\/\/x.com\/temassizmenu","https:\/\/www.youtube.com\/channel\/UC_vI-xTP9NegNfIqSGoesGg","https:\/\/qrmenu.tumblr.com\/"],"url":"https:\/\/www.karekod.org\/blog\/yazar\/muharrem-eminoglu\/"}]}},"_links":{"self":[{"href":"https:\/\/www.karekod.org\/blog\/wp-json\/wp\/v2\/pages\/16278","targetHints":{"allow":["GET"]}}],"collection":[{"href":"https:\/\/www.karekod.org\/blog\/wp-json\/wp\/v2\/pages"}],"about":[{"href":"https:\/\/www.karekod.org\/blog\/wp-json\/wp\/v2\/types\/page"}],"author":[{"embeddable":true,"href":"https:\/\/www.karekod.org\/blog\/wp-json\/wp\/v2\/users\/1"}],"replies":[{"embeddable":true,"href":"https:\/\/www.karekod.org\/blog\/wp-json\/wp\/v2\/comments?post=16278"}],"version-history":[{"count":0,"href":"https:\/\/www.karekod.org\/blog\/wp-json\/wp\/v2\/pages\/16278\/revisions"}],"wp:featuredmedia":[{"embeddable":true,"href":"https:\/\/www.karekod.org\/blog\/wp-json\/wp\/v2\/media\/16279"}],"wp:attachment":[{"href":"https:\/\/www.karekod.org\/blog\/wp-json\/wp\/v2\/media?parent=16278"}],"curies":[{"name":"wp","href":"https:\/\/api.w.org\/{rel}","templated":true}]}}