{"id":15441,"date":"2023-02-23T08:21:22","date_gmt":"2023-02-23T05:21:22","guid":{"rendered":"https:\/\/www.karekod.org\/blog\/profile\/"},"modified":"2025-03-05T15:30:16","modified_gmt":"2025-03-05T12:30:16","slug":"profile","status":"publish","type":"page","link":"https:\/\/www.karekod.org\/blog\/profile\/","title":{"rendered":"Profile"},"content":{"rendered":"\n<figure class=\"wp-block-image\"><img decoding=\"async\" src=\"https:\/\/www.karekod.org\/blog\/wp-content\/uploads\/2025\/02\/OFeYFn0N_400x400-140x140.jpg\" alt=\"Muharrem Emino\u011flu\"\/><\/figure>\n\n\n\n<h1 class=\"wp-block-heading\">Muharrem Emino\u011flu<\/h1>\n\n\n\n<p>Veri analizi ile raporlama s\u00fcre\u00e7lerinde yenilik\u00e7i yakla\u015f\u0131mlar benimseyerek s\u00fcrd\u00fcr\u00fclebilir i\u015f modelleri olu\u015fturuyorum. Bili\u015fim sekt\u00f6r\u00fcndeki geli\u015fmeleri ve pazarlama stratejilerindeki yenilikleri yak\u0131ndan takip ediyorum. Bilgi ve deneyimlerimi payla\u015fmaktan keyif al\u0131yor, blog yaz\u0131lar\u0131yla sekt\u00f6re katk\u0131da bulunuyorum.<\/p>\n","protected":false},"excerpt":{"rendered":"<p>Muharrem Emino\u011flu Veri analizi ile raporlama s\u00fcre\u00e7lerinde yenilik\u00e7i yakla\u015f\u0131mlar benimseyerek s\u00fcrd\u00fcr\u00fclebilir i\u015f modelleri olu\u015fturuyorum. Bili\u015fim sekt\u00f6r\u00fcndeki geli\u015fmeleri ve pazarlama stratejilerindeki [&hellip;]<\/p>\n","protected":false},"author":1,"featured_media":0,"parent":0,"menu_order":0,"comment_status":"closed","ping_status":"closed","template":"","meta":{"footnotes":""},"class_list":["post-15441","page","type-page","status-publish","hentry"],"yoast_head":"<!-- This site is optimized with the Yoast SEO plugin v27.4 - https:\/\/yoast.com\/product\/yoast-seo-wordpress\/ -->\n<title>Profile - Karekod Blog<\/title>\n<meta name=\"robots\" content=\"index, follow, max-snippet:-1, max-image-preview:large, max-video-preview:-1\" \/>\n<link rel=\"canonical\" href=\"https:\/\/www.karekod.org\/blog\/profile\/\" \/>\n<meta property=\"og:locale\" content=\"tr_TR\" \/>\n<meta property=\"og:type\" content=\"article\" \/>\n<meta property=\"og:title\" content=\"Profile - Karekod Blog\" \/>\n<meta property=\"og:description\" content=\"Muharrem Emino\u011flu Veri analizi ile raporlama s\u00fcre\u00e7lerinde yenilik\u00e7i yakla\u015f\u0131mlar benimseyerek s\u00fcrd\u00fcr\u00fclebilir i\u015f modelleri olu\u015fturuyorum. Bili\u015fim sekt\u00f6r\u00fcndeki geli\u015fmeleri ve pazarlama stratejilerindeki [&hellip;]\" \/>\n<meta property=\"og:url\" content=\"https:\/\/www.karekod.org\/blog\/profile\/\" \/>\n<meta property=\"og:site_name\" content=\"Karekod Blog\" \/>\n<meta property=\"article:publisher\" content=\"https:\/\/www.facebook.com\/QarMenu\/\" \/>\n<meta property=\"article:modified_time\" content=\"2025-03-05T12:30:16+00:00\" \/>\n<meta property=\"og:image\" content=\"https:\/\/www.karekod.org\/blog\/wp-content\/uploads\/2025\/02\/OFeYFn0N_400x400-140x140.jpg\" \/>\n<meta name=\"twitter:card\" content=\"summary_large_image\" \/>\n<meta name=\"twitter:site\" content=\"@temassizmenu\" \/>\n<meta name=\"twitter:label1\" content=\"Tahmini okuma s\u00fcresi\" \/>\n\t<meta name=\"twitter:data1\" content=\"1 dakika\" \/>\n<script type=\"application\/ld+json\" class=\"yoast-schema-graph\">{\"@context\":\"https:\\\/\\\/schema.org\",\"@graph\":[{\"@type\":[\"Article\",\"BlogPosting\"],\"@id\":\"https:\\\/\\\/www.karekod.org\\\/blog\\\/profile\\\/#article\",\"isPartOf\":{\"@id\":\"https:\\\/\\\/www.karekod.org\\\/blog\\\/profile\\\/\"},\"author\":{\"@type\":\"Person\",\"@id\":\"https:\\\/\\\/www.karekod.org\\\/blog\\\/yazar\\\/muharrem-eminoglu\\\/\",\"name\":\"Muharrem Emino\u011flu\",\"url\":\"https:\\\/\\\/www.karekod.org\\\/blog\\\/yazar\\\/muharrem-eminoglu\\\/\",\"image\":{\"@type\":\"ImageObject\",\"url\":\"https:\\\/\\\/www.karekod.org\\\/blog\\\/wp-content\\\/uploads\\\/2026\\\/04\\\/muharrememinoglu-1.webp\"},\"description\":\"SEO, veri analizi ve dijital i\u00e7erik stratejisi alan\u0131nda uzman yazar. Karekod Blog \u00fczerinde g\u00fcncel analizler ve rehber i\u00e7erikler \u00fcretir.\",\"jobTitle\":\"SEO Uzman\u0131 ve Dijital \u0130\u00e7erik \u00dcreticisi\",\"sameAs\":[\"https:\\\/\\\/www.facebook.com\\\/mentor.perplexed\\\/\",\"https:\\\/\\\/www.linkedin.com\\\/in\\\/eminoglu\\\/\",\"https:\\\/\\\/x.com\\\/MentorPerplexed\",\"https:\\\/\\\/www.instagram.com\\\/mentorperplexed\\\/\"]},\"headline\":\"Profile\",\"datePublished\":\"2023-02-23T05:21:22+00:00\",\"dateModified\":\"2025-03-05T12:30:16+00:00\",\"mainEntityOfPage\":{\"@id\":\"https:\\\/\\\/www.karekod.org\\\/blog\\\/profile\\\/\"},\"wordCount\":56,\"publisher\":{\"@id\":\"https:\\\/\\\/www.karekod.org\\\/blog\\\/#organization\"},\"image\":{\"@id\":\"https:\\\/\\\/www.karekod.org\\\/blog\\\/profile\\\/#primaryimage\"},\"thumbnailUrl\":\"https:\\\/\\\/www.karekod.org\\\/blog\\\/wp-content\\\/uploads\\\/2025\\\/02\\\/OFeYFn0N_400x400-140x140.jpg\",\"inLanguage\":\"tr\"},{\"@type\":\"WebPage\",\"@id\":\"https:\\\/\\\/www.karekod.org\\\/blog\\\/profile\\\/\",\"url\":\"https:\\\/\\\/www.karekod.org\\\/blog\\\/profile\\\/\",\"name\":\"Profile - Karekod Blog\",\"isPartOf\":{\"@id\":\"https:\\\/\\\/www.karekod.org\\\/blog\\\/#website\"},\"primaryImageOfPage\":{\"@id\":\"https:\\\/\\\/www.karekod.org\\\/blog\\\/profile\\\/#primaryimage\"},\"image\":{\"@id\":\"https:\\\/\\\/www.karekod.org\\\/blog\\\/profile\\\/#primaryimage\"},\"thumbnailUrl\":\"https:\\\/\\\/www.karekod.org\\\/blog\\\/wp-content\\\/uploads\\\/2025\\\/02\\\/OFeYFn0N_400x400-140x140.jpg\",\"datePublished\":\"2023-02-23T05:21:22+00:00\",\"dateModified\":\"2025-03-05T12:30:16+00:00\",\"breadcrumb\":{\"@id\":\"https:\\\/\\\/www.karekod.org\\\/blog\\\/profile\\\/#breadcrumb\"},\"inLanguage\":\"tr\",\"potentialAction\":[{\"@type\":\"ReadAction\",\"target\":[\"https:\\\/\\\/www.karekod.org\\\/blog\\\/profile\\\/\"]}]},{\"@type\":\"ImageObject\",\"inLanguage\":\"tr\",\"@id\":\"https:\\\/\\\/www.karekod.org\\\/blog\\\/profile\\\/#primaryimage\",\"url\":\"https:\\\/\\\/www.karekod.org\\\/blog\\\/wp-content\\\/uploads\\\/2025\\\/02\\\/OFeYFn0N_400x400.jpg\",\"contentUrl\":\"https:\\\/\\\/www.karekod.org\\\/blog\\\/wp-content\\\/uploads\\\/2025\\\/02\\\/OFeYFn0N_400x400.jpg\",\"width\":400,\"height\":400,\"caption\":\"Avatar - Muharrem Emino\u011flu\"},{\"@type\":\"BreadcrumbList\",\"@id\":\"https:\\\/\\\/www.karekod.org\\\/blog\\\/profile\\\/#breadcrumb\",\"itemListElement\":[{\"@type\":\"ListItem\",\"position\":1,\"name\":\"Ana sayfa\",\"item\":\"https:\\\/\\\/www.karekod.org\\\/blog\\\/\"},{\"@type\":\"ListItem\",\"position\":2,\"name\":\"Profile\"}]},{\"@type\":\"WebSite\",\"@id\":\"https:\\\/\\\/www.karekod.org\\\/blog\\\/#website\",\"url\":\"https:\\\/\\\/www.karekod.org\\\/blog\\\/\",\"name\":\"Karekod Blog\",\"description\":\"2026 G\u00fcncel Alkol Fiyatlar\u0131 ve Piyasa Rehberi\",\"publisher\":{\"@id\":\"https:\\\/\\\/www.karekod.org\\\/blog\\\/#organization\"},\"alternateName\":\"Karekod Haber\",\"potentialAction\":[{\"@type\":\"SearchAction\",\"target\":{\"@type\":\"EntryPoint\",\"urlTemplate\":\"https:\\\/\\\/www.karekod.org\\\/blog\\\/?s={search_term_string}\"},\"query-input\":{\"@type\":\"PropertyValueSpecification\",\"valueRequired\":true,\"valueName\":\"search_term_string\"}}],\"inLanguage\":\"tr\"},{\"@type\":\"Organization\",\"@id\":\"https:\\\/\\\/www.karekod.org\\\/blog\\\/#organization\",\"name\":\"Karekod Blog\",\"alternateName\":\"Karekod Haber\",\"url\":\"https:\\\/\\\/www.karekod.org\\\/blog\\\/\",\"logo\":{\"@type\":\"ImageObject\",\"inLanguage\":\"tr\",\"@id\":\"https:\\\/\\\/www.karekod.org\\\/blog\\\/#\\\/schema\\\/logo\\\/image\\\/\",\"url\":\"https:\\\/\\\/www.karekod.org\\\/blog\\\/wp-content\\\/uploads\\\/2025\\\/01\\\/cropped-logo.webp\",\"contentUrl\":\"https:\\\/\\\/www.karekod.org\\\/blog\\\/wp-content\\\/uploads\\\/2025\\\/01\\\/cropped-logo.webp\",\"width\":512,\"height\":384,\"caption\":\"Karekod Blog\"},\"image\":{\"@id\":\"https:\\\/\\\/www.karekod.org\\\/blog\\\/#\\\/schema\\\/logo\\\/image\\\/\"},\"sameAs\":[\"https:\\\/\\\/www.facebook.com\\\/QarMenu\\\/\",\"https:\\\/\\\/x.com\\\/temassizmenu\",\"https:\\\/\\\/www.instagram.com\\\/qarmenu\\\/\",\"https:\\\/\\\/www.linkedin.com\\\/company\\\/karekod\\\/\",\"https:\\\/\\\/tr.pinterest.com\\\/dijitalmenu\\\/\",\"https:\\\/\\\/www.youtube.com\\\/@qrmenu\",\"https:\\\/\\\/karekodmenu.tumblr.com\\\/\",\"https:\\\/\\\/karekod.medium.com\\\/\",\"https:\\\/\\\/www.diigo.com\\\/user\\\/karekod\",\"https:\\\/\\\/mastodon.social\\\/@karekod\",\"https:\\\/\\\/vk.com\\\/karekod\",\"https:\\\/\\\/flipboard.com\\\/@karekod\",\"https:\\\/\\\/www.quora.com\\\/profile\\\/Karekod-Haber\",\"https:\\\/\\\/note.com\\\/karekod\"]},{\"@type\":\"Person\",\"@id\":\"https:\\\/\\\/www.karekod.org\\\/blog\\\/#\\\/schema\\\/person\\\/8c87c879aca1c63c7438bf937a5da8bd\",\"name\":\"Muharrem Emino\u011flu\",\"pronouns\":\"he\\\/him\",\"description\":\"Veri analizi ve dijital raporlama s\u00fcre\u00e7lerinde yenilik\u00e7i yakla\u015f\u0131mlar benimseyerek s\u00fcrd\u00fcr\u00fclebilir i\u015f modelleri \u00fczerine \u00e7al\u0131\u015fmalar yap\u0131yorum. Teknoloji, ekonomi ve dijital pazarlama alanlar\u0131nda g\u00fcncel ve g\u00fcvenilir i\u00e7erikler \u00fcretiyorum.\",\"sameAs\":[\"https:\\\/\\\/www.karekod.org\",\"https:\\\/\\\/www.facebook.com\\\/mentor.perplexed\\\/\",\"https:\\\/\\\/www.instagram.com\\\/mentorperplexed\\\/\",\"https:\\\/\\\/www.linkedin.com\\\/in\\\/eminoglu\\\/\",\"https:\\\/\\\/www.pinterest.de\\\/dijitalmenu\\\/\",\"https:\\\/\\\/x.com\\\/temassizmenu\",\"https:\\\/\\\/www.youtube.com\\\/channel\\\/UC_vI-xTP9NegNfIqSGoesGg\",\"https:\\\/\\\/qrmenu.tumblr.com\\\/\"],\"url\":\"https:\\\/\\\/www.karekod.org\\\/blog\\\/yazar\\\/muharrem-eminoglu\\\/\"}]}<\/script>\n<!-- \/ Yoast SEO plugin. -->","yoast_head_json":{"title":"Profile - Karekod Blog","robots":{"index":"index","follow":"follow","max-snippet":"max-snippet:-1","max-image-preview":"max-image-preview:large","max-video-preview":"max-video-preview:-1"},"canonical":"https:\/\/www.karekod.org\/blog\/profile\/","og_locale":"tr_TR","og_type":"article","og_title":"Profile - Karekod Blog","og_description":"Muharrem Emino\u011flu Veri analizi ile raporlama s\u00fcre\u00e7lerinde yenilik\u00e7i yakla\u015f\u0131mlar benimseyerek s\u00fcrd\u00fcr\u00fclebilir i\u015f modelleri olu\u015fturuyorum. Bili\u015fim sekt\u00f6r\u00fcndeki geli\u015fmeleri ve pazarlama stratejilerindeki [&hellip;]","og_url":"https:\/\/www.karekod.org\/blog\/profile\/","og_site_name":"Karekod Blog","article_publisher":"https:\/\/www.facebook.com\/QarMenu\/","article_modified_time":"2025-03-05T12:30:16+00:00","og_image":[{"url":"https:\/\/www.karekod.org\/blog\/wp-content\/uploads\/2025\/02\/OFeYFn0N_400x400-140x140.jpg","type":"","width":"","height":""}],"twitter_card":"summary_large_image","twitter_site":"@temassizmenu","twitter_misc":{"Tahmini okuma s\u00fcresi":"1 dakika"},"schema":{"@context":"https:\/\/schema.org","@graph":[{"@type":["Article","BlogPosting"],"@id":"https:\/\/www.karekod.org\/blog\/profile\/#article","isPartOf":{"@id":"https:\/\/www.karekod.org\/blog\/profile\/"},"author":{"@type":"Person","@id":"https:\/\/www.karekod.org\/blog\/yazar\/muharrem-eminoglu\/","name":"Muharrem Emino\u011flu","url":"https:\/\/www.karekod.org\/blog\/yazar\/muharrem-eminoglu\/","image":{"@type":"ImageObject","url":"https:\/\/www.karekod.org\/blog\/wp-content\/uploads\/2026\/04\/muharrememinoglu-1.webp"},"description":"SEO, veri analizi ve dijital i\u00e7erik stratejisi alan\u0131nda uzman yazar. Karekod Blog \u00fczerinde g\u00fcncel analizler ve rehber i\u00e7erikler \u00fcretir.","jobTitle":"SEO Uzman\u0131 ve Dijital \u0130\u00e7erik \u00dcreticisi","sameAs":["https:\/\/www.facebook.com\/mentor.perplexed\/","https:\/\/www.linkedin.com\/in\/eminoglu\/","https:\/\/x.com\/MentorPerplexed","https:\/\/www.instagram.com\/mentorperplexed\/"]},"headline":"Profile","datePublished":"2023-02-23T05:21:22+00:00","dateModified":"2025-03-05T12:30:16+00:00","mainEntityOfPage":{"@id":"https:\/\/www.karekod.org\/blog\/profile\/"},"wordCount":56,"publisher":{"@id":"https:\/\/www.karekod.org\/blog\/#organization"},"image":{"@id":"https:\/\/www.karekod.org\/blog\/profile\/#primaryimage"},"thumbnailUrl":"https:\/\/www.karekod.org\/blog\/wp-content\/uploads\/2025\/02\/OFeYFn0N_400x400-140x140.jpg","inLanguage":"tr"},{"@type":"WebPage","@id":"https:\/\/www.karekod.org\/blog\/profile\/","url":"https:\/\/www.karekod.org\/blog\/profile\/","name":"Profile - Karekod Blog","isPartOf":{"@id":"https:\/\/www.karekod.org\/blog\/#website"},"primaryImageOfPage":{"@id":"https:\/\/www.karekod.org\/blog\/profile\/#primaryimage"},"image":{"@id":"https:\/\/www.karekod.org\/blog\/profile\/#primaryimage"},"thumbnailUrl":"https:\/\/www.karekod.org\/blog\/wp-content\/uploads\/2025\/02\/OFeYFn0N_400x400-140x140.jpg","datePublished":"2023-02-23T05:21:22+00:00","dateModified":"2025-03-05T12:30:16+00:00","breadcrumb":{"@id":"https:\/\/www.karekod.org\/blog\/profile\/#breadcrumb"},"inLanguage":"tr","potentialAction":[{"@type":"ReadAction","target":["https:\/\/www.karekod.org\/blog\/profile\/"]}]},{"@type":"ImageObject","inLanguage":"tr","@id":"https:\/\/www.karekod.org\/blog\/profile\/#primaryimage","url":"https:\/\/www.karekod.org\/blog\/wp-content\/uploads\/2025\/02\/OFeYFn0N_400x400.jpg","contentUrl":"https:\/\/www.karekod.org\/blog\/wp-content\/uploads\/2025\/02\/OFeYFn0N_400x400.jpg","width":400,"height":400,"caption":"Avatar - Muharrem Emino\u011flu"},{"@type":"BreadcrumbList","@id":"https:\/\/www.karekod.org\/blog\/profile\/#breadcrumb","itemListElement":[{"@type":"ListItem","position":1,"name":"Ana sayfa","item":"https:\/\/www.karekod.org\/blog\/"},{"@type":"ListItem","position":2,"name":"Profile"}]},{"@type":"WebSite","@id":"https:\/\/www.karekod.org\/blog\/#website","url":"https:\/\/www.karekod.org\/blog\/","name":"Karekod Blog","description":"2026 G\u00fcncel Alkol Fiyatlar\u0131 ve Piyasa Rehberi","publisher":{"@id":"https:\/\/www.karekod.org\/blog\/#organization"},"alternateName":"Karekod Haber","potentialAction":[{"@type":"SearchAction","target":{"@type":"EntryPoint","urlTemplate":"https:\/\/www.karekod.org\/blog\/?s={search_term_string}"},"query-input":{"@type":"PropertyValueSpecification","valueRequired":true,"valueName":"search_term_string"}}],"inLanguage":"tr"},{"@type":"Organization","@id":"https:\/\/www.karekod.org\/blog\/#organization","name":"Karekod Blog","alternateName":"Karekod Haber","url":"https:\/\/www.karekod.org\/blog\/","logo":{"@type":"ImageObject","inLanguage":"tr","@id":"https:\/\/www.karekod.org\/blog\/#\/schema\/logo\/image\/","url":"https:\/\/www.karekod.org\/blog\/wp-content\/uploads\/2025\/01\/cropped-logo.webp","contentUrl":"https:\/\/www.karekod.org\/blog\/wp-content\/uploads\/2025\/01\/cropped-logo.webp","width":512,"height":384,"caption":"Karekod Blog"},"image":{"@id":"https:\/\/www.karekod.org\/blog\/#\/schema\/logo\/image\/"},"sameAs":["https:\/\/www.facebook.com\/QarMenu\/","https:\/\/x.com\/temassizmenu","https:\/\/www.instagram.com\/qarmenu\/","https:\/\/www.linkedin.com\/company\/karekod\/","https:\/\/tr.pinterest.com\/dijitalmenu\/","https:\/\/www.youtube.com\/@qrmenu","https:\/\/karekodmenu.tumblr.com\/","https:\/\/karekod.medium.com\/","https:\/\/www.diigo.com\/user\/karekod","https:\/\/mastodon.social\/@karekod","https:\/\/vk.com\/karekod","https:\/\/flipboard.com\/@karekod","https:\/\/www.quora.com\/profile\/Karekod-Haber","https:\/\/note.com\/karekod"]},{"@type":"Person","@id":"https:\/\/www.karekod.org\/blog\/#\/schema\/person\/8c87c879aca1c63c7438bf937a5da8bd","name":"Muharrem Emino\u011flu","pronouns":"he\/him","description":"Veri analizi ve dijital raporlama s\u00fcre\u00e7lerinde yenilik\u00e7i yakla\u015f\u0131mlar benimseyerek s\u00fcrd\u00fcr\u00fclebilir i\u015f modelleri \u00fczerine \u00e7al\u0131\u015fmalar yap\u0131yorum. Teknoloji, ekonomi ve dijital pazarlama alanlar\u0131nda g\u00fcncel ve g\u00fcvenilir i\u00e7erikler \u00fcretiyorum.","sameAs":["https:\/\/www.karekod.org","https:\/\/www.facebook.com\/mentor.perplexed\/","https:\/\/www.instagram.com\/mentorperplexed\/","https:\/\/www.linkedin.com\/in\/eminoglu\/","https:\/\/www.pinterest.de\/dijitalmenu\/","https:\/\/x.com\/temassizmenu","https:\/\/www.youtube.com\/channel\/UC_vI-xTP9NegNfIqSGoesGg","https:\/\/qrmenu.tumblr.com\/"],"url":"https:\/\/www.karekod.org\/blog\/yazar\/muharrem-eminoglu\/"}]}},"_links":{"self":[{"href":"https:\/\/www.karekod.org\/blog\/wp-json\/wp\/v2\/pages\/15441","targetHints":{"allow":["GET"]}}],"collection":[{"href":"https:\/\/www.karekod.org\/blog\/wp-json\/wp\/v2\/pages"}],"about":[{"href":"https:\/\/www.karekod.org\/blog\/wp-json\/wp\/v2\/types\/page"}],"author":[{"embeddable":true,"href":"https:\/\/www.karekod.org\/blog\/wp-json\/wp\/v2\/users\/1"}],"replies":[{"embeddable":true,"href":"https:\/\/www.karekod.org\/blog\/wp-json\/wp\/v2\/comments?post=15441"}],"version-history":[{"count":0,"href":"https:\/\/www.karekod.org\/blog\/wp-json\/wp\/v2\/pages\/15441\/revisions"}],"wp:attachment":[{"href":"https:\/\/www.karekod.org\/blog\/wp-json\/wp\/v2\/media?parent=15441"}],"curies":[{"name":"wp","href":"https:\/\/api.w.org\/{rel}","templated":true}]}}