{"id":127,"date":"2018-11-15T11:18:06","date_gmt":"2018-11-15T11:18:06","guid":{"rendered":"http:\/\/demo.acmethemes.com\/restaurant-recipe\/?page_id=48"},"modified":"2021-09-08T09:14:58","modified_gmt":"2021-09-08T09:14:58","slug":"free-wifi","status":"publish","type":"page","link":"https:\/\/www.karekod.org\/bedretmenu\/free-wifi\/","title":{"rendered":"\u00dccretsiz Wifi"},"content":{"rendered":"<p>Restoran\u0131m\u0131zda\u00a0 <em>\u00fccretsiz ve h\u0131zl\u0131<\/em> Wi-Fi hizmeti vermekteyiz. <i>(<\/i>y\u00fcksek h\u0131zl\u0131\u00a0<em>internet<\/em> eri\u015fimi)<\/p>\n","protected":false},"excerpt":{"rendered":"<p>Restoran\u0131m\u0131zda\u00a0 \u00fccretsiz ve h\u0131zl\u0131 Wi-Fi hizmeti vermekteyiz. (y\u00fcksek h\u0131zl\u0131\u00a0internet eri\u015fimi)<\/p>\n","protected":false},"author":1,"featured_media":0,"parent":0,"menu_order":0,"comment_status":"closed","ping_status":"closed","template":"","meta":{"footnotes":""},"class_list":["post-127","page","type-page","status-publish","hentry"],"_links":{"self":[{"href":"https:\/\/www.karekod.org\/bedretmenu\/wp-json\/wp\/v2\/pages\/127","targetHints":{"allow":["GET"]}}],"collection":[{"href":"https:\/\/www.karekod.org\/bedretmenu\/wp-json\/wp\/v2\/pages"}],"about":[{"href":"https:\/\/www.karekod.org\/bedretmenu\/wp-json\/wp\/v2\/types\/page"}],"author":[{"embeddable":true,"href":"https:\/\/www.karekod.org\/bedretmenu\/wp-json\/wp\/v2\/users\/1"}],"replies":[{"embeddable":true,"href":"https:\/\/www.karekod.org\/bedretmenu\/wp-json\/wp\/v2\/comments?post=127"}],"version-history":[{"count":5,"href":"https:\/\/www.karekod.org\/bedretmenu\/wp-json\/wp\/v2\/pages\/127\/revisions"}],"predecessor-version":[{"id":2551,"href":"https:\/\/www.karekod.org\/bedretmenu\/wp-json\/wp\/v2\/pages\/127\/revisions\/2551"}],"wp:attachment":[{"href":"https:\/\/www.karekod.org\/bedretmenu\/wp-json\/wp\/v2\/media?parent=127"}],"curies":[{"name":"wp","href":"https:\/\/api.w.org\/{rel}","templated":true}]}}